{"id":26,"date":"2020-10-22T12:27:19","date_gmt":"2020-10-22T12:27:19","guid":{"rendered":"http:\/\/wlc.gpedu.com.br\/?page_id=26"},"modified":"2021-11-19T12:51:35","modified_gmt":"2021-11-19T12:51:35","slug":"inscricoes","status":"publish","type":"page","link":"https:\/\/www.unisinos.br\/wlc\/inscricoes\/","title":{"rendered":"Inscri\u00e7\u00f5es"},"content":{"rendered":"<p>[vc_row][vc_column offset=&#8221;vc_hidden-lg vc_hidden-md vc_hidden-sm vc_hidden-xs&#8221;][vc_column_text]\n\t\t\t<!-- START Inscri\u00e7\u00f5es REVOLUTION SLIDER 6.7.38 --><p class=\"rs-p-wp-fix\"><\/p>\n\t\t\t<rs-module-wrap id=\"rev_slider_2_1_wrapper\" data-source=\"gallery\" style=\"visibility:hidden;background:transparent;padding:0;margin:0px auto;margin-top:0;margin-bottom:0;\">\n\t\t\t\t<rs-module id=\"rev_slider_2_1\" style=\"\" data-version=\"6.7.38\">\n\t\t\t\t\t<rs-slides style=\"overflow: hidden; position: absolute;\">\n\t\t\t\t\t\t<rs-slide style=\"position: absolute;\" data-key=\"rs-5\" data-title=\"Slide\" data-anim=\"ms:1000;r:0;\" data-in=\"o:0;\" data-out=\"a:false;\">\n\t\t\t\t\t\t\t<img src=\"\/\/www.unisinos.br\/wlc\/wp-content\/plugins\/revslider\/sr6\/assets\/assets\/dummy.png\" alt=\"Slide\" title=\"Inscri\u00e7\u00f5es\" class=\"rev-slidebg tp-rs-img rs-lazyload\" data-lazyload=\"\/\/www.unisinos.br\/wlc\/wp-content\/plugins\/revslider\/sr6\/assets\/assets\/transparent.png\" data-no-retina>\n<!--\n\t\t\t\t\t\t\t--><a\n\t\t\t\t\t\t\t\tid=\"slider-2-slide-5-layer-4\" \n\t\t\t\t\t\t\t\tclass=\"rs-layer\"\n\t\t\t\t\t\t\t\thref=\"http:\/\/wlc.gpedu.com.br\/estudante\/\" target=\"_self\" rel=\"nofollow\"\n\t\t\t\t\t\t\t\tdata-type=\"image\"\n\t\t\t\t\t\t\t\tdata-rsp_ch=\"on\"\n\t\t\t\t\t\t\t\tdata-xy=\"xo:44px,44px,44px,35px;yo:26px,26px,26px,221px;\"\n\t\t\t\t\t\t\t\tdata-text=\"w:normal;\"\n\t\t\t\t\t\t\t\tdata-dim=\"w:307px,307px,307px,189px;h:167px,167px,167px,103px;\"\n\t\t\t\t\t\t\t\tdata-frame_0=\"sX:0.8;sY:0.8;\"\n\t\t\t\t\t\t\t\tdata-frame_1=\"e:power4.out;sp:1840;\"\n\t\t\t\t\t\t\t\tdata-frame_999=\"o:0;st:w;sR:7160;\"\n\t\t\t\t\t\t\t\tstyle=\"z-index:15;\"\n\t\t\t\t\t\t\t><img src=\"\/\/www.unisinos.br\/wlc\/wp-content\/plugins\/revslider\/sr6\/assets\/assets\/dummy.png\" alt=\"\" class=\"tp-rs-img rs-lazyload\" width=\"610\" height=\"332\" data-lazyload=\"\/\/wlc.gpedu.com.br\/wp-content\/uploads\/2020\/10\/amarelo.png\" data-no-retina> \n\t\t\t\t\t\t\t<\/a><!--\n\n\t\t\t\t\t\t\t--><a\n\t\t\t\t\t\t\t\tid=\"slider-2-slide-5-layer-5\" \n\t\t\t\t\t\t\t\tclass=\"rs-layer\"\n\t\t\t\t\t\t\t\thref=\"http:\/\/wlc.gpedu.com.br\/pesquisador\/\" target=\"_self\" rel=\"nofollow\"\n\t\t\t\t\t\t\t\tdata-type=\"image\"\n\t\t\t\t\t\t\t\tdata-rsp_ch=\"on\"\n\t\t\t\t\t\t\t\tdata-xy=\"xo:467px,467px,467px,32px;yo:33px,33px,33px,318px;\"\n\t\t\t\t\t\t\t\tdata-text=\"w:normal;\"\n\t\t\t\t\t\t\t\tdata-dim=\"w:315px,315px,315px,198px;h:171px,171px,171px,108px;\"\n\t\t\t\t\t\t\t\tdata-frame_0=\"sX:0.8;sY:0.8;\"\n\t\t\t\t\t\t\t\tdata-frame_1=\"e:power4.out;st:1080;sp:1800;sR:1080;\"\n\t\t\t\t\t\t\t\tdata-frame_999=\"o:0;st:w;sR:6120;\"\n\t\t\t\t\t\t\t\tstyle=\"z-index:14;\"\n\t\t\t\t\t\t\t><img src=\"\/\/www.unisinos.br\/wlc\/wp-content\/plugins\/revslider\/sr6\/assets\/assets\/dummy.png\" alt=\"\" class=\"tp-rs-img rs-lazyload\" width=\"610\" height=\"332\" data-lazyload=\"\/\/wlc.gpedu.com.br\/wp-content\/uploads\/2020\/10\/rosa.png\" data-no-retina> \n\t\t\t\t\t\t\t<\/a><!--\n\n\t\t\t\t\t\t\t--><a\n\t\t\t\t\t\t\t\tid=\"slider-2-slide-5-layer-6\" \n\t\t\t\t\t\t\t\tclass=\"rs-layer\"\n\t\t\t\t\t\t\t\thref=\"http:\/\/wlc.gpedu.com.br\/professor\/\" target=\"_self\" rel=\"nofollow\"\n\t\t\t\t\t\t\t\tdata-type=\"image\"\n\t\t\t\t\t\t\t\tdata-rsp_ch=\"on\"\n\t\t\t\t\t\t\t\tdata-xy=\"xo:217px,217px,217px,266px;yo:183px,183px,183px,219px;\"\n\t\t\t\t\t\t\t\tdata-text=\"w:normal;\"\n\t\t\t\t\t\t\t\tdata-dim=\"w:303px,303px,303px,186px;h:165px,165px,165px,101px;\"\n\t\t\t\t\t\t\t\tdata-frame_0=\"sX:0.8;sY:0.8;\"\n\t\t\t\t\t\t\t\tdata-frame_1=\"e:power4.out;st:520;sp:1830;sR:520;\"\n\t\t\t\t\t\t\t\tdata-frame_999=\"o:0;st:w;sR:6650;\"\n\t\t\t\t\t\t\t\tstyle=\"z-index:13;\"\n\t\t\t\t\t\t\t><img src=\"\/\/www.unisinos.br\/wlc\/wp-content\/plugins\/revslider\/sr6\/assets\/assets\/dummy.png\" alt=\"\" class=\"tp-rs-img rs-lazyload\" width=\"610\" height=\"332\" data-lazyload=\"\/\/wlc.gpedu.com.br\/wp-content\/uploads\/2020\/10\/f4ec77cf11c48addf0f2529613b9c3d9.png\" data-no-retina> \n\t\t\t\t\t\t\t<\/a><!--\n\n\t\t\t\t\t\t\t--><a\n\t\t\t\t\t\t\t\tid=\"slider-2-slide-5-layer-7\" \n\t\t\t\t\t\t\t\tclass=\"rs-layer\"\n\t\t\t\t\t\t\t\thref=\"http:\/\/wlc.gpedu.com.br\/visitante\/\" target=\"_self\" rel=\"nofollow\"\n\t\t\t\t\t\t\t\tdata-type=\"image\"\n\t\t\t\t\t\t\t\tdata-rsp_ch=\"on\"\n\t\t\t\t\t\t\t\tdata-xy=\"xo:663px,663px,663px,267px;yo:183px,183px,183px,324px;\"\n\t\t\t\t\t\t\t\tdata-text=\"w:normal;\"\n\t\t\t\t\t\t\t\tdata-dim=\"w:316px,316px,316px,190px;h:172px,172px,172px,103px;\"\n\t\t\t\t\t\t\t\tdata-frame_0=\"sX:0.8;sY:0.8;\"\n\t\t\t\t\t\t\t\tdata-frame_1=\"e:power4.out;st:1620;sp:1830;sR:1620;\"\n\t\t\t\t\t\t\t\tdata-frame_999=\"o:0;st:w;sR:5550;\"\n\t\t\t\t\t\t\t\tstyle=\"z-index:12;\"\n\t\t\t\t\t\t\t><img src=\"\/\/www.unisinos.br\/wlc\/wp-content\/plugins\/revslider\/sr6\/assets\/assets\/dummy.png\" alt=\"\" class=\"tp-rs-img rs-lazyload\" width=\"610\" height=\"332\" data-lazyload=\"\/\/wlc.gpedu.com.br\/wp-content\/uploads\/2020\/10\/verde.png\" data-no-retina> \n\t\t\t\t\t\t\t<\/a><!--\n\n\t\t\t\t\t\t\t--><a\n\t\t\t\t\t\t\t\tid=\"slider-2-slide-5-layer-8\" \n\t\t\t\t\t\t\t\tclass=\"rs-layer\"\n\t\t\t\t\t\t\t\thref=\"http:\/\/wlc.gpedu.com.br\/estudante\/\" target=\"_self\" rel=\"nofollow\"\n\t\t\t\t\t\t\t\tdata-type=\"text\"\n\t\t\t\t\t\t\t\tdata-tsh=\"c:rgba(132,132,132,0.25);h:2px,2px,2px,0px;v:2px,2px,2px,0px;\"\n\t\t\t\t\t\t\t\tdata-rsp_ch=\"on\"\n\t\t\t\t\t\t\t\tdata-xy=\"xo:109px,109px,109px,87px;yo:68px,68px,68px,252px;\"\n\t\t\t\t\t\t\t\tdata-text=\"w:normal;s:36,36,36,17;l:36,36,36,17;fw:600;a:center;\"\n\t\t\t\t\t\t\t\tdata-frame_999=\"o:0;st:w;sR:8700;\"\n\t\t\t\t\t\t\t\tstyle=\"z-index:19;font-family:'Open Sans';\"\n\t\t\t\t\t\t\t>Sou <br \/>\nEstudante \n\t\t\t\t\t\t\t<\/a><!--\n\n\t\t\t\t\t\t\t--><a\n\t\t\t\t\t\t\t\tid=\"slider-2-slide-5-layer-9\" \n\t\t\t\t\t\t\t\tclass=\"rs-layer\"\n\t\t\t\t\t\t\t\thref=\"http:\/\/wlc.gpedu.com.br\/professor\/\" target=\"_self\" rel=\"nofollow\"\n\t\t\t\t\t\t\t\tdata-type=\"text\"\n\t\t\t\t\t\t\t\tdata-tsh=\"c:rgba(132,132,132,0.25);h:2px,2px,2px,0px;v:2px,2px,2px,0px;\"\n\t\t\t\t\t\t\t\tdata-rsp_ch=\"on\"\n\t\t\t\t\t\t\t\tdata-xy=\"xo:282px,282px,282px,322px;yo:226px,226px,226px,249px;\"\n\t\t\t\t\t\t\t\tdata-text=\"w:normal;s:36,36,36,17;l:36,36,36,17;fw:600;a:center;\"\n\t\t\t\t\t\t\t\tdata-frame_999=\"o:0;st:w;sR:8700;\"\n\t\t\t\t\t\t\t\tstyle=\"z-index:18;font-family:'Open Sans';\"\n\t\t\t\t\t\t\t>Sou <br \/>\nProfessor \n\t\t\t\t\t\t\t<\/a><!--\n\n\t\t\t\t\t\t\t--><a\n\t\t\t\t\t\t\t\tid=\"slider-2-slide-5-layer-11\" \n\t\t\t\t\t\t\t\tclass=\"rs-layer\"\n\t\t\t\t\t\t\t\thref=\"http:\/\/wlc.gpedu.com.br\/pesquisador\/\" target=\"_self\" rel=\"nofollow\"\n\t\t\t\t\t\t\t\tdata-type=\"text\"\n\t\t\t\t\t\t\t\tdata-tsh=\"c:rgba(132,132,132,0.25);h:2px,2px,2px,0px;v:2px,2px,2px,0px;\"\n\t\t\t\t\t\t\t\tdata-rsp_ch=\"on\"\n\t\t\t\t\t\t\t\tdata-xy=\"xo:522px,522px,522px,77px;yo:76px,76px,76px,350px;\"\n\t\t\t\t\t\t\t\tdata-text=\"w:normal;s:36,36,36,17;l:36,36,36,17;fw:600;a:center;\"\n\t\t\t\t\t\t\t\tdata-frame_999=\"o:0;st:w;sR:8700;\"\n\t\t\t\t\t\t\t\tstyle=\"z-index:17;font-family:'Open Sans';\"\n\t\t\t\t\t\t\t>Sou <br \/>\nPesquisador \n\t\t\t\t\t\t\t<\/a><!--\n\n\t\t\t\t\t\t\t--><a\n\t\t\t\t\t\t\t\tid=\"slider-2-slide-5-layer-12\" \n\t\t\t\t\t\t\t\tclass=\"rs-layer\"\n\t\t\t\t\t\t\t\thref=\"http:\/\/wlc.gpedu.com.br\/visitante\/\" target=\"_self\" rel=\"nofollow\"\n\t\t\t\t\t\t\t\tdata-type=\"text\"\n\t\t\t\t\t\t\t\tdata-tsh=\"c:rgba(132,132,132,0.25);h:2px,2px,2px,0px;v:2px,2px,2px,0px;\"\n\t\t\t\t\t\t\t\tdata-rsp_ch=\"on\"\n\t\t\t\t\t\t\t\tdata-xy=\"xo:746px,746px,746px,330px;yo:226px,226px,226px,354px;\"\n\t\t\t\t\t\t\t\tdata-text=\"w:normal;s:36,36,36,17;l:36,36,36,17;fw:600;a:center;\"\n\t\t\t\t\t\t\t\tdata-frame_999=\"o:0;st:w;sR:8700;\"\n\t\t\t\t\t\t\t\tstyle=\"z-index:16;font-family:'Open Sans';\"\n\t\t\t\t\t\t\t>Sou <br \/>\nVisitante \n\t\t\t\t\t\t\t<\/a><!--\n-->\t\t\t\t\t<\/rs-slide>\n\t\t\t\t\t<\/rs-slides>\n\t\t\t\t<\/rs-module>\n\t\t\t\t<script>\n\t\t\t\t\tsetREVStartSize({c: 'rev_slider_2_1',rl:[1240,1240,1240,480],el:[530,530,530,450],gw:[1040,1040,1040,480],gh:[530,530,530,450],type:'standard',justify:'',layout:'fullwidth',mh:\"0\"});if (window.RS_MODULES!==undefined && window.RS_MODULES.modules!==undefined && window.RS_MODULES.modules[\"revslider21\"]!==undefined) {window.RS_MODULES.modules[\"revslider21\"].once = false;window.revapi2 = undefined;if (window.RS_MODULES.checkMinimal!==undefined) window.RS_MODULES.checkMinimal()}\n\t\t\t\t<\/script>\n\t\t\t<\/rs-module-wrap>\n\t\t\t<!-- END REVOLUTION SLIDER -->\n[\/vc_column_text][\/vc_column][\/vc_row][vc_row][vc_column offset=&#8221;vc_hidden-lg vc_hidden-md vc_hidden-sm vc_hidden-xs&#8221;][vc_row_inner][vc_column_inner width=&#8221;1\/2&#8243; css=&#8221;.vc_custom_1626290873162{background-image: url(http:\/\/wlc.gpedu.com.br\/wp-content\/uploads\/2020\/11\/DSC_0258-2-1.jpg?id=1020) !important;background-position: center !important;background-repeat: no-repeat !important;background-size: cover !important;}&#8221;][vc_custom_heading text=&#8221;Estudante da Educa\u00e7\u00e3o B\u00e1sica&#8221; font_container=&#8221;tag:h3|text_align:center|color:%23ffffff&#8221; google_fonts=&#8221;font_family:Open%20Sans%3A300%2C300italic%2Cregular%2Citalic%2C600%2C600italic%2C700%2C700italic%2C800%2C800italic|font_style:600%20bold%20regular%3A600%3Anormal&#8221; css_animation=&#8221;fadeInUp&#8221;][vc_empty_space height=&#8221;64px&#8221;][vc_btn title=&#8221;INSCREVA-SE&#8221; color=&#8221;sky&#8221; align=&#8221;center&#8221; link=&#8221;url:http%3A%2F%2Fwww.unisinos.br%2Feventos%2Fv-we-learning-with-the-cibricity-wlc2020-rieonlife2020-ex920432-00001|target:_blank&#8221;][\/vc_column_inner][vc_column_inner width=&#8221;1\/2&#8243; css=&#8221;.vc_custom_1626290901421{background-image: url(http:\/\/wlc.gpedu.com.br\/wp-content\/uploads\/2020\/11\/47320508_2075286445864624_6720681876077412352_n-1.jpg?id=1019) !important;background-position: center !important;background-repeat: no-repeat !important;background-size: cover !important;}&#8221;][vc_custom_heading text=&#8221;Estudante do Ensino Superior&#8221; font_container=&#8221;tag:h3|text_align:center|color:%23ffffff&#8221; google_fonts=&#8221;font_family:Open%20Sans%3A300%2C300italic%2Cregular%2Citalic%2C600%2C600italic%2C700%2C700italic%2C800%2C800italic|font_style:600%20bold%20regular%3A600%3Anormal&#8221; css_animation=&#8221;fadeInUp&#8221;][vc_empty_space height=&#8221;64px&#8221;][vc_btn title=&#8221;INSCREVA-SE&#8221; color=&#8221;pink&#8221; align=&#8221;center&#8221; link=&#8221;url:http%3A%2F%2Fwww.unisinos.br%2Feventos%2Fv-we-learning-with-the-cibricity-wlc2020-rieonlife2020-ex920432-00001|target:_blank&#8221;][\/vc_column_inner][\/vc_row_inner][vc_row_inner][vc_column_inner][vc_empty_space][\/vc_column_inner][\/vc_row_inner][vc_row_inner][vc_column_inner width=&#8221;1\/2&#8243; css=&#8221;.vc_custom_1626290909873{background-image: url(http:\/\/wlc.gpedu.com.br\/wp-content\/uploads\/2020\/11\/DSC_0299-1.jpg?id=1021) !important;background-position: center !important;background-repeat: no-repeat !important;background-size: cover !important;}&#8221;][vc_custom_heading text=&#8221;Professor&#8221; font_container=&#8221;tag:h3|text_align:center|color:%23ffffff&#8221; google_fonts=&#8221;font_family:Open%20Sans%3A300%2C300italic%2Cregular%2Citalic%2C600%2C600italic%2C700%2C700italic%2C800%2C800italic|font_style:600%20bold%20regular%3A600%3Anormal&#8221; css_animation=&#8221;fadeInUp&#8221;][vc_empty_space height=&#8221;64px&#8221;][vc_btn title=&#8221;INSCREVA-SE&#8221; color=&#8221;orange&#8221; align=&#8221;center&#8221; link=&#8221;url:http%3A%2F%2Fwww.unisinos.br%2Feventos%2Fv-we-learning-with-the-cibricity-wlc2020-rieonlife2020-ex920432-00001|target:_blank&#8221;][\/vc_column_inner][vc_column_inner width=&#8221;1\/2&#8243; css=&#8221;.vc_custom_1626290917391{background-image: url(http:\/\/wlc.gpedu.com.br\/wp-content\/uploads\/2020\/11\/WLC2019-Roda-de-conversa-1.jpg?id=1022) !important;background-position: center !important;background-repeat: no-repeat !important;background-size: cover !important;}&#8221;][vc_custom_heading text=&#8221;Pesquisador&#8221; font_container=&#8221;tag:h3|text_align:center|color:%23ffffff&#8221; google_fonts=&#8221;font_family:Open%20Sans%3A300%2C300italic%2Cregular%2Citalic%2C600%2C600italic%2C700%2C700italic%2C800%2C800italic|font_style:600%20bold%20regular%3A600%3Anormal&#8221; css_animation=&#8221;fadeInUp&#8221;][vc_empty_space height=&#8221;64px&#8221;][vc_btn title=&#8221;INSCREVA-SE&#8221; color=&#8221;vista-blue&#8221; align=&#8221;center&#8221; link=&#8221;url:http%3A%2F%2Fwww.unisinos.br%2Feventos%2Fv-we-learning-with-the-cibricity-wlc2020-rieonlife2020-ex920432-00001|target:_blank&#8221;][\/vc_column_inner][\/vc_row_inner][vc_row_inner][vc_column_inner][vc_empty_space][\/vc_column_inner][\/vc_row_inner][vc_row_inner][vc_column_inner width=&#8221;1\/4&#8243;][\/vc_column_inner][vc_column_inner width=&#8221;1\/2&#8243; css=&#8221;.vc_custom_1626290925029{background-image: url(http:\/\/wlc.gpedu.com.br\/wp-content\/uploads\/2020\/12\/WLC2019-2_Easy-Resize.com_-1.jpg?id=1155) !important;background-position: center !important;background-repeat: no-repeat !important;background-size: cover !important;}&#8221;][vc_custom_heading text=&#8221;P\u00fablico Geral&#8221; font_container=&#8221;tag:h3|text_align:center|color:%23ffffff&#8221; google_fonts=&#8221;font_family:Open%20Sans%3A300%2C300italic%2Cregular%2Citalic%2C600%2C600italic%2C700%2C700italic%2C800%2C800italic|font_style:600%20bold%20regular%3A600%3Anormal&#8221; css_animation=&#8221;fadeInUp&#8221;][vc_empty_space height=&#8221;64px&#8221;][vc_btn title=&#8221;INSCREVA-SE&#8221; color=&#8221;chino&#8221; align=&#8221;center&#8221; link=&#8221;url:http%3A%2F%2Fwww.unisinos.br%2Feventos%2Fv-we-learning-with-the-cibricity-wlc2020-rieonlife2020-ex920432-00001|target:_blank&#8221;][\/vc_column_inner][vc_column_inner width=&#8221;1\/4&#8243;][\/vc_column_inner][\/vc_row_inner][\/vc_column][\/vc_row][vc_row][vc_column offset=&#8221;vc_hidden-lg vc_hidden-md vc_hidden-sm vc_hidden-xs&#8221;][vc_empty_space height=&#8221;64px&#8221;][vc_custom_heading text=&#8221;TRABALHOS APROVADOS&#8221; font_container=&#8221;tag:h3|text_align:center|color:%23000000&#8243; google_fonts=&#8221;font_family:Open%20Sans%3A300%2C300italic%2Cregular%2Citalic%2C600%2C600italic%2C700%2C700italic%2C800%2C800italic|font_style:600%20bold%20regular%3A600%3Anormal&#8221; css_animation=&#8221;fadeInUp&#8221; css=&#8221;.vc_custom_1607177445916{padding-bottom: 20px !important;}&#8221;][vc_column_text]<\/p>\n<p style=\"text-align: justify;\"><strong>ATEN\u00c7\u00c3O! Resumos aceitos!<\/strong><\/p>\n<p style=\"text-align: justify;\">Estaremos entrando em contato com os autores, por e-mail, sobre as apresenta\u00e7\u00f5es e repassando os coment\u00e1rios dos avaliadores. Obrigado pela participa\u00e7\u00e3o de todos e parab\u00e9ns para os autores que tiveram seus resumos aceitos.<br \/>\n<strong>(Re)Aprender a ensinar: experi\u00eancias de ensino remoto no ensino b\u00e1sico em meio \u00e0 pandemia<\/strong> &#8211; Denize Terezinha Leal Freitas, Denise Bock de Andrade<br \/>\n<strong>A ARTICULA\u00c7\u00c3O ENTRE TECNOLOGIAS ANAL\u00d3GICAS E DIGITAIS POR MEIO DO GAMEBOOK \u201cGUARDI\u00d5ES DA FLORESTA\u201d: A CONTA\u00c7\u00c3O DE HIST\u00d3RIA PARA A CONSTRU\u00c7\u00c3O DA AUTORIA DISCENTE &#8211;<\/strong> \u00c9rica Cec\u00edlia Noronha Da Boit, Gabrielly Da Boit de Oliveira, Luciana Backes<br \/>\n<strong>A Pr\u00e1tica da Conta\u00e7\u00e3o de Hist\u00f3rias em uma L\u00edngua Inglesa em tempos de pandemia: uma experi\u00eancia de ensino &#8211;<\/strong> Antonio Filipe Maciel Szezecinski, Vera Lucia Felicetti<br \/>\n<strong>Alice no Labirinto da Aprendizagem: a pr\u00e1tica pedag\u00f3gica iMERGE &#8211;<\/strong> Lisiane C\u00e9zar de Oliveira, Jana\u00edna Menezes, Eliane Schlemmer<br \/>\n<strong>CONSTRU\u00c7\u00c3O COOPERATIVA DE MATERIAL DID\u00c1TICO DIGITAL PARA A EDUCA\u00c7\u00c3O B\u00c1SICA:<\/strong> As Aventuras de Pierre e Marie no Mundo Vivo &#8211; Juliani Menezes dos Reis, K\u00e1tia Renata Quinteiro Juliano, Naidi Carmen Gabriel, Luciana Backes, Karen Cardoso Barchinski<br \/>\n<strong>FORMA\u00c7\u00c3O PERMANENTE PARA A PROMO\u00c7\u00c3O DE UMA EDUCA\u00c7\u00c3O OnLIFE &#8211;<\/strong> Gabrielle Alves, Jo\u00e3o Paladini, Eliane Schlemmer<br \/>\n<strong>Games como instrumento de ensino e aprendizagem em cursos de engenharia &#8211;<\/strong> Isadora Cardozo Dias<br \/>\n<strong>GAMIFICANDO A APRENDIZAGEM DE G\u00caNEROS TEXTUAIS &#8211;<\/strong> Glaucia Silva da Rosa<br \/>\n<strong>MARCOS HIST\u00d3RICOS E GEOGR\u00c1FICOS DO ESPA\u00c7O URBANO DA CIDADE DE CASCAVEL NO PARAN\u00c1: UMA VIV\u00caNCIA PEDAG\u00d3GICA POTENCIALIZADA PELAS TDs &#8211;<\/strong> Adelize Trentin Lemes, Ana Maria Marques Palagi, \u00canio Luiz Matos de Souza Junior<br \/>\n<strong>O processo de desenvolvimento do gamebook \u201cAs Aventuras de Manuela\u201d &#8211;<\/strong> Diego D\u00e1vila Borges, Guilherme Mendes Freitas, Kauan da Rosa Lopes, Eduardo Lorini Carneiro<br \/>\n<strong>PODCAST EDUCACIONAL: INTERA\u00c7\u00d5ES E MULTILETRAMENTOS COM ALUNOS RIBEIRINHOS DA E.M. E.F. JOS\u00c9 DO NASCIMENTO NA REDE CONECTAKAT &#8211;<\/strong> Larissa Batista dos Santos, July Helen Valle da Silva, Luciana Backes<br \/>\n<strong>PROJETO ALFABETO M\u00c1GICO &#8211;<\/strong> Ana Cristina Wust, Carla In\u00eas Dillenburg, Marlete Teresinha Gut, Luciana Backes<\/p>\n<p>[\/vc_column_text][\/vc_column][\/vc_row][vc_row][vc_column width=&#8221;1\/3&#8243;][vc_btn title=&#8221;Inscri\u00e7\u00e3o Geral&#8221; color=&#8221;info&#8221; size=&#8221;lg&#8221; align=&#8221;center&#8221; link=&#8221;url:https%3A%2F%2Feventos.asav.org.br%2Fevent%2Fwlc2021%2Fsite%2Fcontent%2Finscricao&#8221;][\/vc_column][vc_column width=&#8221;1\/3&#8243;][vc_btn title=&#8221;Envio de Relato de Professores&#8221; color=&#8221;success&#8221; size=&#8221;lg&#8221; align=&#8221;center&#8221; link=&#8221;url:https%3A%2F%2Fdocs.google.com%2Fforms%2Fd%2Fe%2F1FAIpQLSeTwxMZ2yuGL4I-8OouKXQpVCNzNaFcROny_tmq7Hb7Dxo68g%2Fviewform%3Fusp%3Dsf_link|target:_blank&#8221;][\/vc_column][vc_column width=&#8221;1\/3&#8243;][vc_btn title=&#8221;Envio de Relato de Alunos&#8221; color=&#8221;orange&#8221; size=&#8221;lg&#8221; align=&#8221;center&#8221; link=&#8221;url:https%3A%2F%2Fdocs.google.com%2Fforms%2Fd%2Fe%2F1FAIpQLSdCblxoQKcktVgtDpEoTixNUkjpDXfPSIfdfVHETFU_4MFKSw%2Fviewform%3Fusp%3Dsf_link|target:_blank&#8221;][\/vc_column][\/vc_row][vc_row][vc_column][vc_empty_space height=&#8221;64px&#8221;][\/vc_column][\/vc_row]<\/p>\n","protected":false},"excerpt":{"rendered":"<p>[vc_row][vc_column offset=&#8221;vc_hidden-lg vc_hidden-md vc_hidden-sm vc_hidden-xs&#8221;][vc_column_text][\/vc_column_text][\/vc_column][\/vc_row][vc_row][vc_column offset=&#8221;vc_hidden-lg vc_hidden-md vc_hidden-sm vc_hidden-xs&#8221;][vc_row_inner][vc_column_inner width=&#8221;1\/2&#8243; css=&#8221;.vc_custom_1626290873162{background-image: url(http:\/\/wlc.gpedu.com.br\/wp-content\/uploads\/2020\/11\/DSC_0258-2-1.jpg?id=1020) !important;background-position: center !important;background-repeat: no-repeat !important;background-size: cover !important;}&#8221;][vc_custom_heading text=&#8221;Estudante da Educa\u00e7\u00e3o B\u00e1sica&#8221; font_container=&#8221;tag:h3|text_align:center|color:%23ffffff&#8221; google_fonts=&#8221;font_family:Open%20Sans%3A300%2C300italic%2Cregular%2Citalic%2C600%2C600italic%2C700%2C700italic%2C800%2C800italic|font_style:600%20bold%20regular%3A600%3Anormal&#8221; css_animation=&#8221;fadeInUp&#8221;][vc_empty_space height=&#8221;64px&#8221;][vc_btn title=&#8221;INSCREVA-SE&#8221; color=&#8221;sky&#8221; align=&#8221;center&#8221; link=&#8221;url:http%3A%2F%2Fwww.unisinos.br%2Feventos%2Fv-we-learning-with-the-cibricity-wlc2020-rieonlife2020-ex920432-00001|target:_blank&#8221;][\/vc_column_inner][vc_column_inner width=&#8221;1\/2&#8243; css=&#8221;.vc_custom_1626290901421{background-image: url(http:\/\/wlc.gpedu.com.br\/wp-content\/uploads\/2020\/11\/47320508_2075286445864624_6720681876077412352_n-1.jpg?id=1019) !important;background-position: center !important;background-repeat: no-repeat !important;background-size: cover !important;}&#8221;][vc_custom_heading text=&#8221;Estudante do Ensino Superior&#8221; [&hellip;]<\/p>\n","protected":false},"author":1,"featured_media":0,"parent":0,"menu_order":0,"comment_status":"closed","ping_status":"closed","template":"","meta":[],"_links":{"self":[{"href":"https:\/\/www.unisinos.br\/wlc\/wp-json\/wp\/v2\/pages\/26"}],"collection":[{"href":"https:\/\/www.unisinos.br\/wlc\/wp-json\/wp\/v2\/pages"}],"about":[{"href":"https:\/\/www.unisinos.br\/wlc\/wp-json\/wp\/v2\/types\/page"}],"author":[{"embeddable":true,"href":"https:\/\/www.unisinos.br\/wlc\/wp-json\/wp\/v2\/users\/1"}],"replies":[{"embeddable":true,"href":"https:\/\/www.unisinos.br\/wlc\/wp-json\/wp\/v2\/comments?post=26"}],"version-history":[{"count":93,"href":"https:\/\/www.unisinos.br\/wlc\/wp-json\/wp\/v2\/pages\/26\/revisions"}],"predecessor-version":[{"id":2146,"href":"https:\/\/www.unisinos.br\/wlc\/wp-json\/wp\/v2\/pages\/26\/revisions\/2146"}],"wp:attachment":[{"href":"https:\/\/www.unisinos.br\/wlc\/wp-json\/wp\/v2\/media?parent=26"}],"curies":[{"name":"wp","href":"https:\/\/api.w.org\/{rel}","templated":true}]}}