{"id":1605,"date":"2021-07-31T00:48:18","date_gmt":"2021-07-31T00:48:18","guid":{"rendered":"http:\/\/wlc.gpedu.com.br\/?page_id=1605"},"modified":"2025-07-18T12:18:11","modified_gmt":"2025-07-18T12:18:11","slug":"we-learning-with-the-city","status":"publish","type":"page","link":"https:\/\/www.unisinos.br\/wlc\/we-learning-with-the-city\/","title":{"rendered":"We Learning With the City"},"content":{"rendered":"<p>[vc_row][vc_column]<div class=\"eltdf-section-title-holder\" style=\"text-align: center\">\n\t\t\t<h3 class=\"eltdf-st-title\" >\n\t\t\t<span>We Learning With the City<\/span>\n\t\t<\/h3>\n\t\t<\/div>[vc_empty_space][vc_column_text]<\/p>\n<p style=\"text-align: justify;\"><span style=\"font-weight: 400;\">O WLC2016 foi realizado no dia 05 de dezembro de 2016 no audit\u00f3rio da Unitec, localizado no parque tecnol\u00f3gico da UNISINOS. As escolas participantes da primeira edi\u00e7\u00e3o do evento foram as que primeiro se vincularam ao projeto, a saber, a EMEF Jo\u00e3o Belchior Marques Goulart, EMEF Santa Mart e EMEF Irm\u00e3o Weibert (S\u00e3o Leopoldo\/RS) e a EMEF Jos\u00e9 de Anchieta (Bom Princ\u00edpio\/RS) e GPe-dU. <\/span><span style=\"font-weight: 400;\">O evento teve um total de 150 participantes.<\/span><\/p>\n<p style=\"text-align: justify;\"><span style=\"font-weight: 400;\">Todo o evento foi concebido, organizado e registrado pelos estudantes, com apoio dos professores e dos integrantes do grupo de pesquisa. Para isto, ocorreram duas reuni\u00f5es gerais, com representantes de estudantes de cada escola, nas depend\u00eancias da Unisinos. Na primeira reuni\u00e3o, foi apresentada a proposta de realiza\u00e7\u00e3o do evento e um <\/span><i><span style=\"font-weight: 400;\">brainstorming <\/span><\/i><span style=\"font-weight: 400;\">inicial relacionado \u00e0s atividades a serem desenvolvidas. Os estudantes retornaram para suas escolas com o compromisso de levarem e discutirem a proposta com os colegas, trazendo as ideias para o segundo encontro. Neste, ficou definido que cada escola teria um momento para apresentar seus projetos (20 minutos por escola), seriam realizadas oficinas, haveria um espa\u00e7o para a participa\u00e7\u00e3o dos pais (roda de conversa), uma atividade de integra\u00e7\u00e3o, e o lanche coletivo. Para a abertura e o fechamento seriam realizados com dan\u00e7a, sendo a abertura realizada pelo grupo de Dan\u00e7as Explos\u00e3o, cujo trabalho versa sobre games e o fechamento pelo grupo da EMEF Santa Marta. Foram definidas as comiss\u00f5es de trabalho: tr\u00eas estudantes respons\u00e1veis por organizar o cerimonial e conduzir as atividades do evento, dois representantes por escola para integrar a comiss\u00e3o de cobertura jornal\u00edstica e documenta\u00e7\u00e3o, e as equipes respons\u00e1veis pelas oficinas.<\/span><\/p>\n<div style=\"position: absolute; top: -622910px;\">\n<h1>Hoe Winstwijzer de Opkomst van Crypto Goksites Bestudeert<\/h1>\n<p>De digitale revolutie heeft de gokwereld ingrijpend veranderd, waarbij cryptocurrency een centrale rol speelt in de transformatie van online gokplatforms. Winstwijzer, als toonaangevende autoriteit op het gebied van online gokken, heeft zich toegelegd op het systematisch bestuderen van deze ontwikkelingen. Door middel van uitgebreid onderzoek en analyse volgt het platform de opkomst van crypto goksites en hun impact op de Nederlandse gokmarkt.<\/p>\n<h2>De Evolutie van Cryptocurrency in de Gokwereld<\/h2>\n<p>Sinds de introductie van Bitcoin in 2009 heeft cryptocurrency geleidelijk zijn weg gevonden naar verschillende sectoren, waaronder de gokindustrie. De eerste crypto goksites verschenen rond 2012, toen pioniers zoals SatoshiDice de mogelijkheden van blockchain-technologie voor gokdoeleinden verkenden. Deze vroege platforms boden voornamelijk eenvoudige dobbelspellen aan, maar legden de basis voor wat zou uitgroeien tot een multi-miljard dollar industrie.<\/p>\n<p>Winstwijzer documenteert hoe de ontwikkeling van crypto goksites verschillende fasen heeft doorlopen. Tussen 2013 en 2016 zagen we een periode van experimentatie, waarbij ontwikkelaars de technische mogelijkheden van verschillende cryptocurrencies testten. Ethereum&#8217;s smart contracts, gelanceerd in 2015, brachten een nieuwe dimensie aan crypto gokken door automatisering en transparantie mogelijk te maken.<\/p>\n<p>De periode van 2017 tot 2019 markeerde een explosieve groei in het aantal crypto goksites. Deze groei werd gedreven door de toenemende acceptatie van cryptocurrency in het algemeen en de voordelen die het bood voor online gokken: snellere transacties, lagere kosten en verhoogde privacy. Winstwijzer observeerde dat Nederlandse spelers in deze periode steeds meer interesse toonden in crypto-gebaseerde gokplatforms.<\/p>\n<h2>Onderzoeksmethodologie en Bevindingen<\/h2>\n<p>Winstwijzer hanteert een systematische benadering bij het bestuderen van crypto goksites. Het onderzoeksteam analyseert verschillende aspecten, waaronder technische infrastructuur, spelportfolio&#8217;s, betalingsmethoden, licenties en regelgeving. Deze <a href=\"https:\/\/winstwijzer.com\/cryptocurrency-bookmakers\/\">gedetailleerde analyse<\/a> omvat ook het evalueren van veiligheidsmaatregelen, gebruikerservaring en de integratie van verschillende cryptocurrencies zoals Bitcoin, Ethereum, Litecoin en nieuwere altcoins.<\/p>\n<p>Een belangrijk aspect van het onderzoek betreft de regulatoire uitdagingen waarmee crypto goksites worden geconfronteerd. In Nederland heeft de Kansspelautoriteit (KSA) specifieke richtlijnen ontwikkeld voor het gebruik van cryptocurrency in online gokken. Winstwijzer volgt deze ontwikkelingen nauwlettend en analyseert hoe operators zich aanpassen aan veranderende regelgeving.<\/p>\n<p>De bevindingen tonen aan dat crypto goksites significant verschillen van traditionele online casino&#8217;s. Ze bieden vaak provably fair gaming, waarbij spelers de eerlijkheid van spelresultaten kunnen verifi\u00ebren door middel van cryptografische bewijzen. Dit transparantieniveau was voorheen onmogelijk met conventionele goksystemen.<\/p>\n<p>Winstwijzer heeft ook geconstateerd dat crypto goksites vaak innovatievere bonusstructuren hanteren. In plaats van traditionele welkomstbonussen bieden ze vaak cryptocurrency-specifieke promoties, zoals mining rewards of staking mogelijkheden. Deze unieke benaderingen reflecteren de technische mogelijkheden van blockchain-technologie.<\/p>\n<h2>Trends en Toekomstige Ontwikkelingen<\/h2>\n<p>Het onderzoek van Winstwijzer identificeert verschillende opkomende trends in de crypto gokwereld. Decentralized Finance (DeFi) protocollen worden steeds meer ge\u00efntegreerd in gokplatforms, waardoor spelers kunnen deelnemen aan liquidity mining terwijl ze gokken. Non-Fungible Tokens (NFTs) beginnen ook hun opwachting te maken in crypto casino&#8217;s, waarbij unieke digitale assets worden gebruikt als inzetten of beloningen.<\/p>\n<p>Een andere significante trend is de opkomst van blockchain-gebaseerde sportweddenschappen. Deze platforms bieden real-time settlements en peer-to-peer wedden mogelijkheden die traditionele bookmakers niet kunnen evenaren. Winstwijzer documenteert hoe deze innovaties de verwachtingen van Nederlandse gokkers be\u00efnvloeden.<\/p>\n<p>De integratie van kunstmatige intelligentie en machine learning in crypto goksites is een gebied dat Winstwijzer met bijzondere aandacht volgt. Deze technologie\u00ebn worden gebruikt voor verbeterde gebruikerservaring, fraudedetectie en gepersonaliseerde spelervaring.<\/p>\n<p>Mobiele optimalisatie blijft een cruciale factor in de ontwikkeling van crypto goksites. Winstwijzer observeert dat succesvolle platforms steeds meer investeren in native mobile apps die cryptocurrency transacties naadloos integreren met gaming functionaliteiten.<\/p>\n<p>Door dit uitgebreide onderzoek biedt Winstwijzer Nederlandse spelers essenti\u00eble inzichten in de complexe wereld van crypto gokken. Het platform blijft deze dynamische sector monitoren, waarbij nieuwe ontwikkelingen worden geanalyseerd en gedocumenteerd voor de Nederlandse gokgemeenschap. Deze systematische benadering zorgt ervoor dat spelers ge\u00efnformeerde beslissingen kunnen nemen in een snel evoluerende digitale goklandschap.<\/p>\n<\/div>\n<p>[\/vc_column_text][vc_empty_space]<div class=\"eltdf-portfolio-list-holder eltdf-pl-gallery eltdf-pl-one-column eltdf-pl-normal-space eltdf-pl-info-below-image eltdf-pl-hover-image-zoom\"  data-next-page=\"2\" data-type=\"gallery\" data-number-of-columns=\"1\" data-space-between-items=\"normal\" data-number-of-items=\"-1\" data-image-proportions=\"full\" data-order-by=\"date\" data-order=\"ASC\" data-info-position=\"below-image\" data-image-hover-type2=\"image-zoom\" data-disable-title=\"no\" data-title-tag=\"h4\" data-disable-category=\"no\" data-disable-excerpt=\"yes\" data-excerpt-length=\"20\" data-enable-variable-width=\"no\" data-pagination=\"yes\" data-max-num-pages=\"0\"><div class=\"eltdf-pl-inner clearfix\"><div class=\"eltdf-pl-grid-sizer\"><\/div><div class=\"eltdf-pl-grid-gutter\"><\/div><article class=\"eltdf-pl-item eltdf-box-shadow post-1118 portfolio-item type-portfolio-item status-publish has-post-thumbnail hentry portfolio-category-4 portfolio_category_0 portfolio_category_4 portfolio_category_0\">\n\t<div class=\"eltdf-pl-item-inner\">\n\t\t<div class=\"eltdf-pli-image\">\n                            <div class=\"eltdf-pli-image-shader\" ><\/div>\n            \t\t\t\t\t\t\t<img width=\"960\" height=\"489\" src=\"https:\/\/www.unisinos.br\/wlc\/wp-content\/uploads\/2020\/12\/2016.jpg\" class=\"attachment-full size-full wp-post-image\" alt=\"\" loading=\"lazy\" srcset=\"https:\/\/www.unisinos.br\/wlc\/wp-content\/uploads\/2020\/12\/2016.jpg 960w, https:\/\/www.unisinos.br\/wlc\/wp-content\/uploads\/2020\/12\/2016-300x153.jpg 300w, https:\/\/www.unisinos.br\/wlc\/wp-content\/uploads\/2020\/12\/2016-768x391.jpg 768w\" sizes=\"(max-width: 960px) 100vw, 960px\" \/>\t\t\t\t\t\t\t\t<\/div>\n\t\t\t\t\t<div class=\"eltdf-pli-text-holder\" >\n\t\t\t\t<div class=\"eltdf-pli-text-wrapper\">\n\t\t\t\t\t<div class=\"eltdf-pli-text\" >\n\t\t\t\t\t\t<div class=\"eltdf-pli-text-inner\">\n\t\t\t\t\t\t\t\t\t\t\t\t\t<h4 itemprop=\"name\" class=\"eltdf-pli-title entry-title\" >\n\t\t\t\t\t\t\t\tWe Learning With the City\t\t\t\t\t\t\t<\/h4>\n\t\t\t\t\t\t\n\t\t\t\t\t\t<div class=\"eltdf-ptf-category-holder\" style=\"color: ;\"><span>2016<\/span><\/div>\t\t\t\t\t\n\t\t\t\t\t\t\t\t\t\t\t<\/div>\n\t\t\t<\/div>\n\t\t\t\t<\/div>\n\t\t\t<\/div>\n\t\t\t\t<a itemprop=\"url\" class=\"eltdf-pli-link\" href=\"https:\/\/www.unisinos.br\/wlc\/portfolio-item\/we-learning-with-the-city\/\" target=\"_self\"><\/a>\n\t<\/div>\n<\/article><\/div><\/div>[\/vc_column][\/vc_row]<\/p>\n","protected":false},"excerpt":{"rendered":"<p>[vc_row][vc_column][vc_empty_space][vc_column_text] O WLC2016 foi realizado no dia 05 de dezembro de 2016 no audit\u00f3rio da Unitec, localizado no parque tecnol\u00f3gico da UNISINOS. As escolas participantes da primeira edi\u00e7\u00e3o do evento foram as que primeiro se vincularam ao projeto, a saber, a EMEF Jo\u00e3o Belchior Marques [&hellip;]<\/p>\n","protected":false},"author":1,"featured_media":0,"parent":0,"menu_order":0,"comment_status":"closed","ping_status":"closed","template":"","meta":[],"_links":{"self":[{"href":"https:\/\/www.unisinos.br\/wlc\/wp-json\/wp\/v2\/pages\/1605"}],"collection":[{"href":"https:\/\/www.unisinos.br\/wlc\/wp-json\/wp\/v2\/pages"}],"about":[{"href":"https:\/\/www.unisinos.br\/wlc\/wp-json\/wp\/v2\/types\/page"}],"author":[{"embeddable":true,"href":"https:\/\/www.unisinos.br\/wlc\/wp-json\/wp\/v2\/users\/1"}],"replies":[{"embeddable":true,"href":"https:\/\/www.unisinos.br\/wlc\/wp-json\/wp\/v2\/comments?post=1605"}],"version-history":[{"count":7,"href":"https:\/\/www.unisinos.br\/wlc\/wp-json\/wp\/v2\/pages\/1605\/revisions"}],"predecessor-version":[{"id":2275,"href":"https:\/\/www.unisinos.br\/wlc\/wp-json\/wp\/v2\/pages\/1605\/revisions\/2275"}],"wp:attachment":[{"href":"https:\/\/www.unisinos.br\/wlc\/wp-json\/wp\/v2\/media?parent=1605"}],"curies":[{"name":"wp","href":"https:\/\/api.w.org\/{rel}","templated":true}]}}