{"id":1247,"date":"2021-07-14T21:09:33","date_gmt":"2021-07-14T21:09:33","guid":{"rendered":"http:\/\/wlc.gpedu.com.br\/?page_id=1247"},"modified":"2021-11-10T05:49:03","modified_gmt":"2021-11-10T05:49:03","slug":"submissoes","status":"publish","type":"page","link":"https:\/\/www.unisinos.br\/wlc\/submissoes\/","title":{"rendered":"Submiss\u00f5es"},"content":{"rendered":"<p>[vc_row][vc_column][vc_custom_heading text=&#8221;CHAMADA PARA SUBMISS\u00c3O DE ARTIGOS&#8221; font_container=&#8221;tag:h3|text_align:center&#8221; google_fonts=&#8221;font_family:Open%20Sans%3A300%2C300italic%2Cregular%2Citalic%2C600%2C600italic%2C700%2C700italic%2C800%2C800italic|font_style:800%20bold%20regular%3A800%3Anormal&#8221;][vc_custom_heading text=&#8221;VI WE, LEARNING WITH THE CIBRICITY &#8211; WLC2021 e II RIEOnLIFE 2021&#8243; font_container=&#8221;tag:h3|text_align:center&#8221; google_fonts=&#8221;font_family:Open%20Sans%3A300%2C300italic%2Cregular%2Citalic%2C600%2C600italic%2C700%2C700italic%2C800%2C800italic|font_style:800%20bold%20regular%3A800%3Anormal&#8221;][vc_empty_space][vc_column_text]<span style=\"color: #000000;\"><b>Apresenta\u00e7\u00e3o<\/b><\/span><\/p>\n<p><span style=\"color: #000000;\">Est\u00e3o abertas as inscri\u00e7\u00f5es \u00e0 chamada de\u00a0 artigos ao VI We, Learning with the Cibricity &#8211; WLC &amp; II RIEOnLIFE .<\/span><\/p>\n<p><span style=\"color: #000000;\">Esse evento tem como tema: Desafios para a Educa\u00e7\u00e3o OnLIFE e nosso objetivo \u00e9 criar\/ampliar as coneX\u00f5es com a comunidade, para analisar, discutir e teorizar sobre as aprendizagens dos estudantes, as metodologias e pr\u00e1ticas pedag\u00f3gicas desenvolvidas no contexto da Cibricidade, bem como as aprendizagens de pesquisadores e professores num contexto de Educa\u00e7\u00e3o OnLIFE.<\/span><\/p>\n<p><span style=\"color: #000000;\">Ambos os eventos s\u00e3o organizados por uma equipe que envolve representantes das escolas (estudantes e professores) e integrantes dos Grupos de Pesquisa: Educa\u00e7\u00e3o Digital GPe-dU &#8211; UNISINOS\/CNPq,\u00a0 COTEDIC UNILASALLE\/CNPq, Universidade Aberta de Portugal (UAb), UEMA constituindo um espa\u00e7o prof\u00edcuo para trocas de informa\u00e7\u00f5es e compartilhamento de aprendizagens na perspectiva da Cibricidade, da Cibricidadania e da Ci\u00eancia Cidad\u00e3.<\/span><\/p>\n<p>&nbsp;<\/p>\n<p><span style=\"color: #000000;\"><b>Informa\u00e7\u00f5es Gerais sobre a submiss\u00e3o de artigos:<\/b><\/span><\/p>\n<p><span style=\"color: #000000;\">Informa\u00e7\u00f5es gerais: <a itemprop=\"url\" href=\"http:\/\/wlc.gpedu.com.br\/wp-content\/uploads\/2021\/11\/CHAMADA-Publicacao.docx-PRORROGADOS.pdf\" target=\"_blank\"  class=\"eltdf-btn eltdf-btn-medium eltdf-btn-outline\"  >\n    <span class=\"eltdf-btn-text\">ACESSE AQUI<\/span>\n    <i class=\"eltdf-icon-font-awesome fa  \" ><\/i><\/a><\/span><\/p>\n<p><span style=\"color: #000000;\">Modelo de template de Artigo: <a itemprop=\"url\" href=\"http:\/\/wlc.gpedu.com.br\/wp-content\/uploads\/2021\/07\/Template.docx\" target=\"_blank\"  class=\"eltdf-btn eltdf-btn-medium eltdf-btn-outline\"  >\n    <span class=\"eltdf-btn-text\">ACESSE AQUI<\/span>\n    <i class=\"eltdf-icon-font-awesome fa  \" ><\/i><\/a><\/span><\/p>\n<p><span style=\"color: #000000;\">Modelo de template da Apresenta\u00e7\u00e3o: <a itemprop=\"url\" href=\"http:\/\/wlc.gpedu.com.br\/wp-content\/uploads\/2021\/07\/Modelo-Apresentacao-1.pptx\" target=\"_blank\"  class=\"eltdf-btn eltdf-btn-medium eltdf-btn-outline\"  >\n    <span class=\"eltdf-btn-text\">ACESSE AQUI<\/span>\n    <i class=\"eltdf-icon-font-awesome fa  \" ><\/i><\/a><\/span><\/p>\n<p>&nbsp;<\/p>\n<p><span style=\"color: #000000;\"><strong>P<\/strong><b>razos:<\/b><\/span><\/p>\n<p><span style=\"font-weight: 400; color: #000000;\"><strong>04\/10\/2021<\/strong> prazo final para submiss\u00e3o do artigo;\u00a0<\/span><\/p>\n<p><span style=\"color: #000000;\">Prazo PRORROGADO: <strong>11\/11\/2021<\/strong><\/span><\/p>\n<p><span style=\"font-weight: 400; color: #000000;\"><strong>23\/11\/2021<\/strong> prazo final da notifica\u00e7\u00e3o aos autores;<\/span><\/p>\n<p><span style=\"font-weight: 400; color: #000000;\"><strong>20\/12\/2021<\/strong> prazo final da entrega do artigo.<\/span><\/p>\n<p>&nbsp;<\/p>\n<p><span style=\"color: #000000;\"><strong>E<\/strong><b>ixos tem\u00e1ticos:\u00a0\u00a0\u00a0\u00a0\u00a0<\/b><\/span><\/p>\n<ul>\n<li style=\"font-weight: 400;\" aria-level=\"1\"><span style=\"font-weight: 400; color: #000000;\">Cidadania e desenvolvimento social sustent\u00e1vel\/Cidadania Digital<\/span><\/li>\n<li style=\"font-weight: 400;\" aria-level=\"1\"><span style=\"font-weight: 400; color: #000000;\">Cidade como espa\u00e7o de aprendizagem\/Cidades Educadoras\/Cidades Criativas\/Cidades inteligentes<\/span><\/li>\n<li style=\"font-weight: 400;\" aria-level=\"1\"><span style=\"font-weight: 400; color: #000000;\">Ecossistemas de Inova\u00e7\u00e3o na Educa\u00e7\u00e3o<\/span><\/li>\n<li style=\"font-weight: 400;\" aria-level=\"1\"><span style=\"color: #000000;\">Educa\u00e7\u00e3o H\u00edbrida\/Educa\u00e7\u00e3o OnLIFE<\/span><\/li>\n<li style=\"font-weight: 400;\" aria-level=\"1\"><span style=\"color: #000000;\">Jogos e Gamifica\u00e7\u00e3o na Educa\u00e7\u00e3o<\/span><\/li>\n<li style=\"font-weight: 400;\" aria-level=\"1\"><span style=\"color: #000000;\">Metaversos na Educa\u00e7\u00e3o<\/span><\/li>\n<li style=\"font-weight: 400;\" aria-level=\"1\"><span style=\"font-weight: 400; color: #000000;\">Metodologias e Pr\u00e1ticas Pedag\u00f3gicas no contexto da digitalidade e da conectividade<\/span><\/li>\n<li style=\"font-weight: 400;\" aria-level=\"1\"><span style=\"color: #000000;\">Multimodalidade na Educa\u00e7\u00e3o<\/span><\/li>\n<li style=\"font-weight: 400;\" aria-level=\"1\"><span style=\"font-weight: 400; color: #000000;\">Rob\u00f3tica Inventiva<\/span><\/li>\n<li style=\"font-weight: 400;\" aria-level=\"1\"><span style=\"font-weight: 400; color: #000000;\">Tecnologias, App e Plataformas Digitais na Educa\u00e7\u00e3o<\/span><\/li>\n<li style=\"font-weight: 400;\" aria-level=\"1\"><span style=\"font-weight: 400; color: #000000;\">Transforma\u00e7\u00e3o Digital na Educa\u00e7\u00e3o<\/span><\/li>\n<\/ul>\n<p>[\/vc_column_text][vc_empty_space][vc_row_inner][vc_column_inner offset=&#8221;vc_hidden-lg vc_hidden-md vc_hidden-sm vc_hidden-xs&#8221;][vc_column_text]<b>Coordena\u00e7\u00e3o do VI WLC e II RIEOnLIFE:<\/b><\/p>\n<ul>\n<li style=\"font-weight: 400;\" aria-level=\"1\"><span style=\"font-weight: 400;\">Profa. Dra. Eliane Schlemmer (UNISINOS) \u2013 Coordenadora Geral\u00a0<\/span><\/li>\n<li style=\"font-weight: 400;\" aria-level=\"1\"><span style=\"font-weight: 400;\">Profa. Dra. Luciana Backes (UNILASALLE) \u2013 Vice Coordenadora\u00a0<\/span><\/li>\n<li style=\"font-weight: 400;\" aria-level=\"1\"><span style=\"font-weight: 400;\">Prof. Dr. Jos\u00e9 Ant\u00f3nio Marques Moreira (UAb-Portugal) &#8211; Coordenador Estrangeiro<\/span><\/li>\n<\/ul>\n<p><b>Comiss\u00e3o t\u00e9cnico-cient\u00edfica:<\/b><\/p>\n<ul>\n<li aria-level=\"1\"><b>Patr\u00edcia Scherer Bassani (FEEVALE) &#8211; Presidente<\/b><\/li>\n<\/ul>\n<ul>\n<li aria-level=\"1\"><b>Ana Maria Marques Palagi (SEED\/PR) \u2013 Vice Presidente<\/b><\/li>\n<\/ul>\n<ul>\n<li style=\"font-weight: 400;\" aria-level=\"1\"><span style=\"font-weight: 400;\">Andr\u00e9 Zanki Cordenonsi (UFSM)<\/span><\/li>\n<li style=\"font-weight: 400;\" aria-level=\"1\"><span style=\"font-weight: 400;\">Alex Sandro Gomes (UFPE)<\/span><\/li>\n<li style=\"font-weight: 400;\" aria-level=\"1\"><span style=\"font-weight: 400;\">Ana Lara Casagrande (UFMT)<\/span><\/li>\n<li style=\"font-weight: 400;\" aria-level=\"1\"><span style=\"font-weight: 400;\">Arlete dos Santos Petry (UFRN)<\/span><\/li>\n<li style=\"font-weight: 400;\" aria-level=\"1\"><span style=\"font-weight: 400;\">Bernardo Cortizo de Aguiar (UNISINOS)<\/span><\/li>\n<li style=\"font-weight: 400;\" aria-level=\"1\"><span style=\"font-weight: 400;\">Caroline M\u00fcller (IENH)<\/span><\/li>\n<li style=\"font-weight: 400;\" aria-level=\"1\"><span style=\"font-weight: 400;\">Claudio Cleverson de Lima (Unisinos)<\/span><\/li>\n<li style=\"font-weight: 400;\" aria-level=\"1\"><span style=\"font-weight: 400;\">Daniel de Queiroz Lopes (UFRGS)<\/span><\/li>\n<li style=\"font-weight: 400;\" aria-level=\"1\"><span style=\"font-weight: 400;\">Daniela C. B. P. Lima (UFG)<\/span><\/li>\n<li style=\"font-weight: 400;\" aria-level=\"1\"><span style=\"font-weight: 400;\">Doriedson Alves de Almeida (UFOPA)<\/span><\/li>\n<li style=\"font-weight: 400;\" aria-level=\"1\"><span style=\"font-weight: 400;\">Ederson Luis Locatelli (IC-FUC)\u00a0<\/span><\/li>\n<li style=\"font-weight: 400;\" aria-level=\"1\"><span style=\"font-weight: 400;\">Ednaceli Abreu Damasceno (UFAC)<\/span><\/li>\n<li style=\"font-weight: 400;\" aria-level=\"1\"><span style=\"font-weight: 400;\">Edu Fernandes Lima Jacques Filho (UNISINOS)<\/span><\/li>\n<li style=\"font-weight: 400;\" aria-level=\"1\"><span style=\"font-weight: 400;\">Eduardo Fofonca (UFPR)<\/span><\/li>\n<li style=\"font-weight: 400;\" aria-level=\"1\"><span style=\"font-weight: 400;\">Eucidio Arruda (UFMG)<\/span><\/li>\n<li style=\"font-weight: 400;\" aria-level=\"1\"><span style=\"font-weight: 400;\">Giliane Bernardi (UFSM)<\/span><\/li>\n<li style=\"font-weight: 400;\" aria-level=\"1\"><span style=\"font-weight: 400;\">Ilka M\u00e1rcia Ribeiro de Souza Serra (UEMA)<\/span><\/li>\n<li style=\"font-weight: 400;\" aria-level=\"1\"><span style=\"font-weight: 400;\">Marcia Rangel (UFBA)<\/span><\/li>\n<li style=\"font-weight: 400;\" aria-level=\"1\"><span style=\"font-weight: 400;\">Maria Luisa Furlan Costa (UEM)<\/span><\/li>\n<li style=\"font-weight: 400;\" aria-level=\"1\"><span style=\"font-weight: 400;\">Marcelo de Miranda Lacerda (IFNMG &#8211; PPGE\/Unimontes\/MG)<\/span><\/li>\n<li style=\"font-weight: 400;\" aria-level=\"1\"><span style=\"font-weight: 400;\">Janilse Fernandes Nunes (UFN)<\/span><\/li>\n<li style=\"font-weight: 400;\" aria-level=\"1\"><span style=\"font-weight: 400;\">Jo\u00e3o Batista Carvalho Nunes (UECE)<\/span><\/li>\n<li style=\"font-weight: 400;\" aria-level=\"1\"><span style=\"font-weight: 400;\">Jo\u00e3o Bittencourt (UNISINOS)<\/span><\/li>\n<li style=\"font-weight: 400;\" aria-level=\"1\"><span style=\"font-weight: 400;\">Jos\u00e9 Ant\u00f3nio Marques Moreira (UAb-Portugal)<\/span><\/li>\n<li style=\"font-weight: 400;\" aria-level=\"1\"><span style=\"font-weight: 400;\">Sheila Concei\u00e7\u00e3o Silva Lima (SEMED-Aracaju)<\/span><\/li>\n<li style=\"font-weight: 400;\" aria-level=\"1\"><span style=\"font-weight: 400;\">Simone Lucena (UFSE)<\/span><\/li>\n<li style=\"font-weight: 400;\" aria-level=\"1\"><span style=\"font-weight: 400;\">Susana Cristina dos Reis (UFSM)<\/span><\/li>\n<li style=\"font-weight: 400;\" aria-level=\"1\"><span style=\"font-weight: 400;\">Vera Lucia Felicetti (UNILASALLE)<\/span><\/li>\n<li style=\"font-weight: 400;\" aria-level=\"1\"><span style=\"font-weight: 400;\">Wanderl\u00e9a Dam\u00e1sio (USJ)<\/span><\/li>\n<li style=\"font-weight: 400;\" aria-level=\"1\"><span style=\"font-weight: 400;\">Caroline M\u00fcller (IENH)<\/span><\/li>\n<\/ul>\n<p><span style=\"font-weight: 400;\">Pesquisadores estrangeiros\u00a0<\/span><\/p>\n<ul>\n<li style=\"font-weight: 400;\" aria-level=\"1\"><span style=\"font-weight: 400;\">Aires Zarina Bonif\u00e1cio Mombassa &#8211; Universidade Eduardo Mondlaine &#8211; Mo\u00e7ambique<\/span><\/li>\n<li style=\"font-weight: 400;\" aria-level=\"1\"><span style=\"font-weight: 400;\">Ana Am\u00e9lia Costa da Concei\u00e7\u00e3o Amorim Soares de Carvalho &#8211; Universidade de Coimbra<\/span><\/li>\n<li style=\"font-weight: 400;\" aria-level=\"1\"><span style=\"font-weight: 400;\">Jos\u00e9 Ant\u00f4nio Marques Moreira &#8211; Universidade Aberta de Portugal\u00a0<\/span><\/li>\n<li style=\"font-weight: 400;\" aria-level=\"1\"><span style=\"font-weight: 400;\">Judite Medina do Nascimento &#8211; Universidade de Cabo Verde<\/span><\/li>\n<li style=\"font-weight: 400;\" aria-level=\"1\"><span style=\"font-weight: 400;\">Leonel Caseiro Morgado &#8211; INESC TEC\/UMCLA &#8211; Universidade Aberta de Portugal\u00a0<\/span><\/li>\n<li style=\"font-weight: 400;\" aria-level=\"1\"><span style=\"font-weight: 400;\">Nilsa Pondja Cherinda &#8211; Universidade Eduardo Mondlaine &#8211; Mo\u00e7ambique<\/span><\/li>\n<li style=\"font-weight: 400;\" aria-level=\"1\"><span style=\"font-weight: 400;\">Paulo Maria Bastos da Silva Dias &#8211; Universidade Aberta de Portugal<\/span><\/li>\n<li style=\"font-weight: 400;\" aria-level=\"1\"><span style=\"font-weight: 400;\">Ruth Sofia Contreras Espinosa &#8211; Universidad de Barcelona e Universidade de Vic<\/span><\/li>\n<\/ul>\n<p>[\/vc_column_text][\/vc_column_inner][\/vc_row_inner][\/vc_column][\/vc_row][vc_row][vc_column][vc_empty_space][vc_custom_heading text=&#8221;Sistema de Revis\u00e3o Cega (Blind Review)&#8221; font_container=&#8221;tag:h4|text_align:center&#8221; google_fonts=&#8221;font_family:Open%20Sans%3A300%2C300italic%2Cregular%2Citalic%2C600%2C600italic%2C700%2C700italic%2C800%2C800italic|font_style:800%20bold%20regular%3A800%3Anormal&#8221;][vc_column_text]<\/p>\n<p style=\"text-align: justify;\"><span style=\"color: #000000;\">As submiss\u00f5es ser\u00e3o feitas eletronicamente por meio do eventmaster.\u00a0Os trabalhos ser\u00e3o submetidos no sistema Blind Review (avalia\u00e7\u00e3o\u00a0cega). Nesse sistema, os autores n\u00e3o podem incluir informa\u00e7\u00f5es que permitam a sua identifica\u00e7\u00e3o (nome, filia\u00e7\u00e3o, explicita\u00e7\u00e3o do autor em refer\u00eancias, nomes de projetos etc.). Artigos que desobedecerem ao sistema de Blind Review ser\u00e3o automaticamente rejeitados.<\/span><\/p>\n<p style=\"text-align: center;\"><span style=\"color: #000000;\"><a itemprop=\"url\" href=\"https:\/\/eventos.asav.org.br\/event\/wlc2021\/registration\" target=\"_blank\"  class=\"eltdf-btn eltdf-btn-medium eltdf-btn-outline\"  >\n    <span class=\"eltdf-btn-text\">Clique aqui para fazer sua submiss\u00e3o<\/span>\n    <i class=\"eltdf-icon-font-awesome fa  \" ><\/i><\/a><\/span><\/p>\n<p>[\/vc_column_text][vc_empty_space][\/vc_column][\/vc_row]<\/p>\n","protected":false},"excerpt":{"rendered":"<p>[vc_row][vc_column][vc_custom_heading text=&#8221;CHAMADA PARA SUBMISS\u00c3O DE ARTIGOS&#8221; font_container=&#8221;tag:h3|text_align:center&#8221; google_fonts=&#8221;font_family:Open%20Sans%3A300%2C300italic%2Cregular%2Citalic%2C600%2C600italic%2C700%2C700italic%2C800%2C800italic|font_style:800%20bold%20regular%3A800%3Anormal&#8221;][vc_custom_heading text=&#8221;VI WE, LEARNING WITH THE CIBRICITY &#8211; WLC2021 e II RIEOnLIFE 2021&#8243; font_container=&#8221;tag:h3|text_align:center&#8221; google_fonts=&#8221;font_family:Open%20Sans%3A300%2C300italic%2Cregular%2Citalic%2C600%2C600italic%2C700%2C700italic%2C800%2C800italic|font_style:800%20bold%20regular%3A800%3Anormal&#8221;][vc_empty_space][vc_column_text]Apresenta\u00e7\u00e3o Est\u00e3o abertas as inscri\u00e7\u00f5es \u00e0 chamada de\u00a0 artigos ao VI We, Learning with the Cibricity &#8211; WLC &amp; II RIEOnLIFE . Esse evento [&hellip;]<\/p>\n","protected":false},"author":1,"featured_media":0,"parent":0,"menu_order":0,"comment_status":"closed","ping_status":"closed","template":"","meta":[],"_links":{"self":[{"href":"https:\/\/www.unisinos.br\/wlc\/wp-json\/wp\/v2\/pages\/1247"}],"collection":[{"href":"https:\/\/www.unisinos.br\/wlc\/wp-json\/wp\/v2\/pages"}],"about":[{"href":"https:\/\/www.unisinos.br\/wlc\/wp-json\/wp\/v2\/types\/page"}],"author":[{"embeddable":true,"href":"https:\/\/www.unisinos.br\/wlc\/wp-json\/wp\/v2\/users\/1"}],"replies":[{"embeddable":true,"href":"https:\/\/www.unisinos.br\/wlc\/wp-json\/wp\/v2\/comments?post=1247"}],"version-history":[{"count":55,"href":"https:\/\/www.unisinos.br\/wlc\/wp-json\/wp\/v2\/pages\/1247\/revisions"}],"predecessor-version":[{"id":2095,"href":"https:\/\/www.unisinos.br\/wlc\/wp-json\/wp\/v2\/pages\/1247\/revisions\/2095"}],"wp:attachment":[{"href":"https:\/\/www.unisinos.br\/wlc\/wp-json\/wp\/v2\/media?parent=1247"}],"curies":[{"name":"wp","href":"https:\/\/api.w.org\/{rel}","templated":true}]}}