{"id":99,"date":"2016-07-21T14:52:25","date_gmt":"2016-07-21T14:52:25","guid":{"rendered":"https:\/\/seedinglab.wordpress.com\/?page_id=99"},"modified":"2016-07-21T14:52:25","modified_gmt":"2016-07-21T14:52:25","slug":"caminhos-para-a-sustentabilidade-atraves-do-design","status":"publish","type":"page","link":"https:\/\/www.unisinos.br\/seedinglab\/biblioteca\/livros\/caminhos-para-a-sustentabilidade-atraves-do-design\/","title":{"rendered":"Caminhos para a Sustentabilidade atrav\u00e9s do Design"},"content":{"rendered":"<div>O livro<strong> Caminhos para a Sustentabilidade atrav\u00e9s do Design <\/strong>organizado por Andr\u00e9 Luis Marques da Silveira, Carlo Franzato e Julio van der Linden reflete sobre sustentabilidade tanto no plano das teorias quanto das pr\u00e1ticas, com contribui\u00e7\u00f5es do Brasil, de Portugal e da Argentina. S\u00e3o doze trabalhos que oferecem um panorama sobre as possibilidades do design rumo \u00e0 sustentabilidade.<\/div>\n<div>\u00c0 venda em: <a href=\"http:\/\/www.uniritter.edu.br\/editora\" target=\"_blank\">http:\/\/www.uniritter.edu.br\/editora<\/a><\/div>\n","protected":false},"excerpt":{"rendered":"<p>O livro Caminhos para a Sustentabilidade atrav\u00e9s do Design organizado por Andr\u00e9 Luis Marques da Silveira, Carlo Franzato e Julio van der Linden reflete sobre sustentabilidade tanto no plano das teorias quanto das pr\u00e1ticas, com contribui\u00e7\u00f5es do Brasil, de Portugal e da Argentina. S\u00e3o doze trabalhos que oferecem um panorama sobre as possibilidades do design &hellip; <a href=\"https:\/\/www.unisinos.br\/seedinglab\/biblioteca\/livros\/caminhos-para-a-sustentabilidade-atraves-do-design\/\" class=\"more-link\">Continue lendo <span class=\"screen-reader-text\">Caminhos para a Sustentabilidade atrav\u00e9s do Design<\/span><\/a><\/p>\n","protected":false},"author":1,"featured_media":98,"parent":30,"menu_order":0,"comment_status":"closed","ping_status":"closed","template":"","meta":{"footnotes":""},"class_list":["post-99","page","type-page","status-publish","has-post-thumbnail","hentry","with-featured-image"],"_links":{"self":[{"href":"https:\/\/www.unisinos.br\/seedinglab\/wp-json\/wp\/v2\/pages\/99","targetHints":{"allow":["GET"]}}],"collection":[{"href":"https:\/\/www.unisinos.br\/seedinglab\/wp-json\/wp\/v2\/pages"}],"about":[{"href":"https:\/\/www.unisinos.br\/seedinglab\/wp-json\/wp\/v2\/types\/page"}],"author":[{"embeddable":true,"href":"https:\/\/www.unisinos.br\/seedinglab\/wp-json\/wp\/v2\/users\/1"}],"replies":[{"embeddable":true,"href":"https:\/\/www.unisinos.br\/seedinglab\/wp-json\/wp\/v2\/comments?post=99"}],"version-history":[{"count":0,"href":"https:\/\/www.unisinos.br\/seedinglab\/wp-json\/wp\/v2\/pages\/99\/revisions"}],"up":[{"embeddable":true,"href":"https:\/\/www.unisinos.br\/seedinglab\/wp-json\/wp\/v2\/pages\/30"}],"wp:featuredmedia":[{"embeddable":true,"href":"https:\/\/www.unisinos.br\/seedinglab\/wp-json\/wp\/v2\/media\/98"}],"wp:attachment":[{"href":"https:\/\/www.unisinos.br\/seedinglab\/wp-json\/wp\/v2\/media?parent=99"}],"curies":[{"name":"wp","href":"https:\/\/api.w.org\/{rel}","templated":true}]}}