{"id":95,"date":"2016-07-21T14:50:10","date_gmt":"2016-07-21T14:50:10","guid":{"rendered":"https:\/\/seedinglab.wordpress.com\/?page_id=95"},"modified":"2016-07-21T14:50:10","modified_gmt":"2016-07-21T14:50:10","slug":"design-estrategico-para-a-inovacao-cultural-e-social","status":"publish","type":"page","link":"https:\/\/www.unisinos.br\/seedinglab\/biblioteca\/livros\/design-estrategico-para-a-inovacao-cultural-e-social\/","title":{"rendered":"Design Estrat\u00e9gico para a Inova\u00e7\u00e3o Cultural e Social"},"content":{"rendered":"<p><span id=\"fbPhotoSnowliftCaption\" class=\"fbPhotosPhotoCaption\"><span class=\"hasCaption\">O livro Design estrat\u00e9gico para a Inova\u00e7\u00e3o Cultural e Social organizado pela pesquisadora Karine de Mello Freire, objetiva retratar a trajet\u00f3ria do grupo de Pesquisa Design Estrat\u00e9gico para a Inova\u00e7\u00e3o Cultural e Social \u2013 que estabelece uma conex\u00e3o hist\u00f3rica com o programa de mestrado em Design da Unisinos, com o intuito centrado na perspectiva de desenvolver um es<span class=\"text_exposed_show\">pa\u00e7o de pesquisa transdisciplinar, construindo uma rede de conhecimento a partir das perspectivas do Design, Comunica\u00e7\u00e3o, Arte, Engenharia, Administra\u00e7\u00e3o e Arquitetura, propondo identificar novos olhares sobre os processos socioculturais relevantes para a Inova\u00e7\u00e3o Cultural e Social, nesta labuta empreendida acentua-se a relev\u00e2ncia de al\u00e9m de compreender a complexidade dos saberes envolvidos, estabelecer propostas de solu\u00e7\u00f5es para processos sociais e comunicacionais pela metodologia do design estrat\u00e9gico, \u00e9 not\u00f3rio que no contexto nacional da \u00e1rea, o trabalho do grupo destaca-se por identificar o car\u00e1ter estrat\u00e9gico do design, o que permite o uso de m\u00e9todos e ferramentas que ampliam a perspectiva metaprojetual possibilitando a co-criac\u00e3o e o desenvolvimento de solu\u00e7\u00f5es sist\u00eamicas.<\/span><\/span><\/span><\/p>\n<p>Design Estrat\u00e9gico para a Inova\u00e7\u00e3o Cultural e Social<\/p>\n<p>O design estrat\u00e9gico enfatiza o estudo das estrat\u00e9gias elaboradas pelo design para orientar a a\u00e7\u00e3o projetual e, sobretudo, a a\u00e7\u00e3o organizacional em dire\u00e7\u00e3o \u00e0 inova\u00e7\u00e3o e \u00e0 sustentabilidade. Essas estrat\u00e9gias s\u00e3o elaboradas por processo que envolve todo o seu ecossistema de atua\u00e7\u00e3o: o meio organizacional (escrit\u00f3rios de design, empresas e demais organiza\u00e7\u00f5es), o mercado, a sociedade e o meio-ambiente. Assim, o processo de design \u00e9 considerado e desenvolvido no \u00e2mbito das m\u00faltiplas rela\u00e7\u00f5es instauradas na a\u00e7\u00e3o projetual, com implica\u00e7\u00f5es metodol\u00f3gicas relevantes. Esse enfoque desloca-se do processo de design em si para o conjunto de rela\u00e7\u00f5es que esses ecossistemas desenvolvem entre si. O designer torna-se o principal ator de uma ampla rede de atores que contribuem direta ou indiretamente para o desenvolvimento das estrat\u00e9gias organizacionais, incluindo os usu\u00e1rios, os membros da comunidade, os cidad\u00e3os e as pessoas em geral. Nesse processo, as compet\u00eancias t\u00e9cnicas de design transformam-se em plataforma transdisciplinar que sustenta a converg\u00eancia dos especialistas e dos demais atores que integram essa produtiva rede de colabora\u00e7\u00e3o. Para tanto, \u00e9 determinante a capacidade de tornar as estrat\u00e9gias vis\u00edveis para todos os atores, de maneira a promover o di\u00e1logo e a constru\u00e7\u00e3o coletiva. Os artefatos resultantes s\u00e3o interpretados criticamente pela inova\u00e7\u00e3o que produzem e s\u00e3o avaliados pela sua sustentabilidade.<\/p>\n<p>Dessa forma, do processo de design resulta um percurso para elaborar, exercitar e, ent\u00e3o, fazer evoluir as estrat\u00e9gias organizacionais. \u00c9 na a\u00e7\u00e3o projetual que o design estrat\u00e9gico trabalha a instabilidade de seu ecossistema, tra\u00e7o respons\u00e1vel pela sua constante evolu\u00e7\u00e3o. Nesse sentido, a capacidade de leitura e interpreta\u00e7\u00e3o dos sinais emitidos pelo ecossistema, aliada \u00e0 projeta\u00e7\u00e3o por cen\u00e1rios, \u00e9 o cerne dos processos de design, uma vez que permite considerar o regular, o evidente e o poss\u00edvel, mas tamb\u00e9m o imprevis\u00edvel, o acaso, a deriva ou o erro.<\/p>\n<p>O design estrat\u00e9gico dialoga com as diversas \u00e1reas de conhecimento e com elas colabora pela sua capacidade de inovar e criar valor, da mesma forma que se beneficia do valor agregado pelos avan\u00e7os projetuais, pelas pr\u00e1ticas processuais e pelas tecnologias desenvolvidas e disponibilizadas por outras esferas de conhecimento t\u00e9cnico, cultural ou cient\u00edfico. Essas rela\u00e7\u00f5es de complementaridade s\u00e3o indispens\u00e1veis para que se agreguem \u00e0 tradi\u00e7\u00e3o j\u00e1 constru\u00edda pelo design, compet\u00eancias criativas, hermen\u00eauticas e cr\u00edticas diferenciadas.<\/p>\n<p>O design estrat\u00e9gico, assim compreendido, permite a configura\u00e7\u00e3o da forma, fun\u00e7\u00e3o, valor e sentido de propostas integrais de a\u00e7\u00f5es configurantes das sociedades e organiza\u00e7\u00f5es protagonizadas pelas pessoas.<\/p>\n<p>Ele transcende, portanto, a oferta de produtos ou servi\u00e7os singulares, e considera como um todo sist\u00eamico os valores dos grupos sociais, as estruturas das organiza\u00e7\u00f5es, as diferen\u00e7as dos contextos socioculturais, o potencial das tecnologias e das redes, os efeitos de sentido desejados e a comunica\u00e7\u00e3o de processos e de resultados. Assim compreendido, o efeito mais significativo do design estrat\u00e9gico, \u00e9, entretanto, a organiza\u00e7\u00e3o e a cont\u00ednua reorganiza\u00e7\u00e3o das rela\u00e7\u00f5es e das atividades que s\u00e3o desenvolvidas no ecossistema das empresas p\u00fablicas e privadas, das ONGs e das demais organiza\u00e7\u00f5es. \u00c9 o que lhes permite evoluir de modo sustent\u00e1vel para o benef\u00edcio de todos os integrantes desse processo, nos segmentos de pesquisa (fundamentos da inova\u00e7\u00e3o), desenvolvimento (produ\u00e7\u00e3o e comercializa\u00e7\u00e3o) e inova\u00e7\u00e3o (gera\u00e7\u00e3o de riqueza).<\/p>\n<p>Se, para tanto, \u00e9 solicitado o concurso de todos os segmentos e esferas socioculturais, \u00e9 poss\u00edvel pretender que a \u00e1rea do design, como um dos campos de produ\u00e7\u00e3o de conhecimento, possa colocar seu potencial criativo a servi\u00e7o da \u201cmaneira de viver daqui em diante sobre esse planeta, no contexto da acelera\u00e7\u00e3o das muta\u00e7\u00f5es t\u00e9cnico-cient\u00edficas e do consider\u00e1vel crescimento demogr\u00e1fico\u201d (GUATTARI, 2007, p. 8). \u00c9 nessa perspectiva que a pr\u00e1tica de processos projetuais criativos emerge como alternativa de sobreviv\u00eancia, afirma\u00e7\u00e3o de diferen\u00e7a e como esfor\u00e7o de qualifica\u00e7\u00e3o de contextos de vida. \u00c9 assim que o design pode atuar de forma estrat\u00e9gica, abrindo-se para as intera\u00e7\u00f5es sist\u00eamicas entre o homem e seu meio, resgatando a ideia de uma ecologia do artificial, como prop\u00f5e Manzini (1990). Essa perspectiva leva a integrar o design no rol das disciplinas associadas ao pensamento sobre sustentabilidade, aproximando cultura de projeto das l\u00f3gicas imanentes aos cuidados relativos ao desenvolvimento e preserva\u00e7\u00e3o dos ecossistemas planet\u00e1rios. O design assume, portanto,sua agentividade face \u00e0 modeliza\u00e7\u00e3o do mundo, de tal sorte que traz para si a responsabilidade diante dos contornos globais da vida. \u00c9 nessa medida que o design aproxima-se das ci\u00eancias da vida e da terra. O design, articulado nesse processo, assume sua envergadura de um pensar e de um fazer comprometidos com a vida: engajando-se no desenvolvimento de projetos de inova\u00e7\u00e3o social e cultural cujo sentido \u00e9 a articula\u00e7\u00e3o harm\u00f4nica entre os diferentes ecossistemas; identificando potencialidades, fragilidades, oportunidades ou amea\u00e7as, mapeando o contexto e as tend\u00eancias; projetando, por fim, cen\u00e1rios; e desenvolvendo artefatos, servi\u00e7os, experi\u00eancias e cultura, com o prop\u00f3sito estruturante de permitir aos coletivos organizados avan\u00e7arem em seus projetos de qualifica\u00e7\u00e3o de si e dos contextos de vida. (Fragmento do livro Design Estrat\u00e9gico)<\/p>\n<p>\u00e0 venda em:<\/p>\n<p><a href=\"http:\/\/www.editorakazua.net\/catalogo\/design-estrategico-para-a-inovacao-cultural-e-social-organizacao-de-karine-de-mello-freire\" target=\"_blank\" rel=\"nofollow nofollow\">http:\/\/www.editorakazua.net\/catalogo\/design-estrategico-para-a-inovacao-cultural-e-social-organizacao-de-karine-de-mello-freire<\/a><\/p>\n<p><a href=\"http:\/\/www.livrariacultura.com.br\/p\/design-estrategico-para-a-inovacao-cultural-e-46064217?id_link=8787&amp;adtype=pla&amp;gclid=CMjvnvynmsgCFY2BkQoda_gOiw\" target=\"_blank\" rel=\"nofollow nofollow\">http:\/\/www.livrariacultura.com.br\/p\/design-estrategico-para-a-inovacao-cultural-e-46064217?id_link=8787&amp;adtype=pla&amp;gclid=CMjvnvynmsgCFY2BkQoda_gOiw<\/a><\/p>\n","protected":false},"excerpt":{"rendered":"<p>O livro Design estrat\u00e9gico para a Inova\u00e7\u00e3o Cultural e Social organizado pela pesquisadora Karine de Mello Freire, objetiva retratar a trajet\u00f3ria do grupo de Pesquisa Design Estrat\u00e9gico para a Inova\u00e7\u00e3o Cultural e Social \u2013 que estabelece uma conex\u00e3o hist\u00f3rica com o programa de mestrado em Design da Unisinos, com o intuito centrado na perspectiva de &hellip; <a href=\"https:\/\/www.unisinos.br\/seedinglab\/biblioteca\/livros\/design-estrategico-para-a-inovacao-cultural-e-social\/\" class=\"more-link\">Continue lendo <span class=\"screen-reader-text\">Design Estrat\u00e9gico para a Inova\u00e7\u00e3o Cultural e Social<\/span><\/a><\/p>\n","protected":false},"author":1,"featured_media":44,"parent":30,"menu_order":0,"comment_status":"closed","ping_status":"closed","template":"","meta":{"footnotes":""},"class_list":["post-95","page","type-page","status-publish","has-post-thumbnail","hentry","with-featured-image"],"_links":{"self":[{"href":"https:\/\/www.unisinos.br\/seedinglab\/wp-json\/wp\/v2\/pages\/95","targetHints":{"allow":["GET"]}}],"collection":[{"href":"https:\/\/www.unisinos.br\/seedinglab\/wp-json\/wp\/v2\/pages"}],"about":[{"href":"https:\/\/www.unisinos.br\/seedinglab\/wp-json\/wp\/v2\/types\/page"}],"author":[{"embeddable":true,"href":"https:\/\/www.unisinos.br\/seedinglab\/wp-json\/wp\/v2\/users\/1"}],"replies":[{"embeddable":true,"href":"https:\/\/www.unisinos.br\/seedinglab\/wp-json\/wp\/v2\/comments?post=95"}],"version-history":[{"count":0,"href":"https:\/\/www.unisinos.br\/seedinglab\/wp-json\/wp\/v2\/pages\/95\/revisions"}],"up":[{"embeddable":true,"href":"https:\/\/www.unisinos.br\/seedinglab\/wp-json\/wp\/v2\/pages\/30"}],"wp:featuredmedia":[{"embeddable":true,"href":"https:\/\/www.unisinos.br\/seedinglab\/wp-json\/wp\/v2\/media\/44"}],"wp:attachment":[{"href":"https:\/\/www.unisinos.br\/seedinglab\/wp-json\/wp\/v2\/media?parent=95"}],"curies":[{"name":"wp","href":"https:\/\/api.w.org\/{rel}","templated":true}]}}