{"id":795,"date":"2021-09-28T16:42:32","date_gmt":"2021-09-28T19:42:32","guid":{"rendered":"https:\/\/www.unisinos.br\/seedinglab\/?page_id=795"},"modified":"2021-09-28T16:48:13","modified_gmt":"2021-09-28T19:48:13","slug":"relatorios","status":"publish","type":"page","link":"https:\/\/www.unisinos.br\/seedinglab\/biblioteca\/relatorios\/","title":{"rendered":"Relat\u00f3rios"},"content":{"rendered":"<p style=\"text-align: justify;\"><img loading=\"lazy\" decoding=\"async\" class=\"alignleft size-medium wp-image-707\" src=\"https:\/\/www.unisinos.br\/seedinglab\/wp-content\/uploads\/2021\/08\/Capa-relat\u00f3rio-WS-300x187.jpg\" alt=\"capa-relatorio-ws\" width=\"300\" height=\"187\" srcset=\"https:\/\/www.unisinos.br\/seedinglab\/wp-content\/uploads\/2021\/08\/Capa-relat\u00f3rio-WS-300x187.jpg 300w, https:\/\/www.unisinos.br\/seedinglab\/wp-content\/uploads\/2021\/08\/Capa-relat\u00f3rio-WS-768x478.jpg 768w, https:\/\/www.unisinos.br\/seedinglab\/wp-content\/uploads\/2021\/08\/Capa-relat\u00f3rio-WS-610x380.jpg 610w, https:\/\/www.unisinos.br\/seedinglab\/wp-content\/uploads\/2021\/08\/Capa-relat\u00f3rio-WS.jpg 901w\" sizes=\"auto, (max-width: 300px) 100vw, 300px\" \/>O projeto Workshop Cen\u00e1rios de Educa\u00e7\u00e3o 2026 tem como objetivo a realiza\u00e7\u00e3o de uma pr\u00e1tica projetual em Design Estrat\u00e9gico, buscando a constru\u00e7\u00e3o de cen\u00e1rios para a educa\u00e7\u00e3o em 2026. O mesmo faz parte de uma atividade acad\u00eamica do doutorado em Design Estrat\u00e9gico e dessa forma, al\u00e9m da entrega da constru\u00e7\u00e3o de possibilidades futuras, busca-se o aprofundamento na metodologia de pr\u00e1tica do design. Para isso, investigamos as diferentes abordagens de pesquisa em design e trabalhos aplicados dentro do programa de p\u00f3s-gradua\u00e7\u00e3o e em outros espa\u00e7os de di\u00e1logo com o Design Estrat\u00e9gico. A partir desta constru\u00e7\u00e3o, elegemos o workshop como uma das principais ferramentas de trabalho para operacionalizar a abordagem de Design Estrat\u00e9gico, construindo valor para organiza\u00e7\u00f5es, e no caso espec\u00edfico para as escolas. Nesse contexto prop\u00f5e-se a aplica\u00e7\u00e3o com um grupo de profissionais da educa\u00e7\u00e3o vinculados ao OBECI \u2013 Observat\u00f3rio da Cultura Infantil, de modo experimental, projetando cen\u00e1rios futuros e a constru\u00e7\u00e3o de aprendizagem para os integrantes do workshop. Ao final iremos avaliar os resultados e tamb\u00e9m o processo de desenvolvimento do workshop, para compreender as potencialidades e eventuais melhorias para o uso deste recurso projetual no contexto educacional, orientado pelo Design Estrat\u00e9gico.<\/p>\n<p>Link:\u00a0<a href=\"https:\/\/www.unisinos.br\/seedinglab\/wp-content\/uploads\/2021\/09\/Workshop-Cen\u00e1rios-da-Educa\u00e7\u00e3o-2026-Relat\u00f3rio-Final.pdf\">workshop-cenarios-da-educacao-2026-relatorio-final<\/a><\/p>\n","protected":false},"excerpt":{"rendered":"<p>O projeto Workshop Cen\u00e1rios de Educa\u00e7\u00e3o 2026 tem como objetivo a realiza\u00e7\u00e3o de uma pr\u00e1tica projetual em Design Estrat\u00e9gico, buscando a constru\u00e7\u00e3o de cen\u00e1rios para a educa\u00e7\u00e3o em 2026. O mesmo faz parte de uma atividade acad\u00eamica do doutorado em Design Estrat\u00e9gico e dessa forma, al\u00e9m da entrega da constru\u00e7\u00e3o de possibilidades futuras, busca-se o &hellip; <a href=\"https:\/\/www.unisinos.br\/seedinglab\/biblioteca\/relatorios\/\" class=\"more-link\">Continue lendo <span class=\"screen-reader-text\">Relat\u00f3rios<\/span><\/a><\/p>\n","protected":false},"author":12,"featured_media":0,"parent":14,"menu_order":0,"comment_status":"closed","ping_status":"closed","template":"","meta":{"footnotes":""},"class_list":["post-795","page","type-page","status-publish","hentry","without-featured-image"],"_links":{"self":[{"href":"https:\/\/www.unisinos.br\/seedinglab\/wp-json\/wp\/v2\/pages\/795","targetHints":{"allow":["GET"]}}],"collection":[{"href":"https:\/\/www.unisinos.br\/seedinglab\/wp-json\/wp\/v2\/pages"}],"about":[{"href":"https:\/\/www.unisinos.br\/seedinglab\/wp-json\/wp\/v2\/types\/page"}],"author":[{"embeddable":true,"href":"https:\/\/www.unisinos.br\/seedinglab\/wp-json\/wp\/v2\/users\/12"}],"replies":[{"embeddable":true,"href":"https:\/\/www.unisinos.br\/seedinglab\/wp-json\/wp\/v2\/comments?post=795"}],"version-history":[{"count":2,"href":"https:\/\/www.unisinos.br\/seedinglab\/wp-json\/wp\/v2\/pages\/795\/revisions"}],"predecessor-version":[{"id":798,"href":"https:\/\/www.unisinos.br\/seedinglab\/wp-json\/wp\/v2\/pages\/795\/revisions\/798"}],"up":[{"embeddable":true,"href":"https:\/\/www.unisinos.br\/seedinglab\/wp-json\/wp\/v2\/pages\/14"}],"wp:attachment":[{"href":"https:\/\/www.unisinos.br\/seedinglab\/wp-json\/wp\/v2\/media?parent=795"}],"curies":[{"name":"wp","href":"https:\/\/api.w.org\/{rel}","templated":true}]}}