{"id":742,"date":"2021-08-23T18:09:18","date_gmt":"2021-08-23T21:09:18","guid":{"rendered":"https:\/\/www.unisinos.br\/seedinglab\/?page_id=742"},"modified":"2021-09-16T11:45:23","modified_gmt":"2021-09-16T14:45:23","slug":"jornada-de-estudos-avancados-em-design-estrategico-2021","status":"publish","type":"page","link":"https:\/\/www.unisinos.br\/seedinglab\/jornada-de-estudos-avancados-em-design-estrategico-2021\/","title":{"rendered":"JORNADA DE ESTUDOS AVAN\u00c7ADOS EM DESIGN ESTRAT\u00c9GICO 2021"},"content":{"rendered":"<header class=\"entry-header\">A <strong>Jornada de Estudos Avan\u00e7ados em Design Estrat\u00e9gico &#8211; 5\u00aa edi\u00e7\u00e3o<\/strong> entende que o car\u00e1ter inventivo e explorat\u00f3rio da pesquisa \u00e9 fundamental e deve ser estimulado a partir de um ambiente comunit\u00e1rio de desenvolvimento do conhecimento.<\/header>\n<header class=\"entry-header\"><\/header>\n<header class=\"entry-header\"><\/header>\n<header class=\"entry-header\">Tem como objetivos:<\/p>\n<ul>\n<li>estimular a cria\u00e7\u00e3o de um metaespa\u00e7o para que os grupos formados dentro do PPG possam se conhecer e estabelecer la\u00e7os comunit\u00e1rios;<\/li>\n<li>incentivar meios de tradu\u00e7\u00e3o destes estudos que sejam capazes de frequentar revistas e peri\u00f3dicos da \u00e1rea, bem como passar a frequentar ambientes que estejam pr\u00f3ximos \u00e0s \u00e1reas correlatas e \u00e0 sociedade como um todo;<\/li>\n<li>estimular a troca de conhecimentos e ideias para a elabora\u00e7\u00e3o de artigos\/outras formas de apresenta\u00e7\u00e3o.<\/li>\n<\/ul>\n<p>Neste ano, a proposta da Jornada, organizada pelos doutorandos, visa que os grupos tenham um espa\u00e7o privilegiado para se fazerem conhecer, manifestarem seus estudos e tornarem p\u00fablico este conhecimento.<\/p>\n<p>Link para inscri\u00e7\u00e3o:\u00a0<a href=\"http:\/\/www.unisinos.br\/eventos\/jornada-de-estudos-avancados-em-design-estrategico-edicao-v-2021-ex920839-00001\">http:\/\/www.unisinos.br\/eventos\/jornada-de-estudos-avancados-em-design-estrategico-edicao-v-2021-ex920839-00001<\/a><\/p>\n<p style=\"text-align: justify;\"><strong>A V Jornada contar\u00e1 com a participa\u00e7\u00e3o de cinco grupos ligados ao PPG Design Unisinos<\/strong> (Universidade do Vale do Rio dos Sinos):<\/p>\n<p style=\"text-align: justify;\"><strong>Grupo Designs Decolonizantes<\/strong><\/p>\n<p style=\"text-align: left;\">O coletivo se constituiu como produto de uma ansiedade particular por encontrar pistas para alternativas projetuais. A proposta de forma\u00e7\u00e3o de um grupo foi inicialmente um desdobramento de uma disciplina ofertada pelo PPG de Design da Unisinos. Na tentativa de alcan\u00e7armos um projeto condizente \u00e0 recusa \u00e0s hierarquias estabelecidas, as decis\u00f5es tomadas no momento alargado de seu princ\u00edpio se baseavam na suspei\u00e7\u00e3o antecipada das rela\u00e7\u00f5es de poder garantidas por v\u00ednculos institucionais hier\u00e1rquicos.No come\u00e7o, o contato com textos representativos da perspectiva do grupo Modernidade\/Colonialidade (QUIJANO, 1992; BALLESTRIN, 2013) respaldou o formato aberto de di\u00e1logo. Isso, na sequ\u00eancia, levou-nos a buscar produ\u00e7\u00f5es acerca de design, com posterior inclina\u00e7\u00e3o emp\u00edrica. Neste tr\u00e2nsito, elegemos materiais afins \u00e0 \u00e1rea, alguns provenientes de nossas pesquisas individuais, outros como refer\u00eancias cruzadas suscitadas pelos encontros anteriores.<\/p>\n<p style=\"text-align: left;\">Dessa condi\u00e7\u00e3o, como grupo, tendemos a concordar que a no\u00e7\u00e3o de um ensino de design que se conjuga \u00e0 decolonialidade (SCHULTZ et al., 2018) desponta como princ\u00edpio de discuss\u00e3o e promo\u00e7\u00e3o de novas formas de (con)viver no(s) mundo(s). Assim, se a pergunta t\u00e1cita que funda este grupo indaga sobre como promover perspectivas de designs decolonizantes a partir das estruturas escolares arraigadas, as respostas provis\u00f3rias abrem provoca\u00e7\u00f5es sobre as pr\u00f3prias bases educacionais do design.<\/p>\n<p style=\"text-align: justify;\"><strong>Grupo [gep_matrix]<\/strong><\/p>\n<p style=\"text-align: left;\">O grupo de estudos e pesquisa em Filosofia, T\u00e9cnica e Design &#8211; [gep_matrix] tem como objetivo inicial discutir o conceito de t\u00e9cnica e tecnologia e seus desdobramentos no design. Visa articular a filosofia e o design, conectados em rede a outros campos de conhecimento, atrav\u00e9s de uma perspectiva transdisciplinar, para tratar de situa\u00e7\u00f5es e problemas contempor\u00e2neos substanciais que emergem na sociedade tecnocient\u00edfica.<\/p>\n<p style=\"text-align: left;\">O grupo re\u00fane-se quinzenalmente, atrav\u00e9s da plataforma Teams, e conta com a participa\u00e7\u00e3o de pesquisadores de diferentes partes do Brasil. Nos encontros s\u00e3o realizados debates a partir de pensadores como de Umberto Galimberti, Vil\u00e9m Flusser, Donna Haraway, Gilbert Simondon, Gilbert Hottois, Martin Heidegger, entre outros.<\/p>\n<p style=\"text-align: justify;\"><strong>Grupo de Pr\u00e1ticas Experimentais<\/strong><\/p>\n<p style=\"text-align: left;\">O Grupo de Pr\u00e1ticas Experimentais tem seu alicerce no jeito experimental de lidar com as pr\u00e1ticas. Por pr\u00e1ticas, estamos nos referindo \u00e0 cria\u00e7\u00e3o de um espa\u00e7o para se pensar junto ao que se est\u00e1 fazendo, privilegiando as idiossincrasias dos projetos. Entender pr\u00e1ticas neste \u00e2mbito demanda ao grupo refletir sobre como fazemos design, identificando o que emerge dos nossos fazeres e lan\u00e7ando-nos a experimenta\u00e7\u00e3o de outros modos de fazer, perturbando vis\u00f5es homog\u00eaneas de como a \u00e1rea do Design vem conduzindo suas pr\u00e1ticas e quem estas colocam no centro, promovendo a desestabiliza\u00e7\u00e3o de uma postura metodol\u00f3gica que se pretende neutra a determina\u00e7\u00e3o de ator privilegiando os humanos. Afastando-nos desta pretensa neutralidade e privil\u00e9gio assim\u00e9trico, emerge a experimenta\u00e7\u00e3o como o gosto por um improviso situado e o esfor\u00e7o de reinven\u00e7\u00e3o incessante, como que em um processo intermin\u00e1vel que jamais chega ao que deveria ser.<\/p>\n<p style=\"text-align: left;\">Estes aspectos das pr\u00e1ticas referidas (improviso, perturba\u00e7\u00e3o, valorizar o outro) demandando dos pesquisadores do grupo uma outra postura metodol\u00f3gica pautada por uma estrat\u00e9gia provisional, em que aquilo que a situa\u00e7\u00e3o tem a revelar e os rastros poss\u00edveis de seguir do que \u00e9 revelado impulsionam desdobramentos alternativos, incertos e desprendidos de refer\u00eancias anteriores, inviabilizando uma constitui\u00e7\u00e3o aprior\u00edstica da a\u00e7\u00e3o a ser tomada.<\/p>\n<p style=\"text-align: left;\">Por fim, o grupo toma forma na realiza\u00e7\u00e3o de projetos explorat\u00f3rios interessados em levar as discuss\u00f5es para al\u00e9m da academia, explorando os efeitos que interferem na realidade a partir de exerc\u00edcios experimentais e especulativos tencionados pelo interesse ao incomum, o inst\u00e1vel, ruidoso, prec\u00e1rio, o outro, o que est\u00e1 posto as margens, o negligenciado, aquilo que \u00e9 entendido como erro e a insustentabilidade expressa pelas crise, dando espa\u00e7o para as pr\u00e1ticas sejam experimentais de fato.<\/p>\n<p style=\"text-align: justify;\"><strong>Grupo InovaDE<\/strong><\/p>\n<p>Somos um grupo de estudo que est\u00e1 iniciando a sua articula\u00e7\u00e3o a partir de interesses de pesquisa que envolvem a vis\u00e3o ecossist\u00eamica dos eventos de inova\u00e7\u00e3o como ambientes de aprendizagem e cultura de design. Entende-se que os ecossistemas de inova\u00e7\u00e3o, por meio da realiza\u00e7\u00e3o de workshops, buscam apoiar a capacidade inovadora das organiza\u00e7\u00f5es. Todavia, como essa pr\u00e1tica est\u00e1 sendo trabalhada e de que forma ela ainda precisa evoluir s\u00e3o quest\u00f5es dif\u00edceis de compreender. Workshops de inova\u00e7\u00e3o pelo design nem sempre s\u00e3o evidenciados e discutidos na literatura, sendo mais representativos no meio t\u00e9cnico. Logo, em s\u00edntese, a falta de formaliza\u00e7\u00e3o dessa pr\u00e1tica.<\/p>\n<p>Interpretar sinais de mudan\u00e7as bem como propor estrat\u00e9gias de avan\u00e7o n\u00e3o s\u00e3o tarefas simples. Por\u00e9m, esta \u00e9 justamente ideia, formar uma rede de int\u00e9rpretes interessados em refletir criticamente e propositivamente sobre os eventos de inova\u00e7\u00e3o realizados no pa\u00eds. Para isso, o grupo refletir\u00e1 sobre a ado\u00e7\u00e3o de uma abordagem te\u00f3rico-metodol\u00f3gica, sustentada pelo design estrat\u00e9gico e baseada na abdu\u00e7\u00e3o, como um caminho poss\u00edvel de construir vis\u00f5es alternativas, in\u00e9ditas ou de futuro para os ecossistemas de inova\u00e7\u00e3o como ambientes de aprendizagem e cultura de design.<\/p>\n<p style=\"text-align: justify;\"><strong>Grupo N\u00f3<\/strong><\/p>\n<p style=\"text-align: justify;\">O Grupo N\u00f3 integra estudantes e pesquisadores de diferentes n\u00edveis de forma\u00e7\u00e3o, desde bolsistas de inicia\u00e7\u00e3o cient\u00edfica at\u00e9 alunos de mestrado e doutorado. Formado por orientandos da professora Ione Bentz, o Grupo N\u00f3 se encontra todas \u00e0s quartas-feiras, das 14h \u00e0s 16h30min. Sua inten\u00e7\u00e3o \u00e9 ser um espa\u00e7o para o compartilhamento de quest\u00f5es de pesquisa, orientado pela partilha dos saberes e pelo avan\u00e7o das investiga\u00e7\u00f5es de seus integrantes. O Grupo N\u00f3 tamb\u00e9m visa contribuir para a tessitura da sociabilidade necess\u00e1ria ao Programa de P\u00f3s-Gradua\u00e7\u00e3o da Unisinos. Na 5\u00aa Jornada de Estudos Avan\u00e7ados em Design Estrat\u00e9gico, o grupo ir\u00e1 abordar a tem\u00e1tica do Metaprojeto iluminada pelas diferentes compreens\u00f5es ontol\u00f3gicas e epistemol\u00f3gicas de seus participantes, cifradas aqui como Fenomenologia, P\u00f3s-Estruturalismo e Teoria da Complexidade.<\/p>\n<p style=\"text-align: justify;\"><strong>Convidado edi\u00e7\u00e3o 2021<\/strong><\/p>\n<p style=\"text-align: justify;\"><strong>Grupo de Estudos Discursivos em Arte e Design UFPR<\/strong><\/p>\n<p style=\"text-align: justify;\">Criado em 2018, \u00e9 direcionado \u00e0 investiga\u00e7\u00e3o e \u00e0 discuss\u00e3o, com \u00eanfase na reflex\u00e3o filos\u00f3fica e cr\u00edtica, dos processos de produ\u00e7\u00e3o, circula\u00e7\u00e3o e recep\u00e7\u00e3o de sentidos e valores que circunscrevem a visualidade contempor\u00e2nea no \u00e2mbito das artes visuais e do design. A no\u00e7\u00e3o de \u201cdiscurso\u201d \u00e9 aqui adotada de maneira abrangente (ora como hip\u00f3tese de trabalho, delimita\u00e7\u00e3o tem\u00e1tica ou objeto de estudo) com o intuito de abarcar a diversidade de abordagens poss\u00edveis, autores e correntes hermen\u00eauticas. O grupo abarca tr\u00eas pesquisas em desenvolvimento [saiba mais], est\u00e1 vinculado ao Programa de P\u00f3s-Gradua\u00e7\u00e3o em Design da UFPR e promove atividades ligadas aos cursos de Artes Visuais e Design da UFPR. Coordena\u00e7\u00e3o: Marcos Beccari &amp; Felipe Prando. Mais informa\u00e7\u00f5es sobre o convidado no link: <a href=\"http:\/\/nedad.ufpr.br\/sobre\/\">http:\/\/nedad.ufpr.br\/sobre\/<\/a>.<\/p>\n<p style=\"text-align: justify;\">O evento deste ano ser\u00e1 realizado de forma\u00a0<strong>on-line<\/strong>, nos <strong>dias\u00a004 e 05 de outubro de 2021<\/strong>.<\/p>\n<p style=\"text-align: justify;\"><strong>Comit\u00ea de organiza\u00e7\u00e3o<\/strong><\/p>\n<p style=\"text-align: justify;\">Ana Paula Silveira dos Santos<\/p>\n<p style=\"text-align: justify;\">Douglas Pastori<\/p>\n<p style=\"text-align: justify;\">Fernanda Sklovsky<\/p>\n<p style=\"text-align: justify;\">Marcelo Vianna Batista<\/p>\n<p style=\"text-align: justify;\">Marcia Regina Diehl<\/p>\n<p style=\"text-align: justify;\">Marcia Santos da Silva<\/p>\n<p style=\"text-align: justify;\">Roberta Mandelli<\/p>\n<p style=\"text-align: justify;\"><strong>Curador Acad\u00eamico<\/strong><\/p>\n<p style=\"text-align: justify;\">Professor Guilherme Correa Meyer<\/p>\n<p style=\"text-align: justify;\"><strong>Programa\u00e7\u00e3o da Jornada 2021<\/strong><\/p>\n<p style=\"text-align: justify;\"><strong>DIA 01 \u2013 Segunda, 04 de outubro<\/strong><\/p>\n<p style=\"text-align: justify;\">08:30 &#8211; 09:00 &#8211; Abertura e Boas-vindas<\/p>\n<p style=\"text-align: justify;\">09:00 &#8211; 11:00 &#8211; Grupo InovaDE<\/p>\n<p style=\"text-align: justify;\">11:00 &#8211; 11:10 &#8211; Intervalo<\/p>\n<p style=\"text-align: justify;\">11:10 &#8211; 13:10 &#8211; Grupo Pr\u00e1ticas Experimentais<\/p>\n<p style=\"text-align: justify;\">13:10 &#8211; 14:00 &#8211; Intervalo &#8211; Almo\u00e7o<\/p>\n<p style=\"text-align: justify;\">14:00 &#8211; 16:00 &#8211; Grupo N\u00f3<\/p>\n<p style=\"text-align: justify;\">16:00 &#8211; 16:15 &#8211; Intervalo<\/p>\n<p style=\"text-align: justify;\">16:15 &#8211; 18:30 &#8211; Grupo Convidado<\/p>\n<p style=\"text-align: justify;\">Grupo de Estudos Discursivos em Arte e Design UFPR<\/p>\n<p style=\"text-align: justify;\"><strong>DIA 02 \u2013 Ter\u00e7a, 05 de outubro<\/strong><\/p>\n<p style=\"text-align: justify;\">08:30 &#8211; 09:00 &#8211; Resgate Primeiro dia<\/p>\n<p style=\"text-align: justify;\">09:00 &#8211; 11:00 &#8211; Grupo [gep_matrix]<\/p>\n<p style=\"text-align: justify;\">11:00 &#8211; 11:10 &#8211; Intervalo<\/p>\n<p style=\"text-align: justify;\">11:10 &#8211; 13:10 &#8211; Grupo Designs Decolonizantes<\/p>\n<p style=\"text-align: justify;\">13:10 &#8211; 14:30 &#8211; Almo\u00e7o<\/p>\n<p style=\"text-align: justify;\">14:30 &#8211; 16:00 &#8211; Roda de Conversa<\/p>\n<p style=\"text-align: justify;\">16:00 &#8211; 16:15 &#8211; Intervalo<\/p>\n<p style=\"text-align: justify;\">16:15 &#8211; 17:30 &#8211; Roda de Conversa<\/p>\n<p style=\"text-align: justify;\">17:30 &#8211; 18:30 &#8211; Encerramento<\/p>\n<\/header>\n<div class=\"entry-content\"><\/div>\n","protected":false},"excerpt":{"rendered":"<p>A Jornada de Estudos Avan\u00e7ados em Design Estrat\u00e9gico &#8211; 5\u00aa edi\u00e7\u00e3o entende que o car\u00e1ter inventivo e explorat\u00f3rio da pesquisa \u00e9 fundamental e deve ser estimulado a partir de um ambiente comunit\u00e1rio de desenvolvimento do conhecimento. Tem como objetivos: estimular a cria\u00e7\u00e3o de um metaespa\u00e7o para que os grupos formados dentro do PPG possam se &hellip; <a href=\"https:\/\/www.unisinos.br\/seedinglab\/jornada-de-estudos-avancados-em-design-estrategico-2021\/\" class=\"more-link\">Continue lendo <span class=\"screen-reader-text\">JORNADA DE ESTUDOS AVAN\u00c7ADOS EM DESIGN ESTRAT\u00c9GICO 2021<\/span><\/a><\/p>\n","protected":false},"author":12,"featured_media":0,"parent":0,"menu_order":0,"comment_status":"closed","ping_status":"closed","template":"","meta":{"footnotes":""},"class_list":["post-742","page","type-page","status-publish","hentry","without-featured-image"],"_links":{"self":[{"href":"https:\/\/www.unisinos.br\/seedinglab\/wp-json\/wp\/v2\/pages\/742","targetHints":{"allow":["GET"]}}],"collection":[{"href":"https:\/\/www.unisinos.br\/seedinglab\/wp-json\/wp\/v2\/pages"}],"about":[{"href":"https:\/\/www.unisinos.br\/seedinglab\/wp-json\/wp\/v2\/types\/page"}],"author":[{"embeddable":true,"href":"https:\/\/www.unisinos.br\/seedinglab\/wp-json\/wp\/v2\/users\/12"}],"replies":[{"embeddable":true,"href":"https:\/\/www.unisinos.br\/seedinglab\/wp-json\/wp\/v2\/comments?post=742"}],"version-history":[{"count":14,"href":"https:\/\/www.unisinos.br\/seedinglab\/wp-json\/wp\/v2\/pages\/742\/revisions"}],"predecessor-version":[{"id":787,"href":"https:\/\/www.unisinos.br\/seedinglab\/wp-json\/wp\/v2\/pages\/742\/revisions\/787"}],"wp:attachment":[{"href":"https:\/\/www.unisinos.br\/seedinglab\/wp-json\/wp\/v2\/media?parent=742"}],"curies":[{"name":"wp","href":"https:\/\/api.w.org\/{rel}","templated":true}]}}