{"id":680,"date":"2021-03-21T18:02:41","date_gmt":"2021-03-21T21:02:41","guid":{"rendered":"https:\/\/www.unisinos.br\/seedinglab\/?page_id=680"},"modified":"2021-03-21T18:59:37","modified_gmt":"2021-03-21T21:59:37","slug":"jornada2018","status":"publish","type":"page","link":"https:\/\/www.unisinos.br\/seedinglab\/jornada\/jornada2018\/","title":{"rendered":"Jornada de Estudos Avan\u00e7ados em Design Estrat\u00e9gico 2018"},"content":{"rendered":"<p>A publica\u00e7\u00e3o do Caderno contendo os textos completos da\u00a0<strong>edi\u00e7\u00e3o de 2018\u00a0<\/strong>est\u00e1 dispon\u00edvel <a href=\"https:\/\/www.unisinos.br\/seedinglab\/wp-content\/uploads\/2019\/02\/Caderno_II_Jornada_DE_2018.pdf\">AQUI<\/a>.<\/p>\n","protected":false},"excerpt":{"rendered":"<p>A publica\u00e7\u00e3o do Caderno contendo os textos completos da\u00a0edi\u00e7\u00e3o de 2018\u00a0est\u00e1 dispon\u00edvel AQUI.<\/p>\n","protected":false},"author":10,"featured_media":0,"parent":673,"menu_order":0,"comment_status":"closed","ping_status":"closed","template":"","meta":{"footnotes":""},"class_list":["post-680","page","type-page","status-publish","hentry","without-featured-image"],"_links":{"self":[{"href":"https:\/\/www.unisinos.br\/seedinglab\/wp-json\/wp\/v2\/pages\/680","targetHints":{"allow":["GET"]}}],"collection":[{"href":"https:\/\/www.unisinos.br\/seedinglab\/wp-json\/wp\/v2\/pages"}],"about":[{"href":"https:\/\/www.unisinos.br\/seedinglab\/wp-json\/wp\/v2\/types\/page"}],"author":[{"embeddable":true,"href":"https:\/\/www.unisinos.br\/seedinglab\/wp-json\/wp\/v2\/users\/10"}],"replies":[{"embeddable":true,"href":"https:\/\/www.unisinos.br\/seedinglab\/wp-json\/wp\/v2\/comments?post=680"}],"version-history":[{"count":1,"href":"https:\/\/www.unisinos.br\/seedinglab\/wp-json\/wp\/v2\/pages\/680\/revisions"}],"predecessor-version":[{"id":681,"href":"https:\/\/www.unisinos.br\/seedinglab\/wp-json\/wp\/v2\/pages\/680\/revisions\/681"}],"up":[{"embeddable":true,"href":"https:\/\/www.unisinos.br\/seedinglab\/wp-json\/wp\/v2\/pages\/673"}],"wp:attachment":[{"href":"https:\/\/www.unisinos.br\/seedinglab\/wp-json\/wp\/v2\/media?parent=680"}],"curies":[{"name":"wp","href":"https:\/\/api.w.org\/{rel}","templated":true}]}}