{"id":676,"date":"2021-03-21T17:59:37","date_gmt":"2021-03-21T20:59:37","guid":{"rendered":"https:\/\/www.unisinos.br\/seedinglab\/?page_id=676"},"modified":"2021-03-21T19:00:05","modified_gmt":"2021-03-21T22:00:05","slug":"jornada2017","status":"publish","type":"page","link":"https:\/\/www.unisinos.br\/seedinglab\/jornada\/jornada2017\/","title":{"rendered":"Jornada de Estudos Avan\u00e7ados em Design Estrat\u00e9gico 2017"},"content":{"rendered":"<p>A publica\u00e7\u00e3o do Caderno contendo os textos completos da\u00a0<strong>edi\u00e7\u00e3o de 2017\u00a0<\/strong>est\u00e1 dispon\u00edvel <a href=\"https:\/\/www.unisinos.br\/seedinglab\/wp-content\/uploads\/2021\/03\/caderno_I_jornada_de_2017.pdf\">AQUI<\/a>.<\/p>\n","protected":false},"excerpt":{"rendered":"<p>A publica\u00e7\u00e3o do Caderno contendo os textos completos da\u00a0edi\u00e7\u00e3o de 2017\u00a0est\u00e1 dispon\u00edvel AQUI.<\/p>\n","protected":false},"author":10,"featured_media":0,"parent":673,"menu_order":0,"comment_status":"closed","ping_status":"closed","template":"","meta":{"footnotes":""},"class_list":["post-676","page","type-page","status-publish","hentry","without-featured-image"],"_links":{"self":[{"href":"https:\/\/www.unisinos.br\/seedinglab\/wp-json\/wp\/v2\/pages\/676","targetHints":{"allow":["GET"]}}],"collection":[{"href":"https:\/\/www.unisinos.br\/seedinglab\/wp-json\/wp\/v2\/pages"}],"about":[{"href":"https:\/\/www.unisinos.br\/seedinglab\/wp-json\/wp\/v2\/types\/page"}],"author":[{"embeddable":true,"href":"https:\/\/www.unisinos.br\/seedinglab\/wp-json\/wp\/v2\/users\/10"}],"replies":[{"embeddable":true,"href":"https:\/\/www.unisinos.br\/seedinglab\/wp-json\/wp\/v2\/comments?post=676"}],"version-history":[{"count":2,"href":"https:\/\/www.unisinos.br\/seedinglab\/wp-json\/wp\/v2\/pages\/676\/revisions"}],"predecessor-version":[{"id":685,"href":"https:\/\/www.unisinos.br\/seedinglab\/wp-json\/wp\/v2\/pages\/676\/revisions\/685"}],"up":[{"embeddable":true,"href":"https:\/\/www.unisinos.br\/seedinglab\/wp-json\/wp\/v2\/pages\/673"}],"wp:attachment":[{"href":"https:\/\/www.unisinos.br\/seedinglab\/wp-json\/wp\/v2\/media?parent=676"}],"curies":[{"name":"wp","href":"https:\/\/api.w.org\/{rel}","templated":true}]}}