{"id":6,"date":"2016-05-27T15:55:02","date_gmt":"2016-05-27T15:55:02","guid":{"rendered":"http:\/\/seedinglab.wordpress.com\/?page_id=1"},"modified":"2019-04-03T15:29:24","modified_gmt":"2019-04-03T18:29:24","slug":"sobre","status":"publish","type":"page","link":"https:\/\/www.unisinos.br\/seedinglab\/sobre\/","title":{"rendered":"Sobre\/About"},"content":{"rendered":"<p>Laborat\u00f3rio do Grupo de Pesquisa de Design Estrat\u00e9gico para a Inova\u00e7\u00e3o Cultural e Social, sediado no campus Porto Alegre da <a href=\"http:\/\/www.unisinos.br\/\" target=\"_blank\">Unisinos<\/a> e\u00a0 filiado \u00e0 <a href=\"http:\/\/www.desis-network.org\" target=\"_blank\">Rede DESIS.<\/a><\/p>\n<p>Link para o diret\u00f3rio dos grupos de pesquisa no Brasil &#8211; CNPq: <a href=\"http:\/\/dgp.cnpq.br\/dgp\/espelhogrupo\/2139427033100814\">http:\/\/dgp.cnpq.br\/dgp\/espelhogrupo\/2139427033100814<\/a><\/p>\n<p><strong>E-mail: gp.deics@gmail.com<\/strong><\/p>\n<p><strong>Endere\u00e7o<\/strong>: Rua Luiz Manoel Gonzaga, 744. Bairro Tr\u00eas Figueiras \u2013 Porto Alegre \u2013 RS. CEP: 90470-280<\/p>\n<p>&nbsp;<\/p>\n","protected":false},"excerpt":{"rendered":"<p>Laborat\u00f3rio do Grupo de Pesquisa de Design Estrat\u00e9gico para a Inova\u00e7\u00e3o Cultural e Social, sediado no campus Porto Alegre da Unisinos e\u00a0 filiado \u00e0 Rede DESIS. Link para o diret\u00f3rio dos grupos de pesquisa no Brasil &#8211; CNPq: http:\/\/dgp.cnpq.br\/dgp\/espelhogrupo\/2139427033100814 E-mail: gp.deics@gmail.com Endere\u00e7o: Rua Luiz Manoel Gonzaga, 744. Bairro Tr\u00eas Figueiras \u2013 Porto Alegre \u2013 RS. &hellip; <a href=\"https:\/\/www.unisinos.br\/seedinglab\/sobre\/\" class=\"more-link\">Continue lendo <span class=\"screen-reader-text\">Sobre\/About<\/span><\/a><\/p>\n","protected":false},"author":1,"featured_media":0,"parent":0,"menu_order":0,"comment_status":"open","ping_status":"open","template":"","meta":{"footnotes":""},"class_list":["post-6","page","type-page","status-publish","hentry","without-featured-image"],"_links":{"self":[{"href":"https:\/\/www.unisinos.br\/seedinglab\/wp-json\/wp\/v2\/pages\/6","targetHints":{"allow":["GET"]}}],"collection":[{"href":"https:\/\/www.unisinos.br\/seedinglab\/wp-json\/wp\/v2\/pages"}],"about":[{"href":"https:\/\/www.unisinos.br\/seedinglab\/wp-json\/wp\/v2\/types\/page"}],"author":[{"embeddable":true,"href":"https:\/\/www.unisinos.br\/seedinglab\/wp-json\/wp\/v2\/users\/1"}],"replies":[{"embeddable":true,"href":"https:\/\/www.unisinos.br\/seedinglab\/wp-json\/wp\/v2\/comments?post=6"}],"version-history":[{"count":5,"href":"https:\/\/www.unisinos.br\/seedinglab\/wp-json\/wp\/v2\/pages\/6\/revisions"}],"predecessor-version":[{"id":445,"href":"https:\/\/www.unisinos.br\/seedinglab\/wp-json\/wp\/v2\/pages\/6\/revisions\/445"}],"wp:attachment":[{"href":"https:\/\/www.unisinos.br\/seedinglab\/wp-json\/wp\/v2\/media?parent=6"}],"curies":[{"name":"wp","href":"https:\/\/api.w.org\/{rel}","templated":true}]}}