{"id":570,"date":"2020-06-29T13:46:24","date_gmt":"2020-06-29T16:46:24","guid":{"rendered":"https:\/\/www.unisinos.br\/seedinglab\/?page_id=570"},"modified":"2021-03-21T19:08:13","modified_gmt":"2021-03-21T22:08:13","slug":"jornada2020","status":"publish","type":"page","link":"https:\/\/www.unisinos.br\/seedinglab\/jornada\/jornada2020\/","title":{"rendered":"Jornada de Estudos Avan\u00e7ados em Design Estrat\u00e9gico 2020"},"content":{"rendered":"<p>A dimens\u00e3o virtual e tecnol\u00f3gica ganhou destaque a partir de tecnologias como intelig\u00eancia artificial, internet das coisas, deep learning, e tantas outras, gerando discuss\u00e3o sobre seu impacto em v\u00e1rias \u00e1reas, inclusive no design.<\/p>\n<p>Entretanto, a pandemia do novo coronav\u00edrus parece ter acelerado o uso das tecnologias levando aqueles que ainda eram reticentes a se adaptarem. Nesse panorama, aceleram-se as discuss\u00f5es que eram ainda remotas acerca do papel da tecnologia em nosso cotidiano, nas pr\u00e1ticas de pesquisa e como indutora de novas sociabilidades. Por isso questionamos: o que ainda est\u00e1 por vir? Que outros mundos vir\u00e3o?<\/p>\n<p>Nesse sentido,<strong> como o design se situa nessa conjuntura?<\/strong> Que processos o design prop\u00f5e para a constru\u00e7\u00e3o de uma sociedade \u00e9tica, e de bem-estar, comprometida com a educa\u00e7\u00e3o, a cultura e a arte?<\/p>\n<p>Na IV Jornada de Estudos Avan\u00e7ados em Design Estrat\u00e9gico propomos discutir tem\u00e1ticas que envolvam o di\u00e1logo entre Design e Tecnologia.<\/p>\n<p>O evento deste ano foi realizado de forma <strong>on-line<\/strong>, nos dias <strong>05 e 06 de outubro de 2020.<\/strong><\/p>\n<p>&nbsp;<\/p>\n<p><strong>Convidado edi\u00e7\u00e3o 2020<\/strong><\/p>\n<p><img loading=\"lazy\" decoding=\"async\" class=\"alignnone size-medium wp-image-694\" src=\"https:\/\/www.unisinos.br\/seedinglab\/wp-content\/uploads\/2020\/06\/Convidado2020-244x300.png\" alt=\"convidado2020\" width=\"244\" height=\"300\" srcset=\"https:\/\/www.unisinos.br\/seedinglab\/wp-content\/uploads\/2020\/06\/Convidado2020-244x300.png 244w, https:\/\/www.unisinos.br\/seedinglab\/wp-content\/uploads\/2020\/06\/Convidado2020-309x380.png 309w, https:\/\/www.unisinos.br\/seedinglab\/wp-content\/uploads\/2020\/06\/Convidado2020.png 465w\" sizes=\"auto, (max-width: 244px) 100vw, 244px\" \/><\/p>\n<p>O convidado desta edi\u00e7\u00e3o \u00e9 o professor Frederick van Amstel. Frederick \u00e9 professor efetivo do Departamento Acad\u00eamico de Desenho Industrial (DADIN) da Universidade Tecnol\u00f3gica Federal do Paran\u00e1 \u2013 UTFPR. Bacharel em comunica\u00e7\u00e3o (UFPR) e mestre em tecnologia (UTFPR), Frederick buscou em sua tese de doutorado (Universidade de Twente) uma aproxima\u00e7\u00e3o entre a arquitetura e o design de servi\u00e7os no projeto de hospitais. Atualmente pesquisa o paradigma Design Prospectivo na UTFPR e o cotidiano de ateli\u00eas de software em seu p\u00f3s-doutorado no PPGIA da PUCPR. Suas pesquisas j\u00e1 foram publicadas em peri\u00f3dicos internacionais de alto impacto, tais como Design Studies, Building Research &amp; Information, Futures e Digital Creativity. Est\u00e1 interessado em temas como Design de Intera\u00e7\u00e3o, Intera\u00e7\u00e3o Humano-Computador, Design Participativo, Design para a Inova\u00e7\u00e3o Social, Design Especulativo, Jogos S\u00e9rios e Visualiza\u00e7\u00e3o de Dados. Mais informa\u00e7\u00f5es sobre o convidado no link: <a href=\"http:\/\/fredvanamstel.com\/\">http:\/\/fredvanamstel.com<\/a><\/p>\n<p><b>Comit\u00ea de organiza\u00e7\u00e3o<\/b><\/p>\n<p>Ana Paula Silveira dos Santos<\/p>\n<p>Ione Maria Ghislene Bentz<\/p>\n<p>Izabela Garcia Padilha<\/p>\n<p>Luis Gustavo Araujo Ferreira<\/p>\n<p>Marcia Regina Diehl<\/p>\n<p>&nbsp;<\/p>\n<p><strong>Comit\u00ea Cient\u00edfico<\/strong><\/p>\n<p>Andr\u00e9 Marques da Silveira (PUC)<\/p>\n<p>Ana Paula Silveira dos Santos (UNISINOS)<\/p>\n<p>Caio Adorno Vass\u00e3o (FAUUSP)<\/p>\n<p>Carlo Franzato (UNISINOS)<\/p>\n<p>Daniel Abs (UFRGS)<\/p>\n<p>Edu Fernandes Jacques Filho (UNISINOS)<\/p>\n<p>Frederick van Amstel (UTF-PR)<\/p>\n<p>Guilherme Englert Corr\u00eaa Meyer (UNISINOS)<\/p>\n<p>Gustavo Daudt Fischer (UNISINOS)<\/p>\n<p>Ione Maria Ghislene Bentz (UNISINOS)<\/p>\n<p>Marcelo Vianna (UNISINOS)<\/p>\n<p>Marcia Diehl (UNISINOS)<\/p>\n<p>S\u00e9rgio Eduardo Mariucci (UNISINOS)<\/p>\n<p>&nbsp;<\/p>\n<p><strong>A publica\u00e7\u00e3o do Caderno contendo os textos completos da\u00a0edi\u00e7\u00e3o de 2020 est\u00e1 dispon\u00edvel aqui:<\/strong><\/p>\n<ul>\n<li><a href=\"https:\/\/www.unisinos.br\/seedinglab\/wp-content\/uploads\/2021\/03\/caderno_IV_jornada_de_2020.pdf\" target=\"_blank\">Caderno da IV Jornada [2020]<\/a><\/li>\n<\/ul>\n<p>&nbsp;<\/p>\n<p><strong>Programa\u00e7\u00e3o da Jornada 2020<\/strong><\/p>\n<p><b>DIA 01 &#8211; Segunda, 05 de outubro<\/b><b>\u00a0<\/b><\/p>\n<p>09:30 &#8211; 10:00 Abertura e Boas-vindas<\/p>\n<p>10:00 &#8211; 12:00 Apresenta\u00e7\u00e3o de trabalhos e discuss\u00e3o<\/p>\n<p>Douglas Pastori-\u00a0 \u00c0 espera eterna da cat\u00e1strofe sem fim: uma alegoria do destino da projetualidade t\u00e9cnica<\/p>\n<p>Roberta Mandelli-\u00a0 semeando aquilo que salva: reflex\u00f5es sobre o program\u00e1tico que comp\u00f5e a estrat\u00e9gia<\/p>\n<p>\u00c1gata Brito-\u00a0 Ensaio sobre tecnologia: um poss\u00edvel di\u00e1logo entre as narrativas do Antropoceno e do Design<\/p>\n<p><i>12:00 &#8211; 13:45 Intervalo &#8211; Almo\u00e7o\u00a0<\/i><\/p>\n<p>13:45 &#8211; 16:00 Apresenta\u00e7\u00e3o de trabalhos e discuss\u00e3o<\/p>\n<p>L\u00facia Kaplan &#8211; Estrat\u00e9gias para uma educa\u00e7\u00e3o que v\u00e1 ao encontro do bem viver<\/p>\n<p>Ana Paula Silveira O ambiente virtual, os espa\u00e7os em tela e o processo de constru\u00e7\u00e3o de cen\u00e1rios &#8211; A sala de aula virtual e a pratica de workshop Marcelo Vianna e Melissa Lesnovski Confiss\u00f5es e Alcione: sussuros e afetos na explora\u00e7\u00e3o do design sem pretens\u00f5es de salvar o mundo em meio ao Coronoceno <i>15:40 &#8211; 16:00 Intervalo &#8211; Cafezinho Virtual\u00a0<\/i><\/p>\n<p>16:00 &#8211; 17:00 Apresenta\u00e7\u00e3o de trabalhos e discuss\u00e3o<\/p>\n<p>Alessandra Guglieri &#8211; A morte do usu\u00e1rio e a Vida dos Sistemas: Design, Complexidade e Humanidade Digital<\/p>\n<p>Marcia Diehl-\u00a0 Projetando numa Polifonia Emergente: uma proposta de processo projetual orquestrado durante a a\u00e7\u00e3o<\/p>\n<p>17:10 &#8211; 17:30 Apresenta\u00e7\u00e3o Janelas Polif\u00f4nicas, projeto coordenado por Claudia Palma<\/p>\n<p><b>DIA 02 &#8211; Ter\u00e7a, 06 de outubro<\/b><b>\u00a0<\/b><\/p>\n<p>09:30 &#8211; 10:00 Resgate das discuss\u00f5es<\/p>\n<p>10:00 &#8211; 12:00 Apresenta\u00e7\u00e3o de trabalhos e discuss\u00e3o<\/p>\n<p>Danielle Difante-\u00a0 Das artes para o design: os princ\u00edpios e processos do Studio Azzurro<\/p>\n<p>Marina C. da Rosa e D\u00e9bora Barauna-\u00a0 Minha Arte, Minha Hist\u00f3ria ou Patrim\u00f4nio Sociocultural?<\/p>\n<p>Izabela P. Garcia &#8211;\u00a0 Carnavaliza\u00e7\u00e3o: o imagin\u00e1rio, o l\u00fadico e o festivo nos processos de design no ciberespa\u00e7o<\/p>\n<p><i>12:00 &#8211; 13:45 Intervalo &#8211; Almo\u00e7o\u00a0<\/i><\/p>\n<p>13:45 &#8211; 14:00 Apresenta\u00e7\u00e3o de trabalhos e discuss\u00e3o<\/p>\n<p>Raul Krebs-\u00a0 Policorpos e Moulage Dial\u00f3gica, Design de Moda e Tecnologia<\/p>\n<p>Luana Fuentefria &#8211; Design estrat\u00e9gico e sementes para a cria\u00e7\u00e3o de sistemas evolutivos<\/p>\n<p>Bruno A. Lorenz e Leonardo Kussler &#8211; Por que falar de horizontes e valores dos artefatos?<\/p>\n<p>Victor Geuer-\u00a0 Reflex\u00f5es acerca da \u00c9tica do Artificial: do Paradigma de Simon ao Paradoxo de Flusser<\/p>\n<p><i>16:00 &#8211; 16:10 Intervalo &#8211; Cafezinho Virtual\u00a0<\/i><\/p>\n<p>16:10 &#8211; 16:40-\u00a0 Frederick Responde<\/p>\n<p>&nbsp;<\/p>\n<p>&nbsp;<\/p>\n","protected":false},"excerpt":{"rendered":"<p>A dimens\u00e3o virtual e tecnol\u00f3gica ganhou destaque a partir de tecnologias como intelig\u00eancia artificial, internet das coisas, deep learning, e tantas outras, gerando discuss\u00e3o sobre seu impacto em v\u00e1rias \u00e1reas, inclusive no design. Entretanto, a pandemia do novo coronav\u00edrus parece ter acelerado o uso das tecnologias levando aqueles que ainda eram reticentes a se adaptarem. &hellip; <a href=\"https:\/\/www.unisinos.br\/seedinglab\/jornada\/jornada2020\/\" class=\"more-link\">Continue lendo <span class=\"screen-reader-text\">Jornada de Estudos Avan\u00e7ados em Design Estrat\u00e9gico 2020<\/span><\/a><\/p>\n","protected":false},"author":10,"featured_media":0,"parent":673,"menu_order":0,"comment_status":"closed","ping_status":"closed","template":"","meta":{"footnotes":""},"class_list":["post-570","page","type-page","status-publish","hentry","without-featured-image"],"_links":{"self":[{"href":"https:\/\/www.unisinos.br\/seedinglab\/wp-json\/wp\/v2\/pages\/570","targetHints":{"allow":["GET"]}}],"collection":[{"href":"https:\/\/www.unisinos.br\/seedinglab\/wp-json\/wp\/v2\/pages"}],"about":[{"href":"https:\/\/www.unisinos.br\/seedinglab\/wp-json\/wp\/v2\/types\/page"}],"author":[{"embeddable":true,"href":"https:\/\/www.unisinos.br\/seedinglab\/wp-json\/wp\/v2\/users\/10"}],"replies":[{"embeddable":true,"href":"https:\/\/www.unisinos.br\/seedinglab\/wp-json\/wp\/v2\/comments?post=570"}],"version-history":[{"count":24,"href":"https:\/\/www.unisinos.br\/seedinglab\/wp-json\/wp\/v2\/pages\/570\/revisions"}],"predecessor-version":[{"id":699,"href":"https:\/\/www.unisinos.br\/seedinglab\/wp-json\/wp\/v2\/pages\/570\/revisions\/699"}],"up":[{"embeddable":true,"href":"https:\/\/www.unisinos.br\/seedinglab\/wp-json\/wp\/v2\/pages\/673"}],"wp:attachment":[{"href":"https:\/\/www.unisinos.br\/seedinglab\/wp-json\/wp\/v2\/media?parent=570"}],"curies":[{"name":"wp","href":"https:\/\/api.w.org\/{rel}","templated":true}]}}