{"id":539,"date":"2020-06-23T17:41:42","date_gmt":"2020-06-23T20:41:42","guid":{"rendered":"https:\/\/www.unisinos.br\/seedinglab\/?page_id=539"},"modified":"2020-12-24T14:48:15","modified_gmt":"2020-12-24T16:48:15","slug":"janelaspolifonicas","status":"publish","type":"page","link":"https:\/\/www.unisinos.br\/seedinglab\/iniciativas\/janelaspolifonicas\/","title":{"rendered":"Janelas Polif\u00f4nicas"},"content":{"rendered":"<p style=\"text-align: left;\">Janelas Polif\u00f4nicas \u00e9 uma experi\u00eancia metaprojetual realizada pelas bolsistas de mestrado e doutorado do PPG em Design Unisinos Ana Paula Silveira, Claudia Palma, Izabela Padilha, Luana Fuentefria, Lucia Kaplan, M\u00e1rcia Diehl, Roberta Mandelli e com a colabora\u00e7\u00e3o da egressa do curso de mestrado Isabel d&#8217;Avila e do mestrando Vitor Geuer.<\/p>\n<p style=\"text-align: left;\"><a href=\"https:\/\/docs.google.com\/presentation\/d\/e\/2PACX-1vRYVFX-ggwsOt4mlQDNiCU0kB-c8P3Kca29fLun7s9um7vYMNeZ5GWPKWkF05gKNNgPv8-DFOrZWy6M\/pub?start=false&amp;loop=false&amp;delayms=3000\">Acesse aqui o relat\u00f3rio de pesquisa.<\/a><\/p>\n<p style=\"text-align: left;\">Artigo Publicado na revista\u00a0<strong>V!RUS<\/strong><\/p>\n<p> <a href=\"http:\/\/www.nomads.usp.br\/virus\/virus20\/?sec=5&#038;item=112&#038;lang=pt\">http:\/\/www.nomads.usp.br\/virus\/virus20\/?sec=5&#038;item=112&#038;lang=pt<\/a><\/p>\n<p style=\"text-align: left;\"><a href=\"http:\/\/instagram.com\/janelaspolifonicas\">Acesse aqui:\u00a0<\/a><\/p>\n<p style=\"text-align: left;\"><a href=\"https:\/\/www.instagram.com\/janelaspolifonicas\/\"><img loading=\"lazy\" decoding=\"async\" class=\"aligncenter size-full wp-image-557\" src=\"https:\/\/www.unisinos.br\/seedinglab\/wp-content\/uploads\/2020\/06\/WhatsApp-Image-2020-06-23-at-17.52.42.jpeg\" alt=\"cen\u00e1rios panoram\u00e1ticos\" width=\"600\" height=\"1199\" srcset=\"https:\/\/www.unisinos.br\/seedinglab\/wp-content\/uploads\/2020\/06\/WhatsApp-Image-2020-06-23-at-17.52.42.jpeg 600w, https:\/\/www.unisinos.br\/seedinglab\/wp-content\/uploads\/2020\/06\/WhatsApp-Image-2020-06-23-at-17.52.42-150x300.jpeg 150w, https:\/\/www.unisinos.br\/seedinglab\/wp-content\/uploads\/2020\/06\/WhatsApp-Image-2020-06-23-at-17.52.42-512x1024.jpeg 512w, https:\/\/www.unisinos.br\/seedinglab\/wp-content\/uploads\/2020\/06\/WhatsApp-Image-2020-06-23-at-17.52.42-190x380.jpeg 190w\" sizes=\"auto, (max-width: 600px) 100vw, 600px\" \/><\/a><\/p>\n","protected":false},"excerpt":{"rendered":"<p>Janelas Polif\u00f4nicas \u00e9 uma experi\u00eancia metaprojetual realizada pelas bolsistas de mestrado e doutorado do PPG em Design Unisinos Ana Paula Silveira, Claudia Palma, Izabela Padilha, Luana Fuentefria, Lucia Kaplan, M\u00e1rcia Diehl, Roberta Mandelli e com a colabora\u00e7\u00e3o da egressa do curso de mestrado Isabel d&#8217;Avila e do mestrando Vitor Geuer. Acesse aqui o relat\u00f3rio de &hellip; <a href=\"https:\/\/www.unisinos.br\/seedinglab\/iniciativas\/janelaspolifonicas\/\" class=\"more-link\">Continue lendo <span class=\"screen-reader-text\">Janelas Polif\u00f4nicas<\/span><\/a><\/p>\n","protected":false},"author":1,"featured_media":561,"parent":7,"menu_order":0,"comment_status":"closed","ping_status":"closed","template":"","meta":{"footnotes":""},"class_list":["post-539","page","type-page","status-publish","has-post-thumbnail","hentry","with-featured-image"],"_links":{"self":[{"href":"https:\/\/www.unisinos.br\/seedinglab\/wp-json\/wp\/v2\/pages\/539","targetHints":{"allow":["GET"]}}],"collection":[{"href":"https:\/\/www.unisinos.br\/seedinglab\/wp-json\/wp\/v2\/pages"}],"about":[{"href":"https:\/\/www.unisinos.br\/seedinglab\/wp-json\/wp\/v2\/types\/page"}],"author":[{"embeddable":true,"href":"https:\/\/www.unisinos.br\/seedinglab\/wp-json\/wp\/v2\/users\/1"}],"replies":[{"embeddable":true,"href":"https:\/\/www.unisinos.br\/seedinglab\/wp-json\/wp\/v2\/comments?post=539"}],"version-history":[{"count":14,"href":"https:\/\/www.unisinos.br\/seedinglab\/wp-json\/wp\/v2\/pages\/539\/revisions"}],"predecessor-version":[{"id":651,"href":"https:\/\/www.unisinos.br\/seedinglab\/wp-json\/wp\/v2\/pages\/539\/revisions\/651"}],"up":[{"embeddable":true,"href":"https:\/\/www.unisinos.br\/seedinglab\/wp-json\/wp\/v2\/pages\/7"}],"wp:featuredmedia":[{"embeddable":true,"href":"https:\/\/www.unisinos.br\/seedinglab\/wp-json\/wp\/v2\/media\/561"}],"wp:attachment":[{"href":"https:\/\/www.unisinos.br\/seedinglab\/wp-json\/wp\/v2\/media?parent=539"}],"curies":[{"name":"wp","href":"https:\/\/api.w.org\/{rel}","templated":true}]}}