{"id":533,"date":"2020-02-03T19:26:37","date_gmt":"2020-02-03T21:26:37","guid":{"rendered":"https:\/\/www.unisinos.br\/seedinglab\/?page_id=533"},"modified":"2020-02-03T19:26:37","modified_gmt":"2020-02-03T21:26:37","slug":"italian-design-day","status":"publish","type":"page","link":"https:\/\/www.unisinos.br\/seedinglab\/iniciativas\/italian-design-day\/","title":{"rendered":"Italian Design Day"},"content":{"rendered":"<p><img loading=\"lazy\" decoding=\"async\" class=\"alignnone size-full wp-image-531\" src=\"https:\/\/www.unisinos.br\/seedinglab\/wp-content\/uploads\/2020\/02\/Italian-Design-Day_Claudia-Palma_Foto-de-Joa\u0303o-Alves_IMG_0948-768x512.jpg\" alt=\"italian-design-day_claudia-palma_foto-de-joa%cc%83o-alves_img_0948-768x512\" width=\"768\" height=\"512\" srcset=\"https:\/\/www.unisinos.br\/seedinglab\/wp-content\/uploads\/2020\/02\/Italian-Design-Day_Claudia-Palma_Foto-de-Joa\u0303o-Alves_IMG_0948-768x512.jpg 768w, https:\/\/www.unisinos.br\/seedinglab\/wp-content\/uploads\/2020\/02\/Italian-Design-Day_Claudia-Palma_Foto-de-Joa\u0303o-Alves_IMG_0948-768x512-300x200.jpg 300w, https:\/\/www.unisinos.br\/seedinglab\/wp-content\/uploads\/2020\/02\/Italian-Design-Day_Claudia-Palma_Foto-de-Joa\u0303o-Alves_IMG_0948-768x512-570x380.jpg 570w\" sizes=\"auto, (max-width: 768px) 100vw, 768px\" \/><\/p>\n<p>Na terceira edi\u00e7\u00e3o do Italian Design Day, a doutoranda Claudia Palma da Silva apresentou parte da pesquisa realizada sobre Cidades Ut\u00f3picas, em novembro de 2018, uma experi\u00eancia de Design em parceria com o <a href=\"https:\/\/kinobeat.com\/\">5\u00ba Festival Kino Beat &#8211; Arte em Movimento<\/a> foi realizado na Unisinos.<\/p>\n<p>A\u00a0experi\u00eancia de design estrat\u00e9gico privilegiou os processos transculturais, dial\u00f3gicos e\u00a0colaborativos. A partir de uma atividade coletiva e um formato metodol\u00f3gico diferenciado uma trama narrativa prop\u00f4s vis\u00f5es ut\u00f3picas para cidades, motivados pelo tema Excessos Urbanos. Uma proposta projetual onde o designer atua com os atores da sociedade em\u00a0prol da inova\u00e7\u00e3o social e cultural<\/p>\n<p>Foto:\u00a0 Jo\u00e3o Alves | revista USE<\/p>\n<p>Para saber mais <a href=\"http:\/\/www.revistause.com.br\/terceira-edicao-italian-design-day-reune-arquitetos-e-designers\/\">clique aqui.<\/a><\/p>\n","protected":false},"excerpt":{"rendered":"<p>Na terceira edi\u00e7\u00e3o do Italian Design Day, a doutoranda Claudia Palma da Silva apresentou parte da pesquisa realizada sobre Cidades Ut\u00f3picas, em novembro de 2018, uma experi\u00eancia de Design em parceria com o 5\u00ba Festival Kino Beat &#8211; Arte em Movimento foi realizado na Unisinos. A\u00a0experi\u00eancia de design estrat\u00e9gico privilegiou os processos transculturais, dial\u00f3gicos e\u00a0colaborativos. &hellip; <a href=\"https:\/\/www.unisinos.br\/seedinglab\/iniciativas\/italian-design-day\/\" class=\"more-link\">Continue lendo <span class=\"screen-reader-text\">Italian Design Day<\/span><\/a><\/p>\n","protected":false},"author":1,"featured_media":531,"parent":7,"menu_order":0,"comment_status":"closed","ping_status":"closed","template":"","meta":{"footnotes":""},"class_list":["post-533","page","type-page","status-publish","has-post-thumbnail","hentry","with-featured-image"],"_links":{"self":[{"href":"https:\/\/www.unisinos.br\/seedinglab\/wp-json\/wp\/v2\/pages\/533","targetHints":{"allow":["GET"]}}],"collection":[{"href":"https:\/\/www.unisinos.br\/seedinglab\/wp-json\/wp\/v2\/pages"}],"about":[{"href":"https:\/\/www.unisinos.br\/seedinglab\/wp-json\/wp\/v2\/types\/page"}],"author":[{"embeddable":true,"href":"https:\/\/www.unisinos.br\/seedinglab\/wp-json\/wp\/v2\/users\/1"}],"replies":[{"embeddable":true,"href":"https:\/\/www.unisinos.br\/seedinglab\/wp-json\/wp\/v2\/comments?post=533"}],"version-history":[{"count":1,"href":"https:\/\/www.unisinos.br\/seedinglab\/wp-json\/wp\/v2\/pages\/533\/revisions"}],"predecessor-version":[{"id":534,"href":"https:\/\/www.unisinos.br\/seedinglab\/wp-json\/wp\/v2\/pages\/533\/revisions\/534"}],"up":[{"embeddable":true,"href":"https:\/\/www.unisinos.br\/seedinglab\/wp-json\/wp\/v2\/pages\/7"}],"wp:featuredmedia":[{"embeddable":true,"href":"https:\/\/www.unisinos.br\/seedinglab\/wp-json\/wp\/v2\/media\/531"}],"wp:attachment":[{"href":"https:\/\/www.unisinos.br\/seedinglab\/wp-json\/wp\/v2\/media?parent=533"}],"curies":[{"name":"wp","href":"https:\/\/api.w.org\/{rel}","templated":true}]}}