{"id":507,"date":"2020-01-20T12:36:36","date_gmt":"2020-01-20T14:36:36","guid":{"rendered":"https:\/\/www.unisinos.br\/seedinglab\/?page_id=507"},"modified":"2020-01-20T12:39:49","modified_gmt":"2020-01-20T14:39:49","slug":"seminaro-metamorfogenico-5o-festival-kino-beat","status":"publish","type":"page","link":"https:\/\/www.unisinos.br\/seedinglab\/iniciativas\/seminaro-metamorfogenico-5o-festival-kino-beat\/","title":{"rendered":"Semin\u00e1ro Metamorfog\u00eanico @ 5\u00ba Festival Kino Beat"},"content":{"rendered":"<p>Em parceria com o 5\u00ba Festival Kino Beat &#8211; Arte em Movimento, realizamos dia 20.11.18 no Goethe Institut, o Semin\u00e1rio Excessos Urbanos &#8211; Caleidosc\u00f3pio Metamorfog\u00eanico com a participa\u00e7\u00e3o da profa. dra. Ione Bentz (Unisinos), do prof. Dr. Massimo Canevacci (USP) do doutorando Rodrigo Najjar (Unisinos) e da doutoranda Claudinha Palma (Unisinos)<\/p>\n<p>Ao propor a abund\u00e2ncia como tema, o festival Kino Beat tamb\u00e9m se arrisca em investigar de forma cr\u00edtica os seus efeitos sociais, culturais, pol\u00edticos e econ\u00f4micos. Com o semin\u00e1rio, visamos questionar como os excessos e transbordamentos afetam a nossa vida em sociedade, uma das provoca\u00e7\u00f5es que o festival faz a todos os participantes.<\/p>\n<p><img loading=\"lazy\" decoding=\"async\" class=\"alignnone size-full wp-image-513\" src=\"https:\/\/www.unisinos.br\/seedinglab\/wp-content\/uploads\/2020\/01\/46678711_2306259896113238_3301901128370749440_o.jpg\" alt=\"46678711_2306259896113238_3301901128370749440_o\" width=\"821\" height=\"547\" srcset=\"https:\/\/www.unisinos.br\/seedinglab\/wp-content\/uploads\/2020\/01\/46678711_2306259896113238_3301901128370749440_o.jpg 821w, https:\/\/www.unisinos.br\/seedinglab\/wp-content\/uploads\/2020\/01\/46678711_2306259896113238_3301901128370749440_o-300x200.jpg 300w, https:\/\/www.unisinos.br\/seedinglab\/wp-content\/uploads\/2020\/01\/46678711_2306259896113238_3301901128370749440_o-768x512.jpg 768w, https:\/\/www.unisinos.br\/seedinglab\/wp-content\/uploads\/2020\/01\/46678711_2306259896113238_3301901128370749440_o-570x380.jpg 570w\" sizes=\"auto, (max-width: 821px) 100vw, 821px\" \/><\/p>\n<p><img loading=\"lazy\" decoding=\"async\" class=\"size-full wp-image-514\" src=\"https:\/\/www.unisinos.br\/seedinglab\/wp-content\/uploads\/2020\/01\/46765986_2306259696113258_7119827265797488640_o-1.jpg\" alt=\"Festival Kino Beat Semin\u00e1rio Metamorfog\u00eanico Claudia Palma Ione Bentz Rodrigo Najjar Maximo Canevacci\" width=\"821\" height=\"547\" srcset=\"https:\/\/www.unisinos.br\/seedinglab\/wp-content\/uploads\/2020\/01\/46765986_2306259696113258_7119827265797488640_o-1.jpg 821w, https:\/\/www.unisinos.br\/seedinglab\/wp-content\/uploads\/2020\/01\/46765986_2306259696113258_7119827265797488640_o-1-300x200.jpg 300w, https:\/\/www.unisinos.br\/seedinglab\/wp-content\/uploads\/2020\/01\/46765986_2306259696113258_7119827265797488640_o-1-768x512.jpg 768w, https:\/\/www.unisinos.br\/seedinglab\/wp-content\/uploads\/2020\/01\/46765986_2306259696113258_7119827265797488640_o-1-570x380.jpg 570w\" sizes=\"auto, (max-width: 821px) 100vw, 821px\" \/><\/p>\n<p><img loading=\"lazy\" decoding=\"async\" class=\"alignnone size-full wp-image-516\" src=\"https:\/\/www.unisinos.br\/seedinglab\/wp-content\/uploads\/2020\/01\/46507588_2306260952779799_5954642195041484800_o.jpg\" alt=\"46507588_2306260952779799_5954642195041484800_o\" width=\"1920\" height=\"1280\" srcset=\"https:\/\/www.unisinos.br\/seedinglab\/wp-content\/uploads\/2020\/01\/46507588_2306260952779799_5954642195041484800_o.jpg 1920w, https:\/\/www.unisinos.br\/seedinglab\/wp-content\/uploads\/2020\/01\/46507588_2306260952779799_5954642195041484800_o-300x200.jpg 300w, https:\/\/www.unisinos.br\/seedinglab\/wp-content\/uploads\/2020\/01\/46507588_2306260952779799_5954642195041484800_o-768x512.jpg 768w, https:\/\/www.unisinos.br\/seedinglab\/wp-content\/uploads\/2020\/01\/46507588_2306260952779799_5954642195041484800_o-1024x683.jpg 1024w, https:\/\/www.unisinos.br\/seedinglab\/wp-content\/uploads\/2020\/01\/46507588_2306260952779799_5954642195041484800_o-570x380.jpg 570w\" sizes=\"auto, (max-width: 1920px) 100vw, 1920px\" \/><\/p>\n","protected":false},"excerpt":{"rendered":"<p>Em parceria com o 5\u00ba Festival Kino Beat &#8211; Arte em Movimento, realizamos dia 20.11.18 no Goethe Institut, o Semin\u00e1rio Excessos Urbanos &#8211; Caleidosc\u00f3pio Metamorfog\u00eanico com a participa\u00e7\u00e3o da profa. dra. Ione Bentz (Unisinos), do prof. Dr. Massimo Canevacci (USP) do doutorando Rodrigo Najjar (Unisinos) e da doutoranda Claudinha Palma (Unisinos) Ao propor a abund\u00e2ncia &hellip; <a href=\"https:\/\/www.unisinos.br\/seedinglab\/iniciativas\/seminaro-metamorfogenico-5o-festival-kino-beat\/\" class=\"more-link\">Continue lendo <span class=\"screen-reader-text\">Semin\u00e1ro Metamorfog\u00eanico @ 5\u00ba Festival Kino Beat<\/span><\/a><\/p>\n","protected":false},"author":1,"featured_media":509,"parent":7,"menu_order":0,"comment_status":"closed","ping_status":"closed","template":"","meta":{"footnotes":""},"class_list":["post-507","page","type-page","status-publish","has-post-thumbnail","hentry","with-featured-image"],"_links":{"self":[{"href":"https:\/\/www.unisinos.br\/seedinglab\/wp-json\/wp\/v2\/pages\/507","targetHints":{"allow":["GET"]}}],"collection":[{"href":"https:\/\/www.unisinos.br\/seedinglab\/wp-json\/wp\/v2\/pages"}],"about":[{"href":"https:\/\/www.unisinos.br\/seedinglab\/wp-json\/wp\/v2\/types\/page"}],"author":[{"embeddable":true,"href":"https:\/\/www.unisinos.br\/seedinglab\/wp-json\/wp\/v2\/users\/1"}],"replies":[{"embeddable":true,"href":"https:\/\/www.unisinos.br\/seedinglab\/wp-json\/wp\/v2\/comments?post=507"}],"version-history":[{"count":7,"href":"https:\/\/www.unisinos.br\/seedinglab\/wp-json\/wp\/v2\/pages\/507\/revisions"}],"predecessor-version":[{"id":519,"href":"https:\/\/www.unisinos.br\/seedinglab\/wp-json\/wp\/v2\/pages\/507\/revisions\/519"}],"up":[{"embeddable":true,"href":"https:\/\/www.unisinos.br\/seedinglab\/wp-json\/wp\/v2\/pages\/7"}],"wp:featuredmedia":[{"embeddable":true,"href":"https:\/\/www.unisinos.br\/seedinglab\/wp-json\/wp\/v2\/media\/509"}],"wp:attachment":[{"href":"https:\/\/www.unisinos.br\/seedinglab\/wp-json\/wp\/v2\/media?parent=507"}],"curies":[{"name":"wp","href":"https:\/\/api.w.org\/{rel}","templated":true}]}}