{"id":409,"date":"2019-02-25T16:41:40","date_gmt":"2019-02-25T19:41:40","guid":{"rendered":"https:\/\/www.unisinos.br\/seedinglab\/?page_id=409"},"modified":"2021-03-21T19:09:09","modified_gmt":"2021-03-21T22:09:09","slug":"jornada2019","status":"publish","type":"page","link":"https:\/\/www.unisinos.br\/seedinglab\/jornada\/jornada2019\/","title":{"rendered":"Jornada de Estudos Avan\u00e7ados em Design Estrat\u00e9gico 2019"},"content":{"rendered":"<p><span style=\"font-weight: 400;\">A <strong>Jornada de Estudos Avan\u00e7ados em Design Estrat\u00e9gic<\/strong>o (<\/span><i><span style=\"font-weight: 400;\">Graduate conference<\/span><\/i><span style=\"font-weight: 400;\">) \u00e9 um evento cient\u00edfico destinado a acad\u00eamicos e profissionais de Design, e demais interessados na Escola da Ind\u00fastria Criativa.<\/span><\/p>\n<p><span style=\"font-weight: 400;\">O evento aconteceu nos dias <\/span><b>19 e 20 de agosto<\/b><span style=\"font-weight: 400;\">, no per\u00edodo entre <\/span><b>9h e 18h<\/b><span style=\"font-weight: 400;\">, na Unisinos Campus Porto Alegre TEDU (sala 803).<\/span><\/p>\n<p><b>CONVIDADO ESPECIAL &#8211;\u00a0 EDI\u00c7\u00c3O 2019<\/b><\/p>\n<p><a href=\"https:\/\/www.unisinos.br\/seedinglab\/wp-content\/uploads\/2019\/02\/Card_VASSAO_02.png\"><img loading=\"lazy\" decoding=\"async\" class=\"alignnone wp-image-484 size-medium_large\" src=\"https:\/\/www.unisinos.br\/seedinglab\/wp-content\/uploads\/2019\/02\/Card_VASSAO_02-768x768.png\" alt=\"card_vassao_02\" width=\"620\" height=\"620\" srcset=\"https:\/\/www.unisinos.br\/seedinglab\/wp-content\/uploads\/2019\/02\/Card_VASSAO_02-768x768.png 768w, https:\/\/www.unisinos.br\/seedinglab\/wp-content\/uploads\/2019\/02\/Card_VASSAO_02-150x150.png 150w, https:\/\/www.unisinos.br\/seedinglab\/wp-content\/uploads\/2019\/02\/Card_VASSAO_02-300x300.png 300w, https:\/\/www.unisinos.br\/seedinglab\/wp-content\/uploads\/2019\/02\/Card_VASSAO_02-90x90.png 90w, https:\/\/www.unisinos.br\/seedinglab\/wp-content\/uploads\/2019\/02\/Card_VASSAO_02-380x380.png 380w, https:\/\/www.unisinos.br\/seedinglab\/wp-content\/uploads\/2019\/02\/Card_VASSAO_02.png 1000w\" sizes=\"auto, (max-width: 620px) 100vw, 620px\" \/><\/a><\/p>\n<p><span style=\"font-weight: 400;\"><strong>Caio Vass\u00e3o<\/strong> \u00e9 arquiteto, Doutor em Design e Arquitetura e pesquisador do grupo <\/span><i><span style=\"font-weight: 400;\">Cen\u00e1rios Urbanos Futuros<\/span><\/i><span style=\"font-weight: 400;\"> (RlTe) vinculado \u00e0 Faculdade de Arquitetura e Urbanismo da Universidade de S\u00e3o Paulo (FAU-USP). Autor de <\/span><i><span style=\"font-weight: 400;\">Metadesign<\/span><\/i><span style=\"font-weight: 400;\">: <\/span><i><span style=\"font-weight: 400;\">ferramentas, estrat\u00e9gias e \u00e9tica para a complexidade<\/span><\/i><span style=\"font-weight: 400;\"> (2010).<\/span><\/p>\n<p>&nbsp;<\/p>\n<hr \/>\n<p><a href=\"https:\/\/www.unisinos.br\/seedinglab\/wp-content\/uploads\/2019\/08\/mesa-redonda_JORNADA19_03.jpg\"><img loading=\"lazy\" decoding=\"async\" class=\"alignnone wp-image-496 size-large\" src=\"https:\/\/www.unisinos.br\/seedinglab\/wp-content\/uploads\/2019\/08\/mesa-redonda_JORNADA19_03-1024x1024.jpg\" alt=\"mesa-redonda_jornada19_03\" width=\"620\" height=\"620\" srcset=\"https:\/\/www.unisinos.br\/seedinglab\/wp-content\/uploads\/2019\/08\/mesa-redonda_JORNADA19_03-1024x1024.jpg 1024w, https:\/\/www.unisinos.br\/seedinglab\/wp-content\/uploads\/2019\/08\/mesa-redonda_JORNADA19_03-150x150.jpg 150w, https:\/\/www.unisinos.br\/seedinglab\/wp-content\/uploads\/2019\/08\/mesa-redonda_JORNADA19_03-300x300.jpg 300w, https:\/\/www.unisinos.br\/seedinglab\/wp-content\/uploads\/2019\/08\/mesa-redonda_JORNADA19_03-768x768.jpg 768w, https:\/\/www.unisinos.br\/seedinglab\/wp-content\/uploads\/2019\/08\/mesa-redonda_JORNADA19_03-90x90.jpg 90w, https:\/\/www.unisinos.br\/seedinglab\/wp-content\/uploads\/2019\/08\/mesa-redonda_JORNADA19_03-380x380.jpg 380w, https:\/\/www.unisinos.br\/seedinglab\/wp-content\/uploads\/2019\/08\/mesa-redonda_JORNADA19_03.jpg 1280w\" sizes=\"auto, (max-width: 620px) 100vw, 620px\" \/><\/a><\/p>\n<hr \/>\n<p><b>Comit\u00ea de organiza\u00e7\u00e3o<\/b><\/p>\n<p>Ione M. G. Bentz<br \/>\nDanielle Difante Pedrozo<br \/>\nJ. B. Alves<br \/>\nRodrigo Najar<br \/>\nMarcia Regina Diehl<\/p>\n<p><b>Comit\u00ea cient\u00edfico<\/b><span style=\"font-weight: 400;\"><br \/>\n<\/span><\/p>\n<p>Caio Adorno Vass\u00e3o (FAUUSP)<br \/>\nDanielle Difante Pedrozo (UFSM e UNISINOS)<br \/>\nD\u00e9bora Aita Gasparetto (UFSM)<br \/>\nEdu Fernandes Jacques Filho (UNISINOS)<br \/>\nF\u00e1tima Aparecida dos Santos (UNB)<br \/>\nGuilherme Englert Corr\u00eaa Meyer (UNISINOS)<br \/>\nGustavo Daudt Fischer (UNISINOS)<br \/>\nIone Maria Ghislene Bentz (UNISINOS)<br \/>\nJuliano Barcelos Alves (UNISINOS)<br \/>\nPaulo Bittencourt (UNISINOS)<br \/>\nRoberta Rech Mandelli (UNISINOS)<br \/>\nS\u00e9rgio Eduardo Mariucci (UNISINOS)<\/p>\n<p>&nbsp;<\/p>\n<p><strong>A publica\u00e7\u00e3o do Caderno contendo os textos completos da\u00a0edi\u00e7\u00e3o de 2019 est\u00e1 dispon\u00edvel aqui:<\/strong><\/p>\n<ul>\n<li><a href=\"https:\/\/www.unisinos.br\/seedinglab\/wp-content\/uploads\/2021\/03\/caderno_III_jornada_de_2019.pdf\" target=\"_blank\">Caderno da III Jornada [2019]<\/a><\/li>\n<\/ul>\n<p>&nbsp;<\/p>\n<p><strong>Programa\u00e7\u00e3o da Jornada 2019<\/strong><\/p>\n<p>&nbsp;<\/p>\n","protected":false},"excerpt":{"rendered":"<p>A Jornada de Estudos Avan\u00e7ados em Design Estrat\u00e9gico (Graduate conference) \u00e9 um evento cient\u00edfico destinado a acad\u00eamicos e profissionais de Design, e demais interessados na Escola da Ind\u00fastria Criativa. O evento aconteceu nos dias 19 e 20 de agosto, no per\u00edodo entre 9h e 18h, na Unisinos Campus Porto Alegre TEDU (sala 803). CONVIDADO ESPECIAL &hellip; <a href=\"https:\/\/www.unisinos.br\/seedinglab\/jornada\/jornada2019\/\" class=\"more-link\">Continue lendo <span class=\"screen-reader-text\">Jornada de Estudos Avan\u00e7ados em Design Estrat\u00e9gico 2019<\/span><\/a><\/p>\n","protected":false},"author":1,"featured_media":0,"parent":673,"menu_order":0,"comment_status":"closed","ping_status":"closed","template":"","meta":{"footnotes":""},"class_list":["post-409","page","type-page","status-publish","hentry","without-featured-image"],"_links":{"self":[{"href":"https:\/\/www.unisinos.br\/seedinglab\/wp-json\/wp\/v2\/pages\/409","targetHints":{"allow":["GET"]}}],"collection":[{"href":"https:\/\/www.unisinos.br\/seedinglab\/wp-json\/wp\/v2\/pages"}],"about":[{"href":"https:\/\/www.unisinos.br\/seedinglab\/wp-json\/wp\/v2\/types\/page"}],"author":[{"embeddable":true,"href":"https:\/\/www.unisinos.br\/seedinglab\/wp-json\/wp\/v2\/users\/1"}],"replies":[{"embeddable":true,"href":"https:\/\/www.unisinos.br\/seedinglab\/wp-json\/wp\/v2\/comments?post=409"}],"version-history":[{"count":69,"href":"https:\/\/www.unisinos.br\/seedinglab\/wp-json\/wp\/v2\/pages\/409\/revisions"}],"predecessor-version":[{"id":700,"href":"https:\/\/www.unisinos.br\/seedinglab\/wp-json\/wp\/v2\/pages\/409\/revisions\/700"}],"up":[{"embeddable":true,"href":"https:\/\/www.unisinos.br\/seedinglab\/wp-json\/wp\/v2\/pages\/673"}],"wp:attachment":[{"href":"https:\/\/www.unisinos.br\/seedinglab\/wp-json\/wp\/v2\/media?parent=409"}],"curies":[{"name":"wp","href":"https:\/\/api.w.org\/{rel}","templated":true}]}}