{"id":397,"date":"2018-04-17T16:06:59","date_gmt":"2018-04-17T19:06:59","guid":{"rendered":"https:\/\/www.unisinos.br\/seedinglab\/?page_id=397"},"modified":"2018-04-17T16:09:19","modified_gmt":"2018-04-17T19:09:19","slug":"ecossistema-criativo-da-moda-sustentavel","status":"publish","type":"page","link":"https:\/\/www.unisinos.br\/seedinglab\/iniciativas\/ecossistema-criativo-da-moda-sustentavel\/","title":{"rendered":"Ecossistema Criativo da Moda Sustent\u00e1vel"},"content":{"rendered":"<p>No dia 08 de Abril de 2018, durante a programa\u00e7\u00e3o da Virada Sustent\u00e1vel em Porto Alegre, aconteceu o debate intitulado \u201cSustentabilidade na moda: qual o nosso papel?\u201d, promovido pelo Ecossistema Criativo da Moda Sustent\u00e1vel e organizado pela mestranda em Design Estrat\u00e9gico Deise da Luz. O Ecossistema Criativo da Moda Sustent\u00e1vel foi ativado na cidade de Porto Alegre no ano de 2017, liderado pela Prof. Dra Karine Freire, coordenadora do Programa de P\u00f3s Gradua\u00e7\u00e3o em Design da UNISINOS, e membro Seedinglab.<\/p>\n<p>Link para a apresenta\u00e7\u00e3o do Ecossistema Criativo da Moda Sustent\u00e1vel: <a href=\"https:\/\/drive.google.com\/file\/d\/1qmcT_cvILhY1E8vUqBVwasdHiFYGmbp7\/view?usp=sharing\">https:\/\/drive.google.com\/file\/d\/1qmcT_cvILhY1E8vUqBVwasdHiFYGmbp7\/view?usp=sharing<\/a><\/p>\n<p>A iniciativa baseou-se numa interven\u00e7\u00e3o que questiona como as pessoas podem ajudar na transforma\u00e7\u00e3o do sistema da moda. Pretendeu-se estimular a produ\u00e7\u00e3o cultural e a circula\u00e7\u00e3o de informa\u00e7\u00f5es sobre a cultura da sustentabilidade na moda a partir da interpreta\u00e7\u00e3o de duas artistas locais, do Manifesto co-criado pelos atores do Ecossistema: Am\u00e9lia @mulheresamelia e Marcela de Bettio @marceladebettio. As ilustra\u00e7\u00f5es, mostradas abaixo, funcionam como dispositivo para a gera\u00e7\u00e3o de conte\u00fados producentes que est\u00e3o sendo circulados pelos participantes do debate como forma de ativismo digital em prol da inova\u00e7\u00e3o cultural na moda.<\/p>\n<p><img loading=\"lazy\" decoding=\"async\" class=\"alignleft size-full wp-image-402\" src=\"https:\/\/www.unisinos.br\/seedinglab\/wp-content\/uploads\/2018\/04\/Postal-1_verso.png\" alt=\"postal-1_verso\" width=\"619\" height=\"805\" srcset=\"https:\/\/www.unisinos.br\/seedinglab\/wp-content\/uploads\/2018\/04\/Postal-1_verso.png 619w, https:\/\/www.unisinos.br\/seedinglab\/wp-content\/uploads\/2018\/04\/Postal-1_verso-231x300.png 231w, https:\/\/www.unisinos.br\/seedinglab\/wp-content\/uploads\/2018\/04\/Postal-1_verso-292x380.png 292w\" sizes=\"auto, (max-width: 619px) 100vw, 619px\" \/><\/p>\n<p><img loading=\"lazy\" decoding=\"async\" class=\"alignleft size-full wp-image-400\" src=\"https:\/\/www.unisinos.br\/seedinglab\/wp-content\/uploads\/2018\/04\/Postal-2_frente.png\" alt=\"postal-2_frente\" width=\"1116\" height=\"825\" srcset=\"https:\/\/www.unisinos.br\/seedinglab\/wp-content\/uploads\/2018\/04\/Postal-2_frente.png 1116w, https:\/\/www.unisinos.br\/seedinglab\/wp-content\/uploads\/2018\/04\/Postal-2_frente-300x222.png 300w, https:\/\/www.unisinos.br\/seedinglab\/wp-content\/uploads\/2018\/04\/Postal-2_frente-768x568.png 768w, https:\/\/www.unisinos.br\/seedinglab\/wp-content\/uploads\/2018\/04\/Postal-2_frente-1024x757.png 1024w, https:\/\/www.unisinos.br\/seedinglab\/wp-content\/uploads\/2018\/04\/Postal-2_frente-514x380.png 514w\" sizes=\"auto, (max-width: 1116px) 100vw, 1116px\" \/><\/p>\n<p><img loading=\"lazy\" decoding=\"async\" class=\"alignleft size-full wp-image-399\" src=\"https:\/\/www.unisinos.br\/seedinglab\/wp-content\/uploads\/2018\/04\/postal-1_frente.png\" alt=\"postal-1_frente\" width=\"615\" height=\"856\" srcset=\"https:\/\/www.unisinos.br\/seedinglab\/wp-content\/uploads\/2018\/04\/postal-1_frente.png 615w, https:\/\/www.unisinos.br\/seedinglab\/wp-content\/uploads\/2018\/04\/postal-1_frente-216x300.png 216w, https:\/\/www.unisinos.br\/seedinglab\/wp-content\/uploads\/2018\/04\/postal-1_frente-273x380.png 273w\" sizes=\"auto, (max-width: 615px) 100vw, 615px\" \/><\/p>\n<p>O principal objetivo foi difundir a cultura da sustentabilidade a partir dessa interven\u00e7\u00e3o e da apresenta\u00e7\u00e3o do ecossistema e suas a\u00e7\u00f5es, realizado pela Prof. Karine Freire.<br \/>\nAl\u00e9m disso, o evento tamb\u00e9m contou com a presen\u00e7a da Cac\u00e1 Camargo e de Janine Ledur. Cac\u00e1 \u00e9 doutoranda em design pela UFRGS e professora do Bacharelado em Moda da UNISINOS, ativista de moda sustent\u00e1vel e coordenadora do n\u00facleo de educa\u00e7\u00e3o do Movimento Fashion Revolution. No evento, apresentou o Fashion Revolution Poa e as atividades que acontecer\u00e3o na semana do dia 24 de Abril. Janine Ledur \u00e9 coordenadora e docente do curso de Moda no Senac de Canoas e dividiu com o p\u00fablico o seu olhar sobre a educa\u00e7\u00e3o profissional relacionada \u00e0 moda e a sua import\u00e2ncia para a transforma\u00e7\u00e3o do sistema atual. Na a\u00e7\u00e3o, foi lan\u00e7ada a hashtag mantra do ecossistema #modamudamundo<\/p>\n<p><img loading=\"lazy\" decoding=\"async\" class=\"alignleft size-full wp-image-401\" src=\"https:\/\/www.unisinos.br\/seedinglab\/wp-content\/uploads\/2018\/04\/programacao.jpg\" alt=\"programacao\" width=\"900\" height=\"900\" srcset=\"https:\/\/www.unisinos.br\/seedinglab\/wp-content\/uploads\/2018\/04\/programacao.jpg 900w, https:\/\/www.unisinos.br\/seedinglab\/wp-content\/uploads\/2018\/04\/programacao-150x150.jpg 150w, https:\/\/www.unisinos.br\/seedinglab\/wp-content\/uploads\/2018\/04\/programacao-300x300.jpg 300w, https:\/\/www.unisinos.br\/seedinglab\/wp-content\/uploads\/2018\/04\/programacao-768x768.jpg 768w, https:\/\/www.unisinos.br\/seedinglab\/wp-content\/uploads\/2018\/04\/programacao-90x90.jpg 90w, https:\/\/www.unisinos.br\/seedinglab\/wp-content\/uploads\/2018\/04\/programacao-380x380.jpg 380w\" sizes=\"auto, (max-width: 900px) 100vw, 900px\" \/><\/p>\n<p>&nbsp;<\/p>\n<p><img loading=\"lazy\" decoding=\"async\" class=\"alignleft size-full wp-image-403\" src=\"https:\/\/www.unisinos.br\/seedinglab\/wp-content\/uploads\/2018\/04\/Postal-2_verso.png\" alt=\"postal-2_verso\" width=\"1174\" height=\"767\" srcset=\"https:\/\/www.unisinos.br\/seedinglab\/wp-content\/uploads\/2018\/04\/Postal-2_verso.png 1174w, https:\/\/www.unisinos.br\/seedinglab\/wp-content\/uploads\/2018\/04\/Postal-2_verso-300x196.png 300w, https:\/\/www.unisinos.br\/seedinglab\/wp-content\/uploads\/2018\/04\/Postal-2_verso-768x502.png 768w, https:\/\/www.unisinos.br\/seedinglab\/wp-content\/uploads\/2018\/04\/Postal-2_verso-1024x669.png 1024w, https:\/\/www.unisinos.br\/seedinglab\/wp-content\/uploads\/2018\/04\/Postal-2_verso-582x380.png 582w\" sizes=\"auto, (max-width: 1174px) 100vw, 1174px\" \/><\/p>\n","protected":false},"excerpt":{"rendered":"<p>No dia 08 de Abril de 2018, durante a programa\u00e7\u00e3o da Virada Sustent\u00e1vel em Porto Alegre, aconteceu o debate intitulado \u201cSustentabilidade na moda: qual o nosso papel?\u201d, promovido pelo Ecossistema Criativo da Moda Sustent\u00e1vel e organizado pela mestranda em Design Estrat\u00e9gico Deise da Luz. O Ecossistema Criativo da Moda Sustent\u00e1vel foi ativado na cidade de &hellip; <a href=\"https:\/\/www.unisinos.br\/seedinglab\/iniciativas\/ecossistema-criativo-da-moda-sustentavel\/\" class=\"more-link\">Continue lendo <span class=\"screen-reader-text\">Ecossistema Criativo da Moda Sustent\u00e1vel<\/span><\/a><\/p>\n","protected":false},"author":1,"featured_media":398,"parent":7,"menu_order":0,"comment_status":"closed","ping_status":"closed","template":"","meta":{"footnotes":""},"class_list":["post-397","page","type-page","status-publish","has-post-thumbnail","hentry","with-featured-image"],"_links":{"self":[{"href":"https:\/\/www.unisinos.br\/seedinglab\/wp-json\/wp\/v2\/pages\/397","targetHints":{"allow":["GET"]}}],"collection":[{"href":"https:\/\/www.unisinos.br\/seedinglab\/wp-json\/wp\/v2\/pages"}],"about":[{"href":"https:\/\/www.unisinos.br\/seedinglab\/wp-json\/wp\/v2\/types\/page"}],"author":[{"embeddable":true,"href":"https:\/\/www.unisinos.br\/seedinglab\/wp-json\/wp\/v2\/users\/1"}],"replies":[{"embeddable":true,"href":"https:\/\/www.unisinos.br\/seedinglab\/wp-json\/wp\/v2\/comments?post=397"}],"version-history":[{"count":3,"href":"https:\/\/www.unisinos.br\/seedinglab\/wp-json\/wp\/v2\/pages\/397\/revisions"}],"predecessor-version":[{"id":406,"href":"https:\/\/www.unisinos.br\/seedinglab\/wp-json\/wp\/v2\/pages\/397\/revisions\/406"}],"up":[{"embeddable":true,"href":"https:\/\/www.unisinos.br\/seedinglab\/wp-json\/wp\/v2\/pages\/7"}],"wp:featuredmedia":[{"embeddable":true,"href":"https:\/\/www.unisinos.br\/seedinglab\/wp-json\/wp\/v2\/media\/398"}],"wp:attachment":[{"href":"https:\/\/www.unisinos.br\/seedinglab\/wp-json\/wp\/v2\/media?parent=397"}],"curies":[{"name":"wp","href":"https:\/\/api.w.org\/{rel}","templated":true}]}}