{"id":334,"date":"2017-08-14T11:51:27","date_gmt":"2017-08-14T14:51:27","guid":{"rendered":"https:\/\/www.unisinos.br\/seedinglab\/?page_id=334"},"modified":"2017-11-17T10:42:36","modified_gmt":"2017-11-17T12:42:36","slug":"design-para-democracia","status":"publish","type":"page","link":"https:\/\/www.unisinos.br\/seedinglab\/iniciativas\/design-para-democracia\/","title":{"rendered":"Design para Democracia"},"content":{"rendered":"<p>Em resposta \u00e0 carta dos designers Ezio Manzini e Victor Margolin intitulada &#8220;Stand Up for Democracy&#8221;, o SeedingLab (Grupo de Pesquisa em Design Estrat\u00e9gico para Inova\u00e7\u00e3o Cultural e Social e filiado \u00e0 DESIS Network) criou um ciclo de eventos para debater o papel do Design para a Democracia: para question\u00e1-la, fortalec\u00ea-la, romp\u00ea-la, recri\u00e1-la\u2026 em suma, para dar voz e vez a uma cidadania renovada, ciente de seu papel e seu agir.<\/p>\n<p>Convidamos a comunidade do Design de Porto Alegre a responder conosco esse chamado!<\/p>\n<p>De junho at\u00e9 o final do ano de 2017 teremos encontros mensais, com formatos diferentes, onde iremos estimular a discuss\u00e3o, a troca e a a\u00e7\u00e3o projetual.<\/p>\n<p><a href=\"https:\/\/www.unisinos.br\/seedinglab\/index.php\/2017\/06\/26\/design-para-democracia-1\/\">#1 &#8211; Democracia e M\u00eddias &#8211; julho<\/a><\/p>\n<p><img loading=\"lazy\" decoding=\"async\" class=\"alignnone size-full wp-image-377\" src=\"https:\/\/www.unisinos.br\/seedinglab\/wp-content\/uploads\/2017\/08\/19510520_1910251845919324_3671560595335404868_n.jpg\" alt=\"19510520_1910251845919324_3671560595335404868_n\" width=\"821\" height=\"354\" srcset=\"https:\/\/www.unisinos.br\/seedinglab\/wp-content\/uploads\/2017\/08\/19510520_1910251845919324_3671560595335404868_n.jpg 821w, https:\/\/www.unisinos.br\/seedinglab\/wp-content\/uploads\/2017\/08\/19510520_1910251845919324_3671560595335404868_n-300x129.jpg 300w, https:\/\/www.unisinos.br\/seedinglab\/wp-content\/uploads\/2017\/08\/19510520_1910251845919324_3671560595335404868_n-768x331.jpg 768w\" sizes=\"auto, (max-width: 821px) 100vw, 821px\" \/><\/p>\n<p><a href=\"https:\/\/www.unisinos.br\/seedinglab\/index.php\/2017\/07\/28\/design-para-democracia-2\/\">#2 &#8211; Design e Cidadania no Espa\u00e7o Urbano &#8211; agosto<\/a><\/p>\n<p><img loading=\"lazy\" decoding=\"async\" class=\"alignnone size-full wp-image-328\" src=\"https:\/\/www.unisinos.br\/seedinglab\/wp-content\/uploads\/2017\/07\/20374558_1927352627542579_994130932223556575_n.jpg\" alt=\"20374558_1927352627542579_994130932223556575_n\" width=\"821\" height=\"354\" srcset=\"https:\/\/www.unisinos.br\/seedinglab\/wp-content\/uploads\/2017\/07\/20374558_1927352627542579_994130932223556575_n.jpg 821w, https:\/\/www.unisinos.br\/seedinglab\/wp-content\/uploads\/2017\/07\/20374558_1927352627542579_994130932223556575_n-300x129.jpg 300w, https:\/\/www.unisinos.br\/seedinglab\/wp-content\/uploads\/2017\/07\/20374558_1927352627542579_994130932223556575_n-768x331.jpg 768w\" sizes=\"auto, (max-width: 821px) 100vw, 821px\" \/><\/p>\n<p><a href=\"https:\/\/www.unisinos.br\/seedinglab\/index.php\/2017\/09\/01\/design-para-democracia-3\/\">#3 &#8211; \u00c9tica, Design e Democracia &#8211; setembro<\/a><\/p>\n<p><img loading=\"lazy\" decoding=\"async\" class=\"alignnone size-full wp-image-360\" src=\"https:\/\/www.unisinos.br\/seedinglab\/wp-content\/uploads\/2017\/10\/DD3_FACEBOOK.jpg\" alt=\"dd3_facebook\" width=\"821\" height=\"354\" srcset=\"https:\/\/www.unisinos.br\/seedinglab\/wp-content\/uploads\/2017\/10\/DD3_FACEBOOK.jpg 821w, https:\/\/www.unisinos.br\/seedinglab\/wp-content\/uploads\/2017\/10\/DD3_FACEBOOK-300x129.jpg 300w, https:\/\/www.unisinos.br\/seedinglab\/wp-content\/uploads\/2017\/10\/DD3_FACEBOOK-768x331.jpg 768w\" sizes=\"auto, (max-width: 821px) 100vw, 821px\" \/><\/p>\n<p><a href=\"https:\/\/www.unisinos.br\/seedinglab\/index.php\/2017\/10\/27\/dd04-a-visao-dos-servicos-academicos-na-unisinos\/\">#4 &#8211; A vis\u00e3o dos servi\u00e7os acad\u00eamicos na Unisinos &#8211; outubro<\/a><\/p>\n<p><img loading=\"lazy\" decoding=\"async\" class=\"alignnone size-full wp-image-378\" src=\"https:\/\/www.unisinos.br\/seedinglab\/wp-content\/uploads\/2017\/08\/DD4-Facebook.png\" alt=\"dd4-facebook\" width=\"821\" height=\"354\" srcset=\"https:\/\/www.unisinos.br\/seedinglab\/wp-content\/uploads\/2017\/08\/DD4-Facebook.png 821w, https:\/\/www.unisinos.br\/seedinglab\/wp-content\/uploads\/2017\/08\/DD4-Facebook-300x129.png 300w, https:\/\/www.unisinos.br\/seedinglab\/wp-content\/uploads\/2017\/08\/DD4-Facebook-768x331.png 768w\" sizes=\"auto, (max-width: 821px) 100vw, 821px\" \/><\/p>\n<p><a href=\"https:\/\/www.unisinos.br\/seedinglab\/index.php\/2017\/11\/14\/design-para-democracia-5\/\">#5 &#8211; Vis\u00f5es sobre pr\u00e1ticas e processos de design &#8211; novembro<\/a><\/p>\n<p><img loading=\"lazy\" decoding=\"async\" class=\"alignnone size-full wp-image-374\" src=\"https:\/\/www.unisinos.br\/seedinglab\/wp-content\/uploads\/2017\/11\/DD5-Facebook-A.jpg\" alt=\"dd5-facebook-a\" width=\"821\" height=\"354\" srcset=\"https:\/\/www.unisinos.br\/seedinglab\/wp-content\/uploads\/2017\/11\/DD5-Facebook-A.jpg 821w, https:\/\/www.unisinos.br\/seedinglab\/wp-content\/uploads\/2017\/11\/DD5-Facebook-A-300x129.jpg 300w, https:\/\/www.unisinos.br\/seedinglab\/wp-content\/uploads\/2017\/11\/DD5-Facebook-A-768x331.jpg 768w\" sizes=\"auto, (max-width: 821px) 100vw, 821px\" \/><\/p>\n","protected":false},"excerpt":{"rendered":"<p>Em resposta \u00e0 carta dos designers Ezio Manzini e Victor Margolin intitulada &#8220;Stand Up for Democracy&#8221;, o SeedingLab (Grupo de Pesquisa em Design Estrat\u00e9gico para Inova\u00e7\u00e3o Cultural e Social e filiado \u00e0 DESIS Network) criou um ciclo de eventos para debater o papel do Design para a Democracia: para question\u00e1-la, fortalec\u00ea-la, romp\u00ea-la, recri\u00e1-la\u2026 em suma, &hellip; <a href=\"https:\/\/www.unisinos.br\/seedinglab\/iniciativas\/design-para-democracia\/\" class=\"more-link\">Continue lendo <span class=\"screen-reader-text\">Design para Democracia<\/span><\/a><\/p>\n","protected":false},"author":1,"featured_media":335,"parent":7,"menu_order":0,"comment_status":"closed","ping_status":"closed","template":"","meta":{"footnotes":""},"class_list":["post-334","page","type-page","status-publish","has-post-thumbnail","hentry","with-featured-image"],"_links":{"self":[{"href":"https:\/\/www.unisinos.br\/seedinglab\/wp-json\/wp\/v2\/pages\/334","targetHints":{"allow":["GET"]}}],"collection":[{"href":"https:\/\/www.unisinos.br\/seedinglab\/wp-json\/wp\/v2\/pages"}],"about":[{"href":"https:\/\/www.unisinos.br\/seedinglab\/wp-json\/wp\/v2\/types\/page"}],"author":[{"embeddable":true,"href":"https:\/\/www.unisinos.br\/seedinglab\/wp-json\/wp\/v2\/users\/1"}],"replies":[{"embeddable":true,"href":"https:\/\/www.unisinos.br\/seedinglab\/wp-json\/wp\/v2\/comments?post=334"}],"version-history":[{"count":4,"href":"https:\/\/www.unisinos.br\/seedinglab\/wp-json\/wp\/v2\/pages\/334\/revisions"}],"predecessor-version":[{"id":379,"href":"https:\/\/www.unisinos.br\/seedinglab\/wp-json\/wp\/v2\/pages\/334\/revisions\/379"}],"up":[{"embeddable":true,"href":"https:\/\/www.unisinos.br\/seedinglab\/wp-json\/wp\/v2\/pages\/7"}],"wp:featuredmedia":[{"embeddable":true,"href":"https:\/\/www.unisinos.br\/seedinglab\/wp-json\/wp\/v2\/media\/335"}],"wp:attachment":[{"href":"https:\/\/www.unisinos.br\/seedinglab\/wp-json\/wp\/v2\/media?parent=334"}],"curies":[{"name":"wp","href":"https:\/\/api.w.org\/{rel}","templated":true}]}}