{"id":304,"date":"2017-06-07T11:15:08","date_gmt":"2017-06-07T14:15:08","guid":{"rendered":"https:\/\/www.unisinos.br\/seedinglab\/?page_id=304"},"modified":"2017-06-07T11:28:06","modified_gmt":"2017-06-07T14:28:06","slug":"sementes-urbanas","status":"publish","type":"page","link":"https:\/\/www.unisinos.br\/seedinglab\/iniciativas\/sementes-urbanas\/","title":{"rendered":"Sementes Urbanas"},"content":{"rendered":"<p>O projeto Sementes Urbanas tem a inten\u00e7\u00e3o de promover a reflex\u00e3o e o debate entre diferentes olhares para a cidade. O projeto convida a comunidade a dialogar sobre o espa\u00e7o onde vivemos.<\/p>\n","protected":false},"excerpt":{"rendered":"<p>O projeto Sementes Urbanas tem a inten\u00e7\u00e3o de promover a reflex\u00e3o e o debate entre diferentes olhares para a cidade. O projeto convida a comunidade a dialogar sobre o espa\u00e7o onde vivemos.<\/p>\n","protected":false},"author":1,"featured_media":307,"parent":7,"menu_order":3,"comment_status":"closed","ping_status":"closed","template":"","meta":{"footnotes":""},"class_list":["post-304","page","type-page","status-publish","has-post-thumbnail","hentry","with-featured-image"],"_links":{"self":[{"href":"https:\/\/www.unisinos.br\/seedinglab\/wp-json\/wp\/v2\/pages\/304","targetHints":{"allow":["GET"]}}],"collection":[{"href":"https:\/\/www.unisinos.br\/seedinglab\/wp-json\/wp\/v2\/pages"}],"about":[{"href":"https:\/\/www.unisinos.br\/seedinglab\/wp-json\/wp\/v2\/types\/page"}],"author":[{"embeddable":true,"href":"https:\/\/www.unisinos.br\/seedinglab\/wp-json\/wp\/v2\/users\/1"}],"replies":[{"embeddable":true,"href":"https:\/\/www.unisinos.br\/seedinglab\/wp-json\/wp\/v2\/comments?post=304"}],"version-history":[{"count":1,"href":"https:\/\/www.unisinos.br\/seedinglab\/wp-json\/wp\/v2\/pages\/304\/revisions"}],"predecessor-version":[{"id":305,"href":"https:\/\/www.unisinos.br\/seedinglab\/wp-json\/wp\/v2\/pages\/304\/revisions\/305"}],"up":[{"embeddable":true,"href":"https:\/\/www.unisinos.br\/seedinglab\/wp-json\/wp\/v2\/pages\/7"}],"wp:featuredmedia":[{"embeddable":true,"href":"https:\/\/www.unisinos.br\/seedinglab\/wp-json\/wp\/v2\/media\/307"}],"wp:attachment":[{"href":"https:\/\/www.unisinos.br\/seedinglab\/wp-json\/wp\/v2\/media?parent=304"}],"curies":[{"name":"wp","href":"https:\/\/api.w.org\/{rel}","templated":true}]}}