{"id":30,"date":"2016-06-20T15:44:38","date_gmt":"2016-06-20T15:44:38","guid":{"rendered":"https:\/\/seedinglab.wordpress.com\/?page_id=30"},"modified":"2021-08-29T15:55:59","modified_gmt":"2021-08-29T18:55:59","slug":"livros","status":"publish","type":"page","link":"https:\/\/www.unisinos.br\/seedinglab\/biblioteca\/livros\/","title":{"rendered":"Livros"},"content":{"rendered":"<p><img loading=\"lazy\" decoding=\"async\" class=\"alignleft size-medium wp-image-759\" src=\"https:\/\/www.unisinos.br\/seedinglab\/wp-content\/uploads\/2021\/08\/capa-livro-214x300.jpg\" alt=\"capa-livro\" width=\"214\" height=\"300\" srcset=\"https:\/\/www.unisinos.br\/seedinglab\/wp-content\/uploads\/2021\/08\/capa-livro-214x300.jpg 214w, https:\/\/www.unisinos.br\/seedinglab\/wp-content\/uploads\/2021\/08\/capa-livro-271x380.jpg 271w, https:\/\/www.unisinos.br\/seedinglab\/wp-content\/uploads\/2021\/08\/capa-livro.jpg 298w\" sizes=\"auto, (max-width: 214px) 100vw, 214px\" \/>Este livro \u00e9 o registro de um momento importante na hist\u00f3ria do Grupo de Pesquisa Design Estrat\u00e9gico para a Inova\u00e7\u00e3o Cultural e Social do Programa de P\u00f3s-Gradua\u00e7\u00e3o em Design da Unisinos. Grupo que, no entrecruzamento das teorias marcantes da produ\u00e7\u00e3o cient\u00edfica contempor\u00e2nea \u2013 dos estruturalismos \u00e0 complexidade \u2013, desde 2010 prop\u00f5e-se a identificar novos olhares sobre os processos socioculturais relevantes para a Inova\u00e7\u00e3o Cultural e Social, pelas pesquisas nas \u00e1reas de Design, Artes e Comunica\u00e7\u00e3o. E, a partir deles, propor solu\u00e7\u00f5es para processos sociais e comunicacionais pela metodologia do Design Estrat\u00e9gico, nas perspectivas do Design de experi\u00eancias e de servi\u00e7os. No momento de sua constitui\u00e7\u00e3o, o grupo identificou uma car\u00eancia de estudos te\u00f3ricos no \u00e2mbito da produ\u00e7\u00e3o de conhecimento e de propostas pragm\u00e1ticas de implementa\u00e7\u00e3o, no \u00e2mbito das organiza\u00e7\u00f5es p\u00fablicas ou privadas brasileiras. A vers\u00e3o f\u00edsica deste livro foi publicada em 2015 pela editora Kazu\u00e1 e agora \u00e9 disponibilizado no formato digital, aberto e gratuito.<\/p>\n<p><a href=\"https:\/\/www.unisinos.br\/seedinglab\/wp-content\/uploads\/2021\/08\/Ebook-DEICS_20210827.pdf\">Para fazer o download do ebook clique aqui<\/a>.<\/p>\n<p>&nbsp;<\/p>\n","protected":false},"excerpt":{"rendered":"<p>Este livro \u00e9 o registro de um momento importante na hist\u00f3ria do Grupo de Pesquisa Design Estrat\u00e9gico para a Inova\u00e7\u00e3o Cultural e Social do Programa de P\u00f3s-Gradua\u00e7\u00e3o em Design da Unisinos. Grupo que, no entrecruzamento das teorias marcantes da produ\u00e7\u00e3o cient\u00edfica contempor\u00e2nea \u2013 dos estruturalismos \u00e0 complexidade \u2013, desde 2010 prop\u00f5e-se a identificar novos olhares &hellip; <a href=\"https:\/\/www.unisinos.br\/seedinglab\/biblioteca\/livros\/\" class=\"more-link\">Continue lendo <span class=\"screen-reader-text\">Livros<\/span><\/a><\/p>\n","protected":false},"author":1,"featured_media":0,"parent":14,"menu_order":2,"comment_status":"closed","ping_status":"closed","template":"page-templates\/grid-page.php","meta":{"footnotes":""},"class_list":["post-30","page","type-page","status-publish","hentry","without-featured-image"],"_links":{"self":[{"href":"https:\/\/www.unisinos.br\/seedinglab\/wp-json\/wp\/v2\/pages\/30","targetHints":{"allow":["GET"]}}],"collection":[{"href":"https:\/\/www.unisinos.br\/seedinglab\/wp-json\/wp\/v2\/pages"}],"about":[{"href":"https:\/\/www.unisinos.br\/seedinglab\/wp-json\/wp\/v2\/types\/page"}],"author":[{"embeddable":true,"href":"https:\/\/www.unisinos.br\/seedinglab\/wp-json\/wp\/v2\/users\/1"}],"replies":[{"embeddable":true,"href":"https:\/\/www.unisinos.br\/seedinglab\/wp-json\/wp\/v2\/comments?post=30"}],"version-history":[{"count":2,"href":"https:\/\/www.unisinos.br\/seedinglab\/wp-json\/wp\/v2\/pages\/30\/revisions"}],"predecessor-version":[{"id":773,"href":"https:\/\/www.unisinos.br\/seedinglab\/wp-json\/wp\/v2\/pages\/30\/revisions\/773"}],"up":[{"embeddable":true,"href":"https:\/\/www.unisinos.br\/seedinglab\/wp-json\/wp\/v2\/pages\/14"}],"wp:attachment":[{"href":"https:\/\/www.unisinos.br\/seedinglab\/wp-json\/wp\/v2\/media?parent=30"}],"curies":[{"name":"wp","href":"https:\/\/api.w.org\/{rel}","templated":true}]}}