{"id":293,"date":"2017-06-06T09:26:09","date_gmt":"2017-06-06T12:26:09","guid":{"rendered":"https:\/\/www.unisinos.br\/seedinglab\/?page_id=293"},"modified":"2018-04-17T15:38:57","modified_gmt":"2018-04-17T18:38:57","slug":"thinking-making-doing","status":"publish","type":"page","link":"https:\/\/www.unisinos.br\/seedinglab\/iniciativas\/thinking-making-doing\/","title":{"rendered":"Thinking Making Doing"},"content":{"rendered":"<p>O projeto de design de servi\u00e7os para neg\u00f3cios colaborativos <strong>Thinking Making Doing<\/strong>, idealizado pelo SeedingLab, \u00e9 uma parceria com o programa Redes Criativas e Colaborativas do SEBRAE.<\/p>\n<p><iframe loading=\"lazy\" src=\"https:\/\/docs.google.com\/presentation\/d\/1ntFESi9C-XuYIXf-zSnDf7Eyqjzb9fFNKWocAlWXwJk\/embed?start=false&amp;loop=false&amp;delayms=3000\" width=\"960\" height=\"749\" frameborder=\"0\" allowfullscreen=\"allowfullscreen\"><\/iframe><\/p>\n","protected":false},"excerpt":{"rendered":"<p>O projeto de design de servi\u00e7os para neg\u00f3cios colaborativos Thinking Making Doing, idealizado pelo SeedingLab, \u00e9 uma parceria com o programa Redes Criativas e Colaborativas do SEBRAE.<\/p>\n","protected":false},"author":1,"featured_media":395,"parent":7,"menu_order":1,"comment_status":"closed","ping_status":"closed","template":"","meta":{"footnotes":""},"class_list":["post-293","page","type-page","status-publish","has-post-thumbnail","hentry","with-featured-image"],"_links":{"self":[{"href":"https:\/\/www.unisinos.br\/seedinglab\/wp-json\/wp\/v2\/pages\/293","targetHints":{"allow":["GET"]}}],"collection":[{"href":"https:\/\/www.unisinos.br\/seedinglab\/wp-json\/wp\/v2\/pages"}],"about":[{"href":"https:\/\/www.unisinos.br\/seedinglab\/wp-json\/wp\/v2\/types\/page"}],"author":[{"embeddable":true,"href":"https:\/\/www.unisinos.br\/seedinglab\/wp-json\/wp\/v2\/users\/1"}],"replies":[{"embeddable":true,"href":"https:\/\/www.unisinos.br\/seedinglab\/wp-json\/wp\/v2\/comments?post=293"}],"version-history":[{"count":3,"href":"https:\/\/www.unisinos.br\/seedinglab\/wp-json\/wp\/v2\/pages\/293\/revisions"}],"predecessor-version":[{"id":309,"href":"https:\/\/www.unisinos.br\/seedinglab\/wp-json\/wp\/v2\/pages\/293\/revisions\/309"}],"up":[{"embeddable":true,"href":"https:\/\/www.unisinos.br\/seedinglab\/wp-json\/wp\/v2\/pages\/7"}],"wp:featuredmedia":[{"embeddable":true,"href":"https:\/\/www.unisinos.br\/seedinglab\/wp-json\/wp\/v2\/media\/395"}],"wp:attachment":[{"href":"https:\/\/www.unisinos.br\/seedinglab\/wp-json\/wp\/v2\/media?parent=293"}],"curies":[{"name":"wp","href":"https:\/\/api.w.org\/{rel}","templated":true}]}}