{"id":25,"date":"2016-06-20T15:41:51","date_gmt":"2016-06-20T15:41:51","guid":{"rendered":"https:\/\/seedinglab.wordpress.com\/?page_id=25"},"modified":"2020-12-24T14:41:13","modified_gmt":"2020-12-24T16:41:13","slug":"artigos","status":"publish","type":"page","link":"https:\/\/www.unisinos.br\/seedinglab\/biblioteca\/artigos\/","title":{"rendered":"Artigos"},"content":{"rendered":"<p>SILVA, C. P.; FREIRE, K. M. Janelas polif\u00f4nicas: uma experi\u00eancia projetual por cen\u00e1rios. <strong>V!RUS<\/strong>, S\u00e3o Carlos, n. 21, Semestre 2, dezembro, 2020. [online]. Dispon\u00edvel em: <a href=\"http:\/\/www.nomads.usp.br\/virus\/virus20\/?sec=5&amp;item=112&amp;lang=pt.\" target=\"_blank\">http:\/\/www.nomads.usp.br\/virus\/virus20\/?sec=5&amp;item=112&amp;lang=pt.<\/a><\/p>\n<p>FRANZATO, C. Dise\u00f1o estrat\u00e9gico para la innovaci\u00f3n social y la sostenibilidad <strong>Estudos em Design<\/strong> <strong>(Revista online)<\/strong>, V.28, n. 1, 2020, p. 27-37. Dispon\u00edvel em: <a href=\"https:\/\/estudosemdesign.emnuvens.com.br\/design\/article\/view\/882\/405\">https:\/\/estudosemdesign.emnuvens.com.br\/design\/article\/view\/882\/405<\/a><\/p>\n<p>SANTOS, A. P. S., BENTZ, I. et.al. TA1.4_ Challenges for a Cyclabe City: a strategic design exercise. In: MANZINI, E. CIPOLLA, C. (Org.). <strong>Design for Social Innovation and Cities<\/strong>. 1\u00aa ed. DESIS Network Association, 2019. p. 140-145. Dispon\u00edvel em: <a href=\"http:\/\/www.desisnetwork.org\">www.desisnetwork.org<\/a><\/p>\n<p>MIOLO, C., FREIRE, K. et.al. TA1.1_ Enabling solutions as a stimulus to the formation of a creative community. In: MANZINI, E. CIPOLLA, C. (Org.).\u00a0\u00a0<strong>Design for Social Innovation and Cities<\/strong>. 1\u00aa ed. DESIS Network Association, 2019. p. 32-35. Dispon\u00edvel em:<a href=\"http:\/\/www.desisnetwork.org\"> www.desisnetwork.org<\/a><\/p>\n<p>SILVA, C.P; BENTZ, I; FRANZATO, C.\u00a0Utopias\/distopias e heterotopias em dispositivos de design: reflex\u00e3o metaprojetual sobre Casas Colaborativas. <strong>Estudos em Design (Revista online)<\/strong>, V.27, n. 3, 2019, p. 163-179. Dispon\u00edvel em\u00a0\u00a0<a href=\"https:\/\/estudosemdesign.emnuvens.com.br\/design\/article\/view\/779\/401\">https:\/\/estudosemdesign.emnuvens.com.br\/design\/article\/view\/779\/401<\/a><\/p>\n<p>NAJJAR, R; Perspectivas epistemol\u00f3gicas e design: uma abordagem p\u00f3s-estruturalista. <strong>Estudos em Design (Revista online), <\/strong>V 27, n.1, 2019, p. 149-160. Dispon\u00edvel em\u00a0\u00a0<a href=\"https:\/\/estudosemdesign.emnuvens.com.br\/design\/article\/view\/678\/366\">https:\/\/estudosemdesign.emnuvens.com.br\/design\/article\/view\/678\/366<\/a><\/p>\n<p>RABADAN, A. ;\u00a0BENTZ, I. M. G<b>.<\/b>\u00a0. A performance enquanto fluxo de comunica\u00e7\u00e3o na moda. In: Vanessa Cristina de Abreu;Torres Hernecher. (Org.). <strong>comunica\u00e7\u00e3o, M\u00eddias e Educa\u00e7\u00e3o<\/strong>. 1ed.Ponta Grossa: Editora Atena, 2019, v. 1, p. 254-265. Dispon\u00edvel em\u00a0<a href=\"https:\/\/www.atenaeditora.com.br\/arquivos\/ebooks\/comunicacao-midias-e-educacao\">https:\/\/www.atenaeditora.com.br\/arquivos\/ebooks\/comunicacao-midias-e-educacao<\/a><\/p>\n<p>RABADAN, A. ;\u00a0BENTZ, I. M. G.\u00a0. Fashion and Communication. In: Ana Cristina Broega; Manuel Blanco; Guillermo Garcia-Badell. (Org.).<strong> Performative runway in Backstage Liquidity.<\/strong> 1ed.London: Taylor &amp; Francis Group, 2018, v. , p. 03-12.<\/p>\n<p>SCROFERNEKER, C. A. ; FREIRE, KARINE . Contribui\u00e7\u00f5es do design estrat\u00e9gico para a educa\u00e7\u00e3o : um estudo de caso da Escola da Ponte e do Escola Projeto \u00c2ncora. In: <strong>7\u00ba Simposio de Design Sustent\u00e1vel,<\/strong> 2019, Recife. Anais 7\u00ba SDS Recife. S\u00e3o Paulo: Blucher Design Proceedings, 2019. v. 1. p. 78-87. Dispon\u00edvel em\u00a0<a href=\"https:\/\/www.proceedings.blucher.com.br\/article-details\/contribuies-do-design-estratgico-para-a-educao-um-estudo-de-caso-da-escola-da-ponte-e-do-escola-projeto-ncora-33485\">https:\/\/www.proceedings.blucher.com.br\/article-details\/contribuies-do-design-estratgico-para-a-educao-um-estudo-de-caso-da-escola-da-ponte-e-do-escola-projeto-ncora-33485<\/a><\/p>\n<p>SANTOS, D. L. ; FREIRE, KARINE . A Import\u00e2ncia do Ativismo de Design no Processo de Difus\u00e3o da Cultura da Sustentabilidade na Moda. In: <strong>7\u00ba\u00a0Simp\u00f3sio de Design Sustent\u00e1vel,<\/strong> 2019, Recife. Anais 7\u00ba SDS Recife.S\u00e3o Paulo: Blucher Design Proceedings, 2019. v. 1. p. 66-77. Dispon\u00edvel em\u00a0<a href=\"https:\/\/www.proceedings.blucher.com.br\/article-details\/a-importncia-do-ativismo-de-design-no-processo-de-difuso-da-cultura-da-sustentabilidade-na-moda-33484\">https:\/\/www.proceedings.blucher.com.br\/article-details\/a-importncia-do-ativismo-de-design-no-processo-de-difuso-da-cultura-da-sustentabilidade-na-moda-33484<\/a><\/p>\n<p>CAMARGO, CARIANE WEYDMANN ; TROMBINI, INARA\u00cd TRENTINI ; FREIRE, KARINE . Ativismo de design: inova\u00e7\u00e3o social pelo movimento fashion revolution. <strong>e-Revista LOGO<\/strong>, v. 8, p. 55-70, 2019. em:\u00a0<a href=\"http:\/\/incubadora.periodicos.ufsc.br\/index.php\/eRevistaLOGO\/article\/view\/5315\">http:\/\/incubadora.periodicos.ufsc.br\/index.php\/eRevistaLOGO\/article\/view\/5315<\/a><\/p>\n<p><strong>2018<\/strong><\/p>\n<p>CAMARGO, C. W. ; FREIRE, KARINE . Transpar\u00eancia, Colabora\u00e7\u00e3o e Sustentabilidade no setor da moda: efeitos do ativismo de design no \u00e2mbito social e cultural. In: Daniela Auler; Gabriela Sanches. (Org.). <strong>Moda Inclusiva.<\/strong> 1ed. Barueri: Esta\u00e7\u00e3o das Letras e Cores, 2018, v. 1, p. 248-259. Dispon\u00edvel em<a href=\"https:\/\/www.estacaoletras.com.br\/product-page\/moda-inclusiva-2018-1\">\u00a0https:\/\/www.estacaoletras.com.br\/product-page\/moda-inclusiva-2018-1<\/a><\/p>\n<p><strong>2017<\/strong><\/p>\n<p>FREIRE, KARINE DE MELLO. Inova\u00e7\u00e3o social dirigida pelo design. <strong>Ecovis\u00f5es projetuais: pesquisas em design e sustentabilidade no Brasil.<\/strong> 1ed.: Editora Blucher, 2017, v. , p. 111-124. Dispon\u00edvel em: <a href=\"https:\/\/openaccess.blucher.com.br\/article-list\/9788580392661-351\/list#undefined\">https:\/\/openaccess.blucher.com.br\/article-list\/9788580392661-351\/list#undefined<\/a><\/p>\n<p><strong>2016<\/strong><\/p>\n<p>Bentz, Ione; Franzato, Carlo; &#8220;O METAPROJETO NOS N\u00cdVEIS DO DESIGN&#8221;, p. 1416-1428 . In:\u00a0<strong>Anais do 12\u00ba Congresso Brasileiro de Pesquisa e Desenvolvimento em Design [= Blucher Design Proceedings, v. 9, n. 2]<\/strong>. S\u00e3o Paulo: Blucher, 2016. Dispon\u00edvel em<a href=\"https:\/\/www.proceedings.blucher.com.br\/article-details\/o-metaprojeto-nos-nveis-do-design-24356\">\u00a0https:\/\/www.proceedings.blucher.com.br\/article-details\/o-metaprojeto-nos-nveis-do-design-24356<\/a><\/p>\n<p>LITVIN, A. K. ; FRANZATO, C. ; BORBA, G. S. ; FREIRE, K. M. . Os Living Labs como plataforma de metaprojeta\u00e7\u00e3o, sustentabilidade e inova\u00e7\u00e3o social. In: 5\u00ba Simp\u00f3sio Brasileiro de Design Sustent\u00e1vel, 2015, Rio de Janeiro. <strong>Anais\u2026<\/strong> S\u00e3o Paulo: Editora Edgard Bl\u00fccher, 2016, p. 211-220. Dispon\u00edvel em: <a href=\"http:\/\/www.proceedings.blucher.com.br\/article-details\/os-living-labs-como-plataforma-de-metaprojetao-sustentabilidade-e-inovao-social-22505\" target=\"_blank\">http:\/\/www.proceedings.blucher.com.br\/article-details\/os-living-labs-como-plataforma-de-metaprojetao-sustentabilidade-e-inovao-social-22505<\/a><\/p>\n<p>ARAUJO, R. Z. ; FREIRE, K . Sustentabilidade no Consumo Colaborativo: uma reflex\u00e3o sobre a dissemina\u00e7\u00e3o de valores sustent\u00e1veis a partir de trocadores de livros. <strong>Mix Sustent\u00e1vel &#8211; Vers\u00e3o online<\/strong>, v. 2, p. 51-59, 2016. Dispon\u00edvel em: <a href=\"http:\/\/nexos.ufsc.br\/index.php\/mixsustentavel\/article\/view\/1431\" target=\"_blank\">http:\/\/nexos.ufsc.br\/index.php\/mixsustentavel\/article\/view\/1431<\/a><\/p>\n<p>DEL GAUDIO, C.; FRANZATO, C. ; OLIVEIRA, A. J. . Sharing Design Agency with Local Partners in Participatory Design. International Journal of Design, v. 10, 2016, pp. 53-64. Dispon\u00edvel em: <a href=\"http:\/\/www.ijdesign.org\/ojs\/index.php\/IJDesign\/article\/view\/2403\/718\" target=\"_blank\">http:\/\/www.ijdesign.org\/ojs\/index.php\/IJDesign\/article\/view\/2403\/718<\/a><\/p>\n<p><strong>2015<\/strong><\/p>\n<p>DEL GAUDIO, C.; OLIVEIRA, A. J. ; FRANZATO, C. . Design participativo e inova\u00e7\u00e3o social: a influ\u00eancia dos fatores contextuais. Mix Sustent\u00e1vel, v. 1, 2015, pp. 140-141. Dispon\u00edvel em: <a href=\"http:\/\/ojs.sites.ufsc.br\/index.php\/mixsustentavel\/article\/view\/1179\/543\" target=\"_blank\">http:\/\/ojs.sites.ufsc.br\/index.php\/mixsustentavel\/article\/view\/1179\/543<\/a><\/p>\n<p>FRANZATO, C.; ZARAGOZA, N. M.; TORRES, M. O. The design consultancy as a hub for global projects &#8211; a networked design process across emerging countries. <b>Product: Management &amp; Development,<\/b> v. 13, n. 1, 2015, pp. 38-46. Dispon\u00edvel em: <a href=\"http:\/\/pmd.hostcentral.com.br\/viewpub.php?id=215\" target=\"_blank\">http:\/\/pmd.hostcentral.com.br\/viewpub.php?id=215<\/a><\/p>\n<p>OLIVEIRA, C. M. M. ; FREIRE, K. ; FRANZATO, C. . A INOVA\u00c7\u00c3O SOCIAL ORIENTADA PELO DESIGN: PERSPECTIVAS PARA CRIA\u00c7\u00c3O DE UMA PLATAFORMA HABILITANTE. In: 5\u00ba Simp\u00f3sio Brasileiro de Design Sustent\u00e1vel, 2016, Rio de Janeiro. <strong>Anais do 5\u00ba Simp\u00f3sio Brasileiro de Design Sustent\u00e1vel<\/strong>, 2015. p. 434. Dispon\u00edvel em:\u00a0 <a href=\"http:\/\/www.proceedings.blucher.com.br\/article-details\/22525\" target=\"_blank\">http:\/\/www.proceedings.blucher.com.br\/article-details\/22525<\/a><\/p>\n<p>OLIVEIRA, I. C. D. ; FREIRE, K. M. . Cen\u00e1rios Futuros como ferramenta para a Organiza\u00e7\u00e3o da Sociedade Civil. <strong>Mix Sustent\u00e1vel &#8211; Vers\u00e3o online<\/strong>, v. 1, p. 68-76, 2015. Dispon\u00edvel em: <a href=\"http:\/\/www.nexos.ufsc.br\/index.php\/mixsustentavel\/article\/view\/1169\" target=\"_blank\">http:\/\/www.nexos.ufsc.br\/index.php\/mixsustentavel\/article\/view\/1169<\/a><\/p>\n<p>FREIRE, K; OLIVEIRA, C. M. M. . A cria\u00e7\u00e3o de estrat\u00e9gia de comunica\u00e7\u00e3o para preven\u00e7\u00e3o em sa\u00fade atrav\u00e9s do design centrado no ser humano. <strong>Infodesign (SBDI. Online)<\/strong>, v. 12, p. 302-317, 2015. Dispon\u00edvel em: <a href=\"https:\/\/www.infodesign.org.br\/infodesign\/article\/view\/361\" target=\"_blank\">https:\/\/www.infodesign.org.br\/infodesign\/article\/view\/361<\/a><\/p>\n<p><strong>2014, 2013, 2012 e 2011<\/strong><\/p>\n<p>FRANZATO, C. O princ\u00edpio de deslocamento na base do metadesign. In: 11\u00ba P&amp;D, 2014, Gramado. <b>Anais.\u00a0<\/b>S\u00e3o Paulo: Editora Edgard Bl\u00fccher, 2014, p. 1187-1196. Dispon\u00edvel em: <a href=\"http:\/\/www.proceedings.blucher.com.br\/article-details\/o-princpio-de-deslocamento-na-base-do-metadesign-12729\" target=\"_blank\">http:\/\/www.proceedings.blucher.com.br\/article-details\/o-princpio-de-deslocamento-na-base-do-metadesign-12729<\/a><\/p>\n<p>DEL GAUDIO, C.; OLIVEIRA, A. J. ; FRANZATO, C. . Combinando pesquisa-a\u00e7\u00e3o e design estrat\u00e9gico para promover experi\u00eancias participativas no mundo global. In: X P&amp;D Design &#8211; Congresso Brasileiro de Pesquisa e Desenvolvimento em Design, 2012, S\u00e3o Lu\u00eds. Anais do X Congresso Brasileiro de Pesquisa e Desenvolvimento em Design. S\u00e3o Lu\u00eds: EDUFMA, 2012. pp. 4586-4592. . Dispon\u00edvel em: <a href=\"https:\/\/www.academia.edu\/7609641\/Combinando_pesquisa-a%C3%A7%C3%A3o_e_design_estrat%C3%A9gico_para_promover_experi%C3%AAncias_participativas_no_mundo_global\" target=\"_blank\">https:\/\/www.academia.edu\/7609641\/Combinando_pesquisa-a%C3%A7%C3%A3o_e_design_estrat%C3%A9gico_para_promover_experi%C3%AAncias_participativas_no_mundo_global<\/a><\/p>\n<p>DEL GAUDIO, C.; OLIVEIRA, A. J. ; FRANZATO, C. . Applying Strategic Design in NGOs: the challenge of time divergences. In: <strong>XXII International Conference on Production Research,<\/strong> 2013, Foz do Igua\u00e7u. Challenges for Sustainable Operations. July 28th- August 1st, 2013 in Iguassu Falls, Brazil. Proceedings.. Rio de Janeiro: Associa\u00e7\u00e3o Brasileira de Engenharia de Produ\u00e7\u00e3o (ABEPRO), 2013. pp. 1-6. . Dispon\u00edvel em: <a href=\"https:\/\/www.academia.edu\/7609668\/Applying_Strategic_Design_in_NGOs_the_challenge_of_time_divergences\" target=\"_blank\">https:\/\/www.academia.edu\/7609668\/Applying_Strategic_Design_in_NGOs_the_challenge_of_time_divergences<\/a><\/p>\n<p>FERRETTI, F. S. ; FREIRE, K. Tu me ensina a fazer renda que te ensino a projetar: o papel do designer em processos colaborativos para inova\u00e7\u00e3o. <strong>Strategic Design Research Journal<\/strong>, v. 6, p. 64-71, 2013. Dispon\u00edvel em: <a href=\"http:\/\/revistas.unisinos.br\/index.php\/sdrj\/article\/download\/sdrj.2013.62.03\/4025\" target=\"_blank\">revistas.unisinos.br\/index.php\/sdrj\/article\/download\/sdrj.2013.62.03\/4025<\/a><\/p>\n<p>FRANZATO, C. O design estrat\u00e9gico no di\u00e1logo entre cultura de projeto e cultura de empresa. <b>Strategic Design Research Journal,<\/b> v.3, 2010, pp. 89-96. Dispon\u00edvel em: <a href=\"http:\/\/revistas.unisinos.br\/index.php\/sdrj\/article\/view\/4791\/\" target=\"_blank\">http:\/\/revistas.unisinos.br\/index.php\/sdrj\/article\/view\/4791\/<\/a><\/p>\n<p>FRANZATO, C. O processo de inova\u00e7\u00e3o dirigida pelo design. Um modelo te\u00f3rico. <b>Redige, <\/b>v. 2, n. 1, 2011, pp. 50-62. Dispon\u00edvel em: <a href=\"http:\/\/www2.cetiqt.senai.br\/ead\/redige\/index.php\/redige\/article\/view\/72\" target=\"_blank\">http:\/\/www2.cetiqt.senai.br\/ead\/redige\/index.php\/redige\/article\/view\/72<\/a><\/p>\n<p>FRANZATO, C.; HANAUER, R. et al. Co-Design for New Relations in an Open, Interactive City. In: <b>Northern World Mandate Cumulus Conference.<\/b> Helsinki: Aalto University, 2012b, pp. 1-11. Dispon\u00edvel em: <a href=\"https:\/\/www.academia.edu\/2511895\/Co-Design_for_New_Relations_in_an_Open_Interactive_City\" target=\"_blank\">https:\/\/www.academia.edu\/2511895\/Co-Design_for_New_Relations_in_an_Open_Interactive_City<\/a><\/p>\n<p>FRANZATO, C.; ZARAGOZA, N. M.; TORRES, M. O. Human-centred and collaborative design in the challenge of a connected world. A networked design process across emerging countries. In: Diversity: design\/humanities. <b>Proceedings of the 4th International Forum for Design as a Process<\/b>. Belo Horizonte: EdUEMG, 2014.<\/p>\n<p>FREIRE, K. DESIGN ESTRAT\u00c9GICO: ORIGENS E DESDOBRAMENTOS. In: 11\u00ba Congresso Brasileiro de Pesquisa e Desenvolvimento em Design, 2014, Gramado. <strong>Anais do 11\u00ba Congresso Brasileiro de Pesquisa e Desenvolvimento em Design<\/strong>. S\u00e3o Paulo: Editora Edgard Bl\u00fccher, 2014. p. 2815. Dispon\u00edvel em: <a href=\"http:\/\/www.proceedings.blucher.com.br\/article-details\/12868\" target=\"_blank\">http:\/\/www.proceedings.blucher.com.br\/article-details\/12868<\/a><\/p>\n<p>FREIRE, K; DEL GAUDIO, C ; FRANZATO, C . Strategies by design towards creative ecosystems of social innovation. In: Systems &amp; Design: Beyond Processes and Thinking, 2016. <strong>Libro de Actas &#8211; Systems &amp; Design: Beyond Processes and Thinking<\/strong> (IFDP &#8211; SD2016). Valencia: Universitat Polit\u00e8cnica Val\u00e8ncia, 2016. Dispon\u00edvel em: <a href=\"http:\/\/ocs.editorial.upv.es\/index.php\/IFDP\/IFDP\/paper\/viewFile\/3289\/2121\" target=\"_blank\">http:\/\/ocs.editorial.upv.es\/index.php\/IFDP\/IFDP\/paper\/viewFile\/3289\/2121<\/a><\/p>\n<p>GAUDIO, C. DEL; OLIVEIRA, A. J. ; FRANZATO, C. O TEMPO NO DESIGN PARTICIPATIVO. In: 11\u00ba Congresso Brasileiro de Pesquisa e Desenvolvimento em Design, Gramado. <strong>Anais do 11\u00ba Congresso Brasileiro de Pesquisa e Desenvolvimento em Design<\/strong>. S\u00e3o Paulo: Editora Edgard Bl\u00fccher,\u00a02014, pp. 957-969. Dispon\u00edvel em:\u00a0<a href=\"http:\/\/www.proceedings.blucher.com.br\/article-details\/o-tempo-no-design-participativo-12708\">http:\/\/www.proceedings.blucher.com.br\/article-details\/o-tempo-no-design-participativo-12708<\/a><\/p>\n<p>&nbsp;<\/p>\n<p>&nbsp;<\/p>\n","protected":false},"excerpt":{"rendered":"<p>SILVA, C. P.; FREIRE, K. M. Janelas polif\u00f4nicas: uma experi\u00eancia projetual por cen\u00e1rios. V!RUS, S\u00e3o Carlos, n. 21, Semestre 2, dezembro, 2020. [online]. Dispon\u00edvel em: http:\/\/www.nomads.usp.br\/virus\/virus20\/?sec=5&amp;item=112&amp;lang=pt. FRANZATO, C. Dise\u00f1o estrat\u00e9gico para la innovaci\u00f3n social y la sostenibilidad Estudos em Design (Revista online), V.28, n. 1, 2020, p. 27-37. Dispon\u00edvel em: https:\/\/estudosemdesign.emnuvens.com.br\/design\/article\/view\/882\/405 SANTOS, A. P. S., &hellip; <a href=\"https:\/\/www.unisinos.br\/seedinglab\/biblioteca\/artigos\/\" class=\"more-link\">Continue lendo <span class=\"screen-reader-text\">Artigos<\/span><\/a><\/p>\n","protected":false},"author":1,"featured_media":0,"parent":14,"menu_order":1,"comment_status":"closed","ping_status":"closed","template":"","meta":{"footnotes":""},"class_list":["post-25","page","type-page","status-publish","hentry","without-featured-image"],"_links":{"self":[{"href":"https:\/\/www.unisinos.br\/seedinglab\/wp-json\/wp\/v2\/pages\/25","targetHints":{"allow":["GET"]}}],"collection":[{"href":"https:\/\/www.unisinos.br\/seedinglab\/wp-json\/wp\/v2\/pages"}],"about":[{"href":"https:\/\/www.unisinos.br\/seedinglab\/wp-json\/wp\/v2\/types\/page"}],"author":[{"embeddable":true,"href":"https:\/\/www.unisinos.br\/seedinglab\/wp-json\/wp\/v2\/users\/1"}],"replies":[{"embeddable":true,"href":"https:\/\/www.unisinos.br\/seedinglab\/wp-json\/wp\/v2\/comments?post=25"}],"version-history":[{"count":13,"href":"https:\/\/www.unisinos.br\/seedinglab\/wp-json\/wp\/v2\/pages\/25\/revisions"}],"predecessor-version":[{"id":650,"href":"https:\/\/www.unisinos.br\/seedinglab\/wp-json\/wp\/v2\/pages\/25\/revisions\/650"}],"up":[{"embeddable":true,"href":"https:\/\/www.unisinos.br\/seedinglab\/wp-json\/wp\/v2\/pages\/14"}],"wp:attachment":[{"href":"https:\/\/www.unisinos.br\/seedinglab\/wp-json\/wp\/v2\/media?parent=25"}],"curies":[{"name":"wp","href":"https:\/\/api.w.org\/{rel}","templated":true}]}}