{"id":115,"date":"2016-07-21T18:32:34","date_gmt":"2016-07-21T21:32:34","guid":{"rendered":"https:\/\/seedinglab.wordpress.com\/?page_id=115"},"modified":"2017-06-07T11:26:53","modified_gmt":"2017-06-07T14:26:53","slug":"participacao-nos-encontros-das-casas-colaborativas","status":"publish","type":"page","link":"https:\/\/www.unisinos.br\/seedinglab\/iniciativas\/participacao-nos-encontros-das-casas-colaborativas\/","title":{"rendered":"Participa\u00e7\u00e3o nos Encontros das Casas Colaborativas"},"content":{"rendered":"<p>Os integrantes do SeedingLab t\u00eam participado ativamente dos encontros das Casas Colaborativas de Porto Alegre.<\/p>\n<p>Links sobre as Casas Colaborativas:<\/p>\n<p><a href=\"https:\/\/casascolaborativas.wordpress.com\/\" target=\"_blank\">https:\/\/casascolaborativas.wordpress.com\/<\/a> (blog)<\/p>\n<p><a href=\"https:\/\/www.facebook.com\/groups\/1836617706564195\/\" target=\"_blank\">https:\/\/www.facebook.com\/groups\/1836617706564195\/<\/a> (grupo p\u00fablico)<\/p>\n","protected":false},"excerpt":{"rendered":"<p>Os integrantes do SeedingLab t\u00eam participado ativamente dos encontros das Casas Colaborativas de Porto Alegre. Links sobre as Casas Colaborativas: https:\/\/casascolaborativas.wordpress.com\/ (blog) https:\/\/www.facebook.com\/groups\/1836617706564195\/ (grupo p\u00fablico)<\/p>\n","protected":false},"author":1,"featured_media":135,"parent":7,"menu_order":5,"comment_status":"closed","ping_status":"closed","template":"","meta":{"footnotes":""},"class_list":["post-115","page","type-page","status-publish","has-post-thumbnail","hentry","with-featured-image"],"_links":{"self":[{"href":"https:\/\/www.unisinos.br\/seedinglab\/wp-json\/wp\/v2\/pages\/115","targetHints":{"allow":["GET"]}}],"collection":[{"href":"https:\/\/www.unisinos.br\/seedinglab\/wp-json\/wp\/v2\/pages"}],"about":[{"href":"https:\/\/www.unisinos.br\/seedinglab\/wp-json\/wp\/v2\/types\/page"}],"author":[{"embeddable":true,"href":"https:\/\/www.unisinos.br\/seedinglab\/wp-json\/wp\/v2\/users\/1"}],"replies":[{"embeddable":true,"href":"https:\/\/www.unisinos.br\/seedinglab\/wp-json\/wp\/v2\/comments?post=115"}],"version-history":[{"count":1,"href":"https:\/\/www.unisinos.br\/seedinglab\/wp-json\/wp\/v2\/pages\/115\/revisions"}],"predecessor-version":[{"id":311,"href":"https:\/\/www.unisinos.br\/seedinglab\/wp-json\/wp\/v2\/pages\/115\/revisions\/311"}],"up":[{"embeddable":true,"href":"https:\/\/www.unisinos.br\/seedinglab\/wp-json\/wp\/v2\/pages\/7"}],"wp:featuredmedia":[{"embeddable":true,"href":"https:\/\/www.unisinos.br\/seedinglab\/wp-json\/wp\/v2\/media\/135"}],"wp:attachment":[{"href":"https:\/\/www.unisinos.br\/seedinglab\/wp-json\/wp\/v2\/media?parent=115"}],"curies":[{"name":"wp","href":"https:\/\/api.w.org\/{rel}","templated":true}]}}