{"id":114,"date":"2016-07-21T18:32:01","date_gmt":"2016-07-21T21:32:01","guid":{"rendered":"https:\/\/seedinglab.wordpress.com\/iniciativas\/virada-sustentavel\/"},"modified":"2017-06-07T11:34:04","modified_gmt":"2017-06-07T14:34:04","slug":"virada-sustentavel","status":"publish","type":"page","link":"https:\/\/www.unisinos.br\/seedinglab\/iniciativas\/virada-sustentavel\/","title":{"rendered":"Virada Sustent\u00e1vel POA 2017"},"content":{"rendered":"<p>De 30 de mar\u00e7o a 02 de abril de 2017, a cidade de Porto Alegre receber\u00e1 a 2\u00aa edi\u00e7\u00e3o da Virada Sustent\u00e1vel \u2013 o maior evento de mobiliza\u00e7\u00e3o e educa\u00e7\u00e3o para a sustentabilidade da Am\u00e9rica Latina e um dos maiores do mundo. Parceira e patrocinadora da Virada, a Universidade do Vale do Rio dos Sinos (Unisinos) participar\u00e1 das atividades em v\u00e1rias frentes.<\/p>\n<p>Na quinta-feira, 30 de mar\u00e7o, o Campus Porto Alegre sediar\u00e1 a abertura oficial da Virada com o Semin\u00e1rio Marcas Sustent\u00e1veis, que tem curadoria do diretor da Unidade Acad\u00eamica de Gradua\u00e7\u00e3o da Unisinos, professor Gustavo Borba. A confer\u00eancia abordar\u00e1 a gera\u00e7\u00e3o de impactos positivos por meio da for\u00e7a dos neg\u00f3cios. Tamb\u00e9m debater\u00e1 a cria\u00e7\u00e3o de valor compartilhado para marcas e sociedade a partir de cases reais.<\/p>\n<p>Na sexta-feira, 31 de mar\u00e7o, e no s\u00e1bado, 01 de abril, a Unisinos marcar\u00e1 presen\u00e7a nas atividades que acontecer\u00e3o no Vila Flores. Nesses dias, professores da Universidade participar\u00e3o de debates com representantes de iniciativas destacadas no Pr\u00eamio Boas Ideias, concedido na primeira edi\u00e7\u00e3o da Virada.<\/p>\n<p>Essas conversas ter\u00e3o por objetivo verificar como as ideias evolu\u00edram do ano passado at\u00e9 ent\u00e3o, valorizando os sucessos e, igualmente, os fracassos. Ao mesmo tempo, v\u00e3o inspirar as pessoas a compreenderem os desafios do empreendedorismo, seja em um neg\u00f3cio, seja em um projeto ou at\u00e9 em um movimento.<\/p>\n<p>Ainda na sexta-feira, 31 de mar\u00e7o, na Casa de Cultura Mario Quintana, os professores Carlos Moraes e Alexandro Marques Tozetti representar\u00e3o a Unisinos na curadoria do Semin\u00e1rio A Virada Sustent\u00e1vel na Educa\u00e7\u00e3o. A partir das orienta\u00e7\u00f5es da Declara\u00e7\u00e3o de Incheon Unesco 2015, a confer\u00eancia cooperar\u00e1 para o estabelecimento de uma nova base para a educa\u00e7\u00e3o, fundamentada no conceito de sustentabilidade.<\/p>\n<h3 class=\"title\">Alimenta\u00e7\u00e3o sustent\u00e1vel<\/h3>\n<p>Al\u00e9m de participar dos semin\u00e1rios, a Unisinos far\u00e1 o F\u00f3rum Ecogastron\u00f4mico, no s\u00e1bado, 01 de abril. Das 9h \u00e0s 12h, no Parque da Reden\u00e7\u00e3o, professores da Gradua\u00e7\u00e3o em Gastronomia dar\u00e3o aulas sobre PANCS (Plantas Aliment\u00edcias N\u00e3o-Convencionais), cozinha de feira e cozinha com frutas nativas. Entre as aulas, haver\u00e1 rodas de conversa e uma oficina para p\u00f4r a m\u00e3o na massa.<\/p>\n<p>\u00c0s 16h, ter\u00e1 in\u00edcio o Disco Xepa, uma a\u00e7\u00e3o educativa e de sensibiliza\u00e7\u00e3o contra o desperd\u00edcio. Na ocasi\u00e3o, ser\u00e3o distribu\u00eddas 500 por\u00e7\u00f5es de alimentos preparados a partir de sobras da Central de Abastecimento do Rio Grande do Sul (CEASA\/RS).<\/p>\n<h3 class=\"title\">Encerramento da Virada<\/h3>\n<p>No dia 02 de abril, domingo, a partir das 11h30, no Parque da Reden\u00e7\u00e3o, o projeto M\u00fasica Para Todos oferece ao p\u00fablico de Porto Alegre o concerto do grupo Juntos \u2013 formado por quatro dos mais consagrados m\u00fasicos do RS, Antonio Villeroy, Bebeto Alves, Gelson Oliveira e Nelson Coelho de Castro \u2013 e a Orquestra Unisinos Anchieta, sob a reg\u00eancia do maestro Evandro Matt\u00e9. O espet\u00e1culo gratuito integra a programa\u00e7\u00e3o da Virada Sustent\u00e1vel 2017 (que acontece em Porto Alegre de 30 de mar\u00e7o a 02 de abril) e vai marcar o encerramento do evento.<\/p>\n<p>Confira a programa\u00e7\u00e3o completa no site: <a href=\"http:\/\/www.viradasustentavel.org.br\" target=\"_blank\">www.viradasustentavel.org.br<\/a>.<\/p>\n<p>Fonte: <a href=\"http:\/\/www.unisinos.br\/noticias\/eventos\/unisinos-na-virada-sustentavel\">http:\/\/www.unisinos.br\/noticias\/eventos\/unisinos-na-virada-sustentavel<\/a><\/p>\n","protected":false},"excerpt":{"rendered":"<p>De 30 de mar\u00e7o a 02 de abril de 2017, a cidade de Porto Alegre receber\u00e1 a 2\u00aa edi\u00e7\u00e3o da Virada Sustent\u00e1vel \u2013 o maior evento de mobiliza\u00e7\u00e3o e educa\u00e7\u00e3o para a sustentabilidade da Am\u00e9rica Latina e um dos maiores do mundo. Parceira e patrocinadora da Virada, a Universidade do Vale do Rio dos Sinos &hellip; <a href=\"https:\/\/www.unisinos.br\/seedinglab\/iniciativas\/virada-sustentavel\/\" class=\"more-link\">Continue lendo <span class=\"screen-reader-text\">Virada Sustent\u00e1vel POA 2017<\/span><\/a><\/p>\n","protected":false},"author":1,"featured_media":139,"parent":7,"menu_order":2,"comment_status":"closed","ping_status":"closed","template":"","meta":{"footnotes":""},"class_list":["post-114","page","type-page","status-publish","has-post-thumbnail","hentry","with-featured-image"],"_links":{"self":[{"href":"https:\/\/www.unisinos.br\/seedinglab\/wp-json\/wp\/v2\/pages\/114","targetHints":{"allow":["GET"]}}],"collection":[{"href":"https:\/\/www.unisinos.br\/seedinglab\/wp-json\/wp\/v2\/pages"}],"about":[{"href":"https:\/\/www.unisinos.br\/seedinglab\/wp-json\/wp\/v2\/types\/page"}],"author":[{"embeddable":true,"href":"https:\/\/www.unisinos.br\/seedinglab\/wp-json\/wp\/v2\/users\/1"}],"replies":[{"embeddable":true,"href":"https:\/\/www.unisinos.br\/seedinglab\/wp-json\/wp\/v2\/comments?post=114"}],"version-history":[{"count":3,"href":"https:\/\/www.unisinos.br\/seedinglab\/wp-json\/wp\/v2\/pages\/114\/revisions"}],"predecessor-version":[{"id":317,"href":"https:\/\/www.unisinos.br\/seedinglab\/wp-json\/wp\/v2\/pages\/114\/revisions\/317"}],"up":[{"embeddable":true,"href":"https:\/\/www.unisinos.br\/seedinglab\/wp-json\/wp\/v2\/pages\/7"}],"wp:featuredmedia":[{"embeddable":true,"href":"https:\/\/www.unisinos.br\/seedinglab\/wp-json\/wp\/v2\/media\/139"}],"wp:attachment":[{"href":"https:\/\/www.unisinos.br\/seedinglab\/wp-json\/wp\/v2\/media?parent=114"}],"curies":[{"name":"wp","href":"https:\/\/api.w.org\/{rel}","templated":true}]}}