{"id":112,"date":"2016-07-21T18:31:26","date_gmt":"2016-07-21T21:31:26","guid":{"rendered":"https:\/\/seedinglab.wordpress.com\/iniciativas\/fashion-revolution\/"},"modified":"2017-06-07T11:26:45","modified_gmt":"2017-06-07T14:26:45","slug":"fashion-revolution","status":"publish","type":"page","link":"https:\/\/www.unisinos.br\/seedinglab\/iniciativas\/fashion-revolution\/","title":{"rendered":"Seeds of Fashion Revolution"},"content":{"rendered":"<p>No dia 29 de agosto de 2016, o SeedingLab promoveu o workshop Seeds of Fashion Revolution no campus Porto Alegre da Unisinos. O objetivo da atividade foi desenvolver coletivamente solu\u00e7\u00f5es inovadoras para ampliar os canais de venda dos empreendimentos participantes e espalhar pr\u00e1ticas de consumo consciente, utilizando as casas colaborativas como hubs no territ\u00f3rio porto-alegrense.<\/p>\n","protected":false},"excerpt":{"rendered":"<p>No dia 29 de agosto de 2016, o SeedingLab promoveu o workshop Seeds of Fashion Revolution no campus Porto Alegre da Unisinos. O objetivo da atividade foi desenvolver coletivamente solu\u00e7\u00f5es inovadoras para ampliar os canais de venda dos empreendimentos participantes e espalhar pr\u00e1ticas de consumo consciente, utilizando as casas colaborativas como hubs no territ\u00f3rio porto-alegrense.<\/p>\n","protected":false},"author":1,"featured_media":138,"parent":7,"menu_order":4,"comment_status":"closed","ping_status":"closed","template":"","meta":{"footnotes":""},"class_list":["post-112","page","type-page","status-publish","has-post-thumbnail","hentry","with-featured-image"],"_links":{"self":[{"href":"https:\/\/www.unisinos.br\/seedinglab\/wp-json\/wp\/v2\/pages\/112","targetHints":{"allow":["GET"]}}],"collection":[{"href":"https:\/\/www.unisinos.br\/seedinglab\/wp-json\/wp\/v2\/pages"}],"about":[{"href":"https:\/\/www.unisinos.br\/seedinglab\/wp-json\/wp\/v2\/types\/page"}],"author":[{"embeddable":true,"href":"https:\/\/www.unisinos.br\/seedinglab\/wp-json\/wp\/v2\/users\/1"}],"replies":[{"embeddable":true,"href":"https:\/\/www.unisinos.br\/seedinglab\/wp-json\/wp\/v2\/comments?post=112"}],"version-history":[{"count":1,"href":"https:\/\/www.unisinos.br\/seedinglab\/wp-json\/wp\/v2\/pages\/112\/revisions"}],"predecessor-version":[{"id":310,"href":"https:\/\/www.unisinos.br\/seedinglab\/wp-json\/wp\/v2\/pages\/112\/revisions\/310"}],"up":[{"embeddable":true,"href":"https:\/\/www.unisinos.br\/seedinglab\/wp-json\/wp\/v2\/pages\/7"}],"wp:featuredmedia":[{"embeddable":true,"href":"https:\/\/www.unisinos.br\/seedinglab\/wp-json\/wp\/v2\/media\/138"}],"wp:attachment":[{"href":"https:\/\/www.unisinos.br\/seedinglab\/wp-json\/wp\/v2\/media?parent=112"}],"curies":[{"name":"wp","href":"https:\/\/api.w.org\/{rel}","templated":true}]}}