{"id":111,"date":"2016-07-21T18:31:01","date_gmt":"2016-07-21T21:31:01","guid":{"rendered":"https:\/\/seedinglab.wordpress.com\/iniciativas\/rede-sow\/"},"modified":"2017-06-07T11:27:00","modified_gmt":"2017-06-07T14:27:00","slug":"rede-sow","status":"publish","type":"page","link":"https:\/\/www.unisinos.br\/seedinglab\/iniciativas\/rede-sow\/","title":{"rendered":"Rede SOW"},"content":{"rendered":"<p>A Rede SOW \u00e9 um piloto do &#8220;Projeto Sistema para Gest\u00e3o do Conhecimento Aplicado a Socializa\u00e7\u00e3o e Inclus\u00e3o Digital de Comunidades e Organiza\u00e7\u00f5es via Rede Social Wireless&#8221;.<\/p>\n<p>Redes de projeto: An\u00e1lise de Rede Social em uma Experi\u00eancia de Codesign<br \/>\n<em>M\u00e1rcia Regina Diehl<\/em><\/p>\n<p>A presente pesquisa analisou a evolu\u00e7\u00e3o da rede projetual durante o desenvolvimento de um projeto de codesign envolvendo atores de diferentes organiza\u00e7\u00f5es (interorganizacional), de v\u00e1rias disciplinas de conhecimento (interdisciplinar) e com distintos cargos e tarefas (interfuncional). Utilizou-se do m\u00e9todo de an\u00e1lise de que \u00e9 voltado a entender como se relacionam os atores que constituem uma rede. Os atores que participaram da rede projetual objeto deste estudo s\u00e3o designers, especialistas de outras disciplinas e os futuros usu\u00e1rios de uma plataforma digital para compartilhar conhecimento na comunidade de Taquara\/RS. Foram coletados dados sobre as rela\u00e7\u00f5es sociais entre os participantes e sobre os fluxos de informa\u00e7\u00f5es durante o desenvolvimento do projeto. Dessa forma, foi poss\u00edvel desenhar os mapas de rela\u00e7\u00f5es e calcular os \u00edndices de centralidade dos atores, ou seja, foi poss\u00edvel visualizar quem forneceu e quem recebeu informa\u00e7\u00f5es, quais atores engajaram-se no processo servindo com intermedi\u00e1rios das informa\u00e7\u00f5es, os agrupamentos organizacionais, entre outras informa\u00e7\u00f5es. O resultado do cruzamentos dos dados indicou que: os designers inseriramse na rede tornando-se fonte das informa\u00e7\u00f5es projetuais; o gestor do projeto desempenhou o papel de gestor das rela\u00e7\u00f5es provocando o adensamento das rela\u00e7\u00f5es projetuais; alguns designers e um especialista tornaram-se fontes das informa\u00e7\u00f5es de aprendizado das ferramentas projetuais. Tais resultados podem servir de insumos estrat\u00e9gicos para o trabalho em redes projetuais, auxiliando os designers no entendimento de suas fun\u00e7\u00f5es projetuais quando operando projetos colaborativos interorganizacionais, interfuncionais e interdisciplinares.<\/p>\n<p>Link para download da disserta\u00e7\u00e3o: <a href=\"http:\/\/www.repositorio.jesuita.org.br\/handle\/UNISINOS\/4015\" target=\"_blank\">http:\/\/www.repositorio.jesuita.org.br\/handle\/UNISINOS\/4015<\/a><\/p>\n<p>&nbsp;<\/p>\n","protected":false},"excerpt":{"rendered":"<p>A Rede SOW \u00e9 um piloto do &#8220;Projeto Sistema para Gest\u00e3o do Conhecimento Aplicado a Socializa\u00e7\u00e3o e Inclus\u00e3o Digital de Comunidades e Organiza\u00e7\u00f5es via Rede Social Wireless&#8221;. Redes de projeto: An\u00e1lise de Rede Social em uma Experi\u00eancia de Codesign M\u00e1rcia Regina Diehl A presente pesquisa analisou a evolu\u00e7\u00e3o da rede projetual durante o desenvolvimento de &hellip; <a href=\"https:\/\/www.unisinos.br\/seedinglab\/iniciativas\/rede-sow\/\" class=\"more-link\">Continue lendo <span class=\"screen-reader-text\">Rede SOW<\/span><\/a><\/p>\n","protected":false},"author":1,"featured_media":142,"parent":7,"menu_order":6,"comment_status":"closed","ping_status":"closed","template":"","meta":{"footnotes":""},"class_list":["post-111","page","type-page","status-publish","has-post-thumbnail","hentry","with-featured-image"],"_links":{"self":[{"href":"https:\/\/www.unisinos.br\/seedinglab\/wp-json\/wp\/v2\/pages\/111","targetHints":{"allow":["GET"]}}],"collection":[{"href":"https:\/\/www.unisinos.br\/seedinglab\/wp-json\/wp\/v2\/pages"}],"about":[{"href":"https:\/\/www.unisinos.br\/seedinglab\/wp-json\/wp\/v2\/types\/page"}],"author":[{"embeddable":true,"href":"https:\/\/www.unisinos.br\/seedinglab\/wp-json\/wp\/v2\/users\/1"}],"replies":[{"embeddable":true,"href":"https:\/\/www.unisinos.br\/seedinglab\/wp-json\/wp\/v2\/comments?post=111"}],"version-history":[{"count":1,"href":"https:\/\/www.unisinos.br\/seedinglab\/wp-json\/wp\/v2\/pages\/111\/revisions"}],"predecessor-version":[{"id":312,"href":"https:\/\/www.unisinos.br\/seedinglab\/wp-json\/wp\/v2\/pages\/111\/revisions\/312"}],"up":[{"embeddable":true,"href":"https:\/\/www.unisinos.br\/seedinglab\/wp-json\/wp\/v2\/pages\/7"}],"wp:featuredmedia":[{"embeddable":true,"href":"https:\/\/www.unisinos.br\/seedinglab\/wp-json\/wp\/v2\/media\/142"}],"wp:attachment":[{"href":"https:\/\/www.unisinos.br\/seedinglab\/wp-json\/wp\/v2\/media?parent=111"}],"curies":[{"name":"wp","href":"https:\/\/api.w.org\/{rel}","templated":true}]}}